{"id":734681,"date":"2025-08-27T22:33:02","date_gmt":"2025-08-27T19:33:02","guid":{"rendered":"https:\/\/roveyayinevi.com.tr\/index.php\/urun\/cukur-3\/"},"modified":"2026-04-03T02:49:49","modified_gmt":"2026-04-02T23:49:49","slug":"cukur-3","status":"publish","type":"product","link":"https:\/\/roveyayinevi.com.tr\/index.php\/urun\/cukur-3\/","title":{"rendered":"\u00c7ukur"},"content":{"rendered":"<p>G\u00f6zlerini yummu\u015f olmas\u0131na ra\u011fmen kendini dumanl\u0131 bir \u0131\u015f\u0131k i\u00e7inde hisseden Ogi, her \u015feye ra\u011fmen ya\u015famay\u0131 isteyip istemedi\u011fini d\u00fc\u015f\u00fcnd\u00fc.                                             Kar\u0131s\u0131n\u0131 kaybetti\u011fi trafik kazas\u0131ndan beri Ogi\u2019nin bedeni k\u0131p\u0131rdam\u0131yor ama zihni g\u00fcc\u00fcn\u00fc yava\u015f yava\u015f topluyordu. Ona hayattaki tek yak\u0131n\u0131 olan kay\u0131nvalidesi bak\u0131yordu. Ogi, yatt\u0131\u011f\u0131 yerde eski g\u00fcnleri hat\u0131rlamaya ba\u015flad\u0131. Derken ba\u015fucundaki telefon ortadan kayboldu, giden hastabak\u0131c\u0131n\u0131n yerine yenisi ba\u015flamad\u0131, fizyoterapist hi\u00e7 gelmez oldu, evin bah\u00e7esine bakan penceresini sarma\u015f\u0131klar sard\u0131\u2026 Ogi\u2019nin i\u00e7indeki bo\u015fluk b\u00fcy\u00fcyordu.   \u00c7a\u011fda\u015f Kore edebiyat\u0131n\u0131n \u00f6nde gelen yazarlar\u0131ndan Pyun Hye-young\u2019un 2017\u2019de Shirley Jackson \u00d6d\u00fcl\u00fc\u2019n\u00fc alan roman\u0131 \u00c7ukur, ge\u00e7irdi\u011fi kazadan sonra yata\u011fa ba\u011f\u0131ml\u0131 kalan bir profes\u00f6r\u00fcn ya\u015fad\u0131klar\u0131n\u0131, \u00e7evresindeki isimsiz kad\u0131nlarla ili\u015fkileri arac\u0131l\u0131\u011f\u0131yla anlat\u0131yor. <\/p>\n","protected":false},"excerpt":{"rendered":"<p>G\u00f6zlerini yummu\u015f olmas\u0131na ra\u011fmen kendini dumanl\u0131 bir \u0131\u015f\u0131k i\u00e7inde hisseden Ogi, her \u015feye ra\u011fmen ya\u015famay\u0131 isteyip istemedi\u011fini d\u00fc\u015f\u00fcnd\u00fc. Kar\u0131s\u0131n\u0131 kaybetti\u011fi trafik kazas\u0131ndan beri Ogi\u2019nin bedeni k\u0131p\u0131rdam\u0131yor<span class=\"excerpt-hellip\"> [\u2026]<\/span><\/p>\n","protected":false},"featured_media":0,"template":"","meta":{"_monsterinsights_skip_tracking":false,"_monsterinsights_sitenote_active":false,"_monsterinsights_sitenote_note":"","_monsterinsights_sitenote_category":0},"product_brand":[],"product_cat":[12291,12711],"product_tag":[],"class_list":{"0":"post-734681","1":"product","2":"type-product","3":"status-publish","5":"product_cat-edebiyat","6":"product_cat-roman-oyku","7":"pa_cilt-ciltsiz","8":"pa_tur-kitap","9":"pa_yayinevi-dogan-kitap","10":"pa_yazar-pyun-hye-young","12":"first","13":"instock","14":"sale","15":"shipping-taxable","16":"purchasable","17":"product-type-simple"},"_links":{"self":[{"href":"https:\/\/roveyayinevi.com.tr\/index.php\/wp-json\/wp\/v2\/product\/734681","targetHints":{"allow":["GET"]}}],"collection":[{"href":"https:\/\/roveyayinevi.com.tr\/index.php\/wp-json\/wp\/v2\/product"}],"about":[{"href":"https:\/\/roveyayinevi.com.tr\/index.php\/wp-json\/wp\/v2\/types\/product"}],"wp:attachment":[{"href":"https:\/\/roveyayinevi.com.tr\/index.php\/wp-json\/wp\/v2\/media?parent=734681"}],"wp:term":[{"taxonomy":"product_brand","embeddable":true,"href":"https:\/\/roveyayinevi.com.tr\/index.php\/wp-json\/wp\/v2\/product_brand?post=734681"},{"taxonomy":"product_cat","embeddable":true,"href":"https:\/\/roveyayinevi.com.tr\/index.php\/wp-json\/wp\/v2\/product_cat?post=734681"},{"taxonomy":"product_tag","embeddable":true,"href":"https:\/\/roveyayinevi.com.tr\/index.php\/wp-json\/wp\/v2\/product_tag?post=734681"}],"curies":[{"name":"wp","href":"https:\/\/api.w.org\/{rel}","templated":true}]}}