{"id":734680,"date":"2025-08-27T22:33:01","date_gmt":"2025-08-27T19:33:01","guid":{"rendered":"https:\/\/roveyayinevi.com.tr\/index.php\/urun\/beni-kimse-kizdiramaz-ki\/"},"modified":"2026-04-16T02:42:46","modified_gmt":"2026-04-15T23:42:46","slug":"beni-kimse-kizdiramaz-ki","status":"publish","type":"product","link":"https:\/\/roveyayinevi.com.tr\/index.php\/urun\/beni-kimse-kizdiramaz-ki\/","title":{"rendered":"Beni Kimse K\u0131zd\u0131ramaz Ki!"},"content":{"rendered":"<p>Zorba da de\u011filim kurban da&#8230; \u00c7ocuklar aras\u0131nda s\u00f6zel, fiziksel ve sosyal d\u0131\u015flanma ile s\u0131k kar\u015f\u0131la\u015f\u0131l\u0131r. Bazen de \u00e7ocu\u011fumuzun d\u0131\u015f d\u00fcnyadan, arkada\u015flar\u0131ndan \u00e7\u0131karmak istedi\u011fi hi\u00e7 dinmeyen h\u0131r\u00e7\u0131nl\u0131\u011f\u0131 ile ba\u015f etmeye \u00e7al\u0131\u015f\u0131r\u0131z. Oysa biz, ne \u015fiddete boyun e\u011fmelerini isteriz ne de gelecekte \u00f6fkesini kontrol edemeyen bireylere d\u00f6n\u00fc\u015fmelerini. Asl\u0131nda sorun iki y\u00f6nl\u00fc olsa da \u00e7\u00f6z\u00fcm bellidir: Erken \u00e7ocukluk ya\u015flar\u0131ndan itibaren duygular\u0131n\u0131 kontrol etmeyi \u00f6\u011frenenler, duygusal empatileri de geli\u015fmi\u015f ki\u015filerdir. Bu geli\u015fkinli\u011fi ise ileti\u015fim becerileri sa\u011flar. Dagmar Geisler\u2019in kitab\u0131nda \u00e7ocuklar\u0131n d\u00fcnyas\u0131na dair empatik diyaloglar ve canl\u0131 g\u00f6rseller yer almaktad\u0131r. Ama\u00e7 ileti\u015fim sorunlar\u0131n\u0131n \u00e7\u00f6z\u00fcmlerini g\u00f6stermektir. Alman \u00c7ocuk Edebiyat\u0131\u2019n\u0131n \u00e7a\u011fda\u015f yazarlar\u0131ndan Geisler, didaktizmden uzak, miz\u00e2hi anlat\u0131m\u0131 ve renkli \u00e7izimleri ile yine harika bir kitapla bizlerle. 5+ ya\u015f ve \u00fczeri \u00e7ocuklar i\u00e7in duygusal geli\u015fim kitab\u0131<\/p>\n","protected":false},"excerpt":{"rendered":"<p>Zorba da de\u011filim kurban da&#8230; \u00c7ocuklar aras\u0131nda s\u00f6zel, fiziksel ve sosyal d\u0131\u015flanma ile s\u0131k kar\u015f\u0131la\u015f\u0131l\u0131r. Bazen de \u00e7ocu\u011fumuzun d\u0131\u015f d\u00fcnyadan, arkada\u015flar\u0131ndan \u00e7\u0131karmak istedi\u011fi hi\u00e7 dinmeyen h\u0131r\u00e7\u0131nl\u0131\u011f\u0131<span class=\"excerpt-hellip\"> [\u2026]<\/span><\/p>\n","protected":false},"featured_media":0,"template":"","meta":{"_monsterinsights_skip_tracking":false,"_monsterinsights_sitenote_active":false,"_monsterinsights_sitenote_note":"","_monsterinsights_sitenote_category":0},"product_brand":[],"product_cat":[12275,12274],"product_tag":[],"class_list":{"0":"post-734680","1":"product","2":"type-product","3":"status-publish","5":"product_cat-6-12-yas-kitaplari","6":"product_cat-cocuk-ve-genclik-kitaplari","7":"pa_cilt-ciltsiz","8":"pa_tur-kitap","9":"pa_yayinevi-gergedan-yayinlari","10":"pa_yazar-dagmar-geisler","12":"first","13":"instock","14":"sale","15":"shipping-taxable","16":"purchasable","17":"product-type-simple"},"_links":{"self":[{"href":"https:\/\/roveyayinevi.com.tr\/index.php\/wp-json\/wp\/v2\/product\/734680","targetHints":{"allow":["GET"]}}],"collection":[{"href":"https:\/\/roveyayinevi.com.tr\/index.php\/wp-json\/wp\/v2\/product"}],"about":[{"href":"https:\/\/roveyayinevi.com.tr\/index.php\/wp-json\/wp\/v2\/types\/product"}],"wp:attachment":[{"href":"https:\/\/roveyayinevi.com.tr\/index.php\/wp-json\/wp\/v2\/media?parent=734680"}],"wp:term":[{"taxonomy":"product_brand","embeddable":true,"href":"https:\/\/roveyayinevi.com.tr\/index.php\/wp-json\/wp\/v2\/product_brand?post=734680"},{"taxonomy":"product_cat","embeddable":true,"href":"https:\/\/roveyayinevi.com.tr\/index.php\/wp-json\/wp\/v2\/product_cat?post=734680"},{"taxonomy":"product_tag","embeddable":true,"href":"https:\/\/roveyayinevi.com.tr\/index.php\/wp-json\/wp\/v2\/product_tag?post=734680"}],"curies":[{"name":"wp","href":"https:\/\/api.w.org\/{rel}","templated":true}]}}