{"id":734676,"date":"2025-08-27T22:32:57","date_gmt":"2025-08-27T19:32:57","guid":{"rendered":"https:\/\/roveyayinevi.com.tr\/index.php\/urun\/kendini-gizleyen-insan\/"},"modified":"2026-04-16T02:42:46","modified_gmt":"2026-04-15T23:42:46","slug":"kendini-gizleyen-insan","status":"publish","type":"product","link":"https:\/\/roveyayinevi.com.tr\/index.php\/urun\/kendini-gizleyen-insan\/","title":{"rendered":"Kendini Gizleyen \u0130nsan"},"content":{"rendered":"<p>\u201cBir insan\u0131 anlamak bilin\u00e7d\u0131\u015f\u0131n\u0131 anlamakt\u0131r.\u201d Ruhsal rahats\u0131zl\u0131klar\u0131n bir y\u00f6n\u00fc, bilin\u00e7d\u0131\u015f\u0131nda kayg\u0131n\u0131n denetlenememesi sonucu olu\u015fan kendini cezaland\u0131rmalardan ba\u015fka bir \u015fey de\u011fildir. Ben de merak eden ve ilgilenen herkesin anlayabilece\u011fi bir dille bilinci, bilin\u00e7d\u0131\u015f\u0131n\u0131, bilin\u00e7d\u0131\u015f\u0131 \u00e7at\u0131\u015fmalar\u0131, bilin\u00e7d\u0131\u015f\u0131 cezaland\u0131rmay\u0131 ve bu cezaland\u0131rmalar\u0131n neden oldu\u011fu ruhsal bozukluklar\u0131 anlatmay\u0131 ama\u00e7lad\u0131m. Verdi\u011fim \u00f6rneklerde zaman zaman kendinizi, zaman zaman \u00e7evrenizdekileri, yak\u0131nlar\u0131n\u0131z\u0131 g\u00f6rd\u00fc\u011f\u00fcn\u00fczde ve kitap bitti\u011finde kendinizle \u00e7evrenizdeki herkesi \u00e7ok daha iyi anlad\u0131\u011f\u0131n\u0131zda sak\u0131n \u015fa\u015f\u0131rmay\u0131n\u2026   Prof. Dr. Ahmet Ertan Tezcan     Prof. Dr. Ahmet Ertan Tezcan psikiyatri alan\u0131ndaki tecr\u00fcbe ve birikimlerini aktard\u0131\u011f\u0131 bu e\u015fsiz kitapta, okuyucuyu bilin\u00e7d\u0131\u015f\u0131nda bir yolculu\u011fa \u00e7\u0131kar\u0131yor. Kendini Gizleyen \u0130nsan g\u00fcnl\u00fck hayatta her zaman yapt\u0131\u011f\u0131m\u0131z basit bir hareketin bile bilin\u00e7d\u0131\u015f\u0131m\u0131zda k\u00f6kl\u00fc bir ge\u00e7mi\u015fi oldu\u011funu vaka \u00f6rnekleri ve ger\u00e7e\u011fe dayanan hik\u00e2yelerle anlat\u0131yor. Kendini Gizleyen \u0130nsan anne ve baba adaylar\u0131n\u0131n, evlilik hayali kuranlar\u0131n, ruhsal y\u00f6nden sa\u011fl\u0131kl\u0131 ve mutlu bir ya\u015fam s\u00fcrmek isteyenlerin ba\u015fucu kitab\u0131 olacak nitelikte. <\/p>\n","protected":false},"excerpt":{"rendered":"<p>\u201cBir insan\u0131 anlamak bilin\u00e7d\u0131\u015f\u0131n\u0131 anlamakt\u0131r.\u201d Ruhsal rahats\u0131zl\u0131klar\u0131n bir y\u00f6n\u00fc, bilin\u00e7d\u0131\u015f\u0131nda kayg\u0131n\u0131n denetlenememesi sonucu olu\u015fan kendini cezaland\u0131rmalardan ba\u015fka bir \u015fey de\u011fildir. Ben de merak eden ve ilgilenen<span class=\"excerpt-hellip\"> [\u2026]<\/span><\/p>\n","protected":false},"featured_media":0,"template":"","meta":{"_monsterinsights_skip_tracking":false,"_monsterinsights_sitenote_active":false,"_monsterinsights_sitenote_note":"","_monsterinsights_sitenote_category":0},"product_brand":[],"product_cat":[12755,12357],"product_tag":[],"class_list":{"0":"post-734676","1":"product","2":"type-product","3":"status-publish","5":"product_cat-gelisim-psikolojisi","6":"product_cat-psikoloji","7":"pa_cilt-ciltsiz","8":"pa_tur-kitap","9":"pa_yayinevi-nemesis-kitap","10":"pa_yazar-ahmet-ertan-tezcan","12":"first","13":"instock","14":"sale","15":"shipping-taxable","16":"purchasable","17":"product-type-simple"},"_links":{"self":[{"href":"https:\/\/roveyayinevi.com.tr\/index.php\/wp-json\/wp\/v2\/product\/734676","targetHints":{"allow":["GET"]}}],"collection":[{"href":"https:\/\/roveyayinevi.com.tr\/index.php\/wp-json\/wp\/v2\/product"}],"about":[{"href":"https:\/\/roveyayinevi.com.tr\/index.php\/wp-json\/wp\/v2\/types\/product"}],"wp:attachment":[{"href":"https:\/\/roveyayinevi.com.tr\/index.php\/wp-json\/wp\/v2\/media?parent=734676"}],"wp:term":[{"taxonomy":"product_brand","embeddable":true,"href":"https:\/\/roveyayinevi.com.tr\/index.php\/wp-json\/wp\/v2\/product_brand?post=734676"},{"taxonomy":"product_cat","embeddable":true,"href":"https:\/\/roveyayinevi.com.tr\/index.php\/wp-json\/wp\/v2\/product_cat?post=734676"},{"taxonomy":"product_tag","embeddable":true,"href":"https:\/\/roveyayinevi.com.tr\/index.php\/wp-json\/wp\/v2\/product_tag?post=734676"}],"curies":[{"name":"wp","href":"https:\/\/api.w.org\/{rel}","templated":true}]}}