{"id":734668,"date":"2025-08-27T22:32:50","date_gmt":"2025-08-27T19:32:50","guid":{"rendered":"https:\/\/roveyayinevi.com.tr\/index.php\/urun\/ilkokul-3-sinif-matematik-sayi-kumbaram-3\/"},"modified":"2026-04-16T02:42:45","modified_gmt":"2026-04-15T23:42:45","slug":"ilkokul-3-sinif-matematik-sayi-kumbaram-3","status":"publish","type":"product","link":"https:\/\/roveyayinevi.com.tr\/index.php\/urun\/ilkokul-3-sinif-matematik-sayi-kumbaram-3\/","title":{"rendered":"\u0130lkokul 3.S\u0131n\u0131f Matematik &#8211; Say\u0131 Kumbaram 3"},"content":{"rendered":"<p>\u0130lkokul 3.S\u0131n\u0131f Matematik &#8211; Say\u0131 Kumbaram 3<\/p>\n","protected":false},"excerpt":{"rendered":"<p>\u0130lkokul 3.S\u0131n\u0131f Matematik &#8211; Say\u0131 Kumbaram 3<\/p>\n","protected":false},"featured_media":0,"template":"","meta":{"_monsterinsights_skip_tracking":false,"_monsterinsights_sitenote_active":false,"_monsterinsights_sitenote_note":"","_monsterinsights_sitenote_category":0},"product_brand":[],"product_cat":[42913,12566,42912,42911,13473],"product_tag":[],"class_list":{"0":"post-734668","1":"product","2":"type-product","3":"status-publish","5":"product_cat-3-sinif-matematik","6":"product_cat-egitim","7":"product_cat-ilkogretim-3-sinif","8":"product_cat-ilkogretim-yardimci-kitaplar","9":"product_cat-sinavlara-hazirlik-okula-yardimci-kaynaklar","10":"pa_cilt-ciltsiz","11":"pa_tur-kitap","12":"pa_yayinevi-fark-yayinlari","13":"pa_yazar-veysel-yildiz","15":"first","16":"instock","17":"sale","18":"shipping-taxable","19":"purchasable","20":"product-type-simple"},"_links":{"self":[{"href":"https:\/\/roveyayinevi.com.tr\/index.php\/wp-json\/wp\/v2\/product\/734668","targetHints":{"allow":["GET"]}}],"collection":[{"href":"https:\/\/roveyayinevi.com.tr\/index.php\/wp-json\/wp\/v2\/product"}],"about":[{"href":"https:\/\/roveyayinevi.com.tr\/index.php\/wp-json\/wp\/v2\/types\/product"}],"wp:attachment":[{"href":"https:\/\/roveyayinevi.com.tr\/index.php\/wp-json\/wp\/v2\/media?parent=734668"}],"wp:term":[{"taxonomy":"product_brand","embeddable":true,"href":"https:\/\/roveyayinevi.com.tr\/index.php\/wp-json\/wp\/v2\/product_brand?post=734668"},{"taxonomy":"product_cat","embeddable":true,"href":"https:\/\/roveyayinevi.com.tr\/index.php\/wp-json\/wp\/v2\/product_cat?post=734668"},{"taxonomy":"product_tag","embeddable":true,"href":"https:\/\/roveyayinevi.com.tr\/index.php\/wp-json\/wp\/v2\/product_tag?post=734668"}],"curies":[{"name":"wp","href":"https:\/\/api.w.org\/{rel}","templated":true}]}}