{"id":734665,"date":"2025-08-27T22:32:48","date_gmt":"2025-08-27T19:32:48","guid":{"rendered":"https:\/\/roveyayinevi.com.tr\/index.php\/urun\/ilkokul-sosyal-bilgiler-4\/"},"modified":"2026-04-16T02:42:45","modified_gmt":"2026-04-15T23:42:45","slug":"ilkokul-sosyal-bilgiler-4","status":"publish","type":"product","link":"https:\/\/roveyayinevi.com.tr\/index.php\/urun\/ilkokul-sosyal-bilgiler-4\/","title":{"rendered":"\u0130lkokul Sosyal Bilgiler 4"},"content":{"rendered":"<p>Kazan\u0131mlara G\u00f6re Testler <\/p>\n","protected":false},"excerpt":{"rendered":"<p>Kazan\u0131mlara G\u00f6re Testler<\/p>\n","protected":false},"featured_media":0,"template":"","meta":{"_monsterinsights_skip_tracking":false,"_monsterinsights_sitenote_active":false,"_monsterinsights_sitenote_note":"","_monsterinsights_sitenote_category":0},"product_brand":[],"product_cat":[82973,12566,45576,42911,13473],"product_tag":[],"class_list":{"0":"post-734665","1":"product","2":"type-product","3":"status-publish","5":"product_cat-4-sinif-sosyal-bilgiler","6":"product_cat-egitim","7":"product_cat-ilkogretim-4-sinif","8":"product_cat-ilkogretim-yardimci-kitaplar","9":"product_cat-sinavlara-hazirlik-okula-yardimci-kaynaklar","10":"pa_cilt-ciltsiz","11":"pa_tur-kitap","12":"pa_yayinevi-fark-yayinlari","13":"pa_yazar-veysel-yildiz","15":"first","16":"instock","17":"sale","18":"shipping-taxable","19":"purchasable","20":"product-type-simple"},"_links":{"self":[{"href":"https:\/\/roveyayinevi.com.tr\/index.php\/wp-json\/wp\/v2\/product\/734665","targetHints":{"allow":["GET"]}}],"collection":[{"href":"https:\/\/roveyayinevi.com.tr\/index.php\/wp-json\/wp\/v2\/product"}],"about":[{"href":"https:\/\/roveyayinevi.com.tr\/index.php\/wp-json\/wp\/v2\/types\/product"}],"wp:attachment":[{"href":"https:\/\/roveyayinevi.com.tr\/index.php\/wp-json\/wp\/v2\/media?parent=734665"}],"wp:term":[{"taxonomy":"product_brand","embeddable":true,"href":"https:\/\/roveyayinevi.com.tr\/index.php\/wp-json\/wp\/v2\/product_brand?post=734665"},{"taxonomy":"product_cat","embeddable":true,"href":"https:\/\/roveyayinevi.com.tr\/index.php\/wp-json\/wp\/v2\/product_cat?post=734665"},{"taxonomy":"product_tag","embeddable":true,"href":"https:\/\/roveyayinevi.com.tr\/index.php\/wp-json\/wp\/v2\/product_tag?post=734665"}],"curies":[{"name":"wp","href":"https:\/\/api.w.org\/{rel}","templated":true}]}}