{"id":734659,"date":"2025-08-27T22:32:43","date_gmt":"2025-08-27T19:32:43","guid":{"rendered":"https:\/\/roveyayinevi.com.tr\/index.php\/urun\/azizeler-ve-hirsizlar-sehri\/"},"modified":"2026-04-16T02:42:45","modified_gmt":"2026-04-15T23:42:45","slug":"azizeler-ve-hirsizlar-sehri","status":"publish","type":"product","link":"https:\/\/roveyayinevi.com.tr\/index.php\/urun\/azizeler-ve-hirsizlar-sehri\/","title":{"rendered":"Azizeler ve H\u0131rs\u0131zlar \u015eehri"},"content":{"rendered":"<p>Sangui \u015eehri\u2019nin g\u00f6lgelerinde,Var olmayan bir k\u0131z ya\u015fard\u0131.   Tina ve annesi yeni bir hayat kurma umuduyla Kongo\u2019dan Kenya\u2019ya m\u00fclteci olarak ka\u00e7m\u0131\u015flard\u0131. Fakat annesinin zengin bir adam olan Bay Greyhill\u2019in malik\u00e2nesinde buldu\u011fu i\u015f onu \u00f6nce bir yasak a\u015fka, ard\u0131ndan da \u00f6l\u00fcme s\u00fcr\u00fcklemi\u015fti. Tina ise t\u00fcm bunlar\u0131n arkas\u0131ndaki ki\u015fiyi mahvetmeye yemin etmi\u015fti.   Bu trajik olay\u0131n ard\u0131ndan d\u00f6rt y\u0131l\u0131, planlar\u0131n\u0131 ger\u00e7ekle\u015ftirebilmek i\u00e7in Serseriler adl\u0131 yerel bir \u00e7etenin usta h\u0131rs\u0131z\u0131 olarak ge\u00e7irdi. Fakat Greyhill malik\u00e2nesine d\u00f6nd\u00fc\u011f\u00fcnde kar\u015f\u0131la\u015ft\u0131\u011f\u0131 eski bir arkada\u015f\u0131, onu bunca zaman inand\u0131\u011f\u0131 t\u00fcm ger\u00e7ekleri sorgulamaya itecekti. Annesine ger\u00e7ekten ne oldu\u011funu bulmak i\u00e7in onun izlerini ad\u0131m ad\u0131m takip etmesi ve kendini tehlikenin tam ortas\u0131na atmas\u0131 gerekiyordu. Ge\u00e7mi\u015fe kar\u015f\u0131 verilen bu sava\u015ftan sa\u011f \u00e7\u0131kabilecek miydi?   \u2022 Amazon Ay\u0131n En \u0130yi Kitab\u0131 \u2014 Ocak 2017 \u2022 Barnes &amp; Noble Yeni B\u00fcy\u00fck Yazarlar\u0131 Ke\u015fif \u00d6d\u00fcl\u00fc\u2022 Barnes &amp; Noble 2017\u2019nin En \u00c7ok Beklenen Gen\u00e7 Yeti\u015fkin \u00c7\u0131k\u0131\u015f Kitab\u0131\u2022  Teen Vogue En \u0130yi Gen\u00e7 Yeti\u015fkin Kitab\u0131 \u2014 Ocak 2017 \u2022 Bustle En \u0130yi Gen\u00e7 Yeti\u015fkin Kitab\u0131 \u2014 Ocak 2017\u2022 Chicago Public Library 2017\u2019nin En \u0130yi Gen\u00e7lik Kitab\u0131 \u2022 Seventeen Magazine 2017\u2019nin En \u0130yi Kitab\u0131\u2022  Barnes &amp; Noble 2017\u2019nin En \u0130yi Gen\u00e7 Yeti\u015fkin Kitab\u0131 \u2022 NPR 2017\u2019nin En \u0130yi Kitab\u0131 \u2022 Bank Street 2018\u2019in En \u0130yi Kitab\u0131     \u201cAzizeler ve H\u0131rs\u0131zlar \u015eehri, o kadar heyecanl\u0131 ki nefes almay\u0131 bile unutacaks\u0131n\u0131z.\u201d \u2014New York Times   \u201cTers k\u00f6\u015felerle dolu bu hik\u00e2ye hi\u00e7bir \u015feyin g\u00f6r\u00fcnd\u00fc\u011f\u00fc kadar siyah beyaz olmad\u0131\u011f\u0131n\u0131 kan\u0131tl\u0131yor.\u201d \u2014Kirkus   \u201cHeyecan dolu bir intikam yolculu\u011fu.\u201d \u2014US Weekly   \u201cBu h\u0131z kesmeyen macerada Natalie C. Anderson, Tina\u2019n\u0131n d\u00fcnyas\u0131na hayat verirken yaz\u0131m dilini ustal\u0131kla kullan\u0131yor ve kahraman\u0131n\u0131n ge\u00e7mi\u015fini \u015fok edici bir ger\u00e7e\u011fi ortaya \u00e7\u0131karmak \u00fczere ad\u0131m ad\u0131m takip ediyor.\u201d \u2014Publishers Weekly, starred review   \u201cBir cinayetin muhte\u015fem \u015fekilde dolamba\u00e7l\u0131 bulmacas\u0131.\u201d \u2014Booklist, starred review   \u201cBir tutam a\u015fkla \u00f6r\u00fclm\u00fc\u015f, \u00e7ok sa\u011flam bir \u015fekilde kurgulanm\u0131\u015f, h\u0131z kesmeyen bir uluslararas\u0131 cinayet hik\u00e2yesi.\u201d \u2014School Library Journal, starred review   \u201cH\u0131z kesmeyen bir su\u00e7 dram\u0131n\u0131 bu zorlu b\u00f6lgedeki merak uyand\u0131ran karakterlerle kurgulayan Anderson, s\u00fcregelen insan \u00e7at\u0131\u015fmas\u0131 ve b\u00f6lgenin insanlar\u0131n\u0131n devaml\u0131 \u00e7ekti\u011fi trajik zorluklar konusunda gen\u00e7 okurlar\u0131n ilgisini \u00e7ekmede \u00e7ok iyi bir i\u015f \u00e7\u0131kar\u0131yor.\u201d \u2014BCCB, starred review   \u201cNatelie C. Anderson\u2019\u0131n nefes kesen roman\u0131 derin, karanl\u0131k ve zaman zaman  \u2013konuya ra\u011fmen hayranl\u0131k uyand\u0131racak derecede\u2013 komik de.\u201d \u2014Shelf Awareness, starred review   \u201cKongo\u2019nun ormanlar\u0131ndan siber ortam\u0131n ula\u015f\u0131lmaz k\u00f6\u015felerine kadar bir katilin izini s\u00fcr\u00fcyor ve bunu yaparken de aile ve arkada\u015fl\u0131\u011f\u0131n \u00f6nemine \u0131\u015f\u0131k tutuyor.\u201d \u2014Tara Sullivan   \u201cVah\u015fi ve g\u00fczel bu d\u00fcnyada tek kural hayatta kalmak, var olan tek silah ise bir gen\u00e7 k\u0131z\u0131n cesareti ve sevgisi.\u201d \u2014Francisco X. Stork   \u201cAnderson\u2019\u0131n gerilimi y\u00fcksek hik\u00e2yesi, gizemlerini politik, risklerini y\u00fcksek tercih eden ve siyah beyaz \u00e7\u00f6z\u00fcmlerdense grinin tonlar\u0131nda sonuca vard\u0131\u011f\u0131n\u0131 hisseden okurlar i\u00e7in birebir.\u201d \u2014The Horn Book <\/p>\n","protected":false},"excerpt":{"rendered":"<p>Sangui \u015eehri\u2019nin g\u00f6lgelerinde,Var olmayan bir k\u0131z ya\u015fard\u0131. Tina ve annesi yeni bir hayat kurma umuduyla Kongo\u2019dan Kenya\u2019ya m\u00fclteci olarak ka\u00e7m\u0131\u015flard\u0131. Fakat annesinin zengin bir adam olan<span class=\"excerpt-hellip\"> [\u2026]<\/span><\/p>\n","protected":false},"featured_media":0,"template":"","meta":{"_monsterinsights_skip_tracking":false,"_monsterinsights_sitenote_active":false,"_monsterinsights_sitenote_note":"","_monsterinsights_sitenote_category":0},"product_brand":[],"product_cat":[12291,15445],"product_tag":[],"class_list":{"0":"post-734659","1":"product","2":"type-product","3":"status-publish","5":"product_cat-edebiyat","6":"product_cat-polisiye","7":"pa_cilt-ciltsiz","8":"pa_tur-kitap","9":"pa_yayinevi-yabanci-yayinevi","10":"pa_yazar-natalie-c-anderson","12":"first","13":"instock","14":"sale","15":"shipping-taxable","16":"purchasable","17":"product-type-simple"},"_links":{"self":[{"href":"https:\/\/roveyayinevi.com.tr\/index.php\/wp-json\/wp\/v2\/product\/734659","targetHints":{"allow":["GET"]}}],"collection":[{"href":"https:\/\/roveyayinevi.com.tr\/index.php\/wp-json\/wp\/v2\/product"}],"about":[{"href":"https:\/\/roveyayinevi.com.tr\/index.php\/wp-json\/wp\/v2\/types\/product"}],"wp:attachment":[{"href":"https:\/\/roveyayinevi.com.tr\/index.php\/wp-json\/wp\/v2\/media?parent=734659"}],"wp:term":[{"taxonomy":"product_brand","embeddable":true,"href":"https:\/\/roveyayinevi.com.tr\/index.php\/wp-json\/wp\/v2\/product_brand?post=734659"},{"taxonomy":"product_cat","embeddable":true,"href":"https:\/\/roveyayinevi.com.tr\/index.php\/wp-json\/wp\/v2\/product_cat?post=734659"},{"taxonomy":"product_tag","embeddable":true,"href":"https:\/\/roveyayinevi.com.tr\/index.php\/wp-json\/wp\/v2\/product_tag?post=734659"}],"curies":[{"name":"wp","href":"https:\/\/api.w.org\/{rel}","templated":true}]}}