{"id":734658,"date":"2025-08-27T22:32:42","date_gmt":"2025-08-27T19:32:42","guid":{"rendered":"https:\/\/roveyayinevi.com.tr\/index.php\/urun\/kayanin-kitabi\/"},"modified":"2026-04-16T02:42:45","modified_gmt":"2026-04-15T23:42:45","slug":"kayanin-kitabi","status":"publish","type":"product","link":"https:\/\/roveyayinevi.com.tr\/index.php\/urun\/kayanin-kitabi\/","title":{"rendered":"Kaya&#8217;n\u0131n Kitab\u0131"},"content":{"rendered":"<p>2006\u2019da NASA, Neil Armstrong\u2019u Ke\u015fif El\u00e7isi ilan etti ve ona Ay\u2019dan getirdi\u011fi k\u00fc\u00e7\u00fck bir ta\u015f par\u00e7as\u0131n\u0131 hediye etti. Sunumu s\u0131ras\u0131nda Neil, Kaya\u2019n\u0131n Ay\u2019daki konumundan g\u00f6rm\u00fc\u015f olabilece\u011fi ola\u011fan\u00fcst\u00fc \u015feyleri ve Apollo 11 g\u00f6revindeki maceralar\u0131n\u0131 hik\u00e2yele\u015ftirdi\u011fi bir konu\u015fma yapt\u0131. Grahame Baker Smith de bu hik\u00e2yeyle, elinizde tuttu\u011funuz resimli kitab\u0131 olu\u015fturdu.<\/p>\n","protected":false},"excerpt":{"rendered":"<p>2006\u2019da NASA, Neil Armstrong\u2019u Ke\u015fif El\u00e7isi ilan etti ve ona Ay\u2019dan getirdi\u011fi k\u00fc\u00e7\u00fck bir ta\u015f par\u00e7as\u0131n\u0131 hediye etti. Sunumu s\u0131ras\u0131nda Neil, Kaya\u2019n\u0131n Ay\u2019daki konumundan g\u00f6rm\u00fc\u015f olabilece\u011fi<span class=\"excerpt-hellip\"> [\u2026]<\/span><\/p>\n","protected":false},"featured_media":0,"template":"","meta":{"_monsterinsights_skip_tracking":false,"_monsterinsights_sitenote_active":false,"_monsterinsights_sitenote_note":"","_monsterinsights_sitenote_category":0},"product_brand":[],"product_cat":[13829,12274],"product_tag":[],"class_list":{"0":"post-734658","1":"product","2":"type-product","3":"status-publish","5":"product_cat-bilimsel-kitaplar","6":"product_cat-cocuk-ve-genclik-kitaplari","7":"pa_cilt-ciltsiz","8":"pa_tur-kitap","9":"pa_yayinevi-ithaki-yayinlari","10":"pa_yazar-neil-armstrong","12":"first","13":"instock","14":"sale","15":"shipping-taxable","16":"purchasable","17":"product-type-simple"},"_links":{"self":[{"href":"https:\/\/roveyayinevi.com.tr\/index.php\/wp-json\/wp\/v2\/product\/734658","targetHints":{"allow":["GET"]}}],"collection":[{"href":"https:\/\/roveyayinevi.com.tr\/index.php\/wp-json\/wp\/v2\/product"}],"about":[{"href":"https:\/\/roveyayinevi.com.tr\/index.php\/wp-json\/wp\/v2\/types\/product"}],"wp:attachment":[{"href":"https:\/\/roveyayinevi.com.tr\/index.php\/wp-json\/wp\/v2\/media?parent=734658"}],"wp:term":[{"taxonomy":"product_brand","embeddable":true,"href":"https:\/\/roveyayinevi.com.tr\/index.php\/wp-json\/wp\/v2\/product_brand?post=734658"},{"taxonomy":"product_cat","embeddable":true,"href":"https:\/\/roveyayinevi.com.tr\/index.php\/wp-json\/wp\/v2\/product_cat?post=734658"},{"taxonomy":"product_tag","embeddable":true,"href":"https:\/\/roveyayinevi.com.tr\/index.php\/wp-json\/wp\/v2\/product_tag?post=734658"}],"curies":[{"name":"wp","href":"https:\/\/api.w.org\/{rel}","templated":true}]}}