{"id":734657,"date":"2025-08-27T22:32:41","date_gmt":"2025-08-27T19:32:41","guid":{"rendered":"https:\/\/roveyayinevi.com.tr\/index.php\/urun\/hafiza-guclendirici-eslestirme-oyunu\/"},"modified":"2026-04-16T02:42:45","modified_gmt":"2026-04-15T23:42:45","slug":"hafiza-guclendirici-eslestirme-oyunu","status":"publish","type":"product","link":"https:\/\/roveyayinevi.com.tr\/index.php\/urun\/hafiza-guclendirici-eslestirme-oyunu\/","title":{"rendered":"Haf\u0131za G\u00fc\u00e7lendirici E\u015fle\u015ftirme Oyunu"},"content":{"rendered":"<p>\u0130thaki \u00c7ocuk ekibinden hepinize merhaba! Elinizde tuttu\u011funuz bu kartlar, haf\u0131za g\u00fc\u00e7lendirici bir e\u015fle\u015ftirme oyunu. Kutunun i\u00e7inde kitaplar\u0131m\u0131za ait 30 g\u00f6rsel olan kartlardan iki tane mevcut. Siz istedi\u011finiz adette \u00e7ift kart ile bu oyunu oynayabilir, ya\u015f grubunuza g\u00f6re zorla\u015ft\u0131rabilir ya da kolayla\u015ft\u0131rabilirsiniz. \u00d6rne\u011fin 3 ya\u015f\u0131ndaki bir okurumuz 3 adet \u00e7iftle, yani 6 kartla oynarken 9 ya\u015f\u0131ndaki bir okurumuz 15 \u00e7ift ile, 16 ya\u015f\u0131ndaki ya da yeti\u015fkin okurlar\u0131m\u0131z b\u00fct\u00fcn kartlarla oynayabilir, tamamen size kalm\u0131\u015f! \u0130sterseniz tek ba\u015f\u0131n\u0131za, isterseniz aileniz ya da arkada\u015flar\u0131n\u0131zla birlikte de oynayabilirsiniz. \u0130yi e\u011flenceler! <\/p>\n","protected":false},"excerpt":{"rendered":"<p>\u0130thaki \u00c7ocuk ekibinden hepinize merhaba! Elinizde tuttu\u011funuz bu kartlar, haf\u0131za g\u00fc\u00e7lendirici bir e\u015fle\u015ftirme oyunu. Kutunun i\u00e7inde kitaplar\u0131m\u0131za ait 30 g\u00f6rsel olan kartlardan iki tane mevcut. Siz<span class=\"excerpt-hellip\"> [\u2026]<\/span><\/p>\n","protected":false},"featured_media":0,"template":"","meta":{"_monsterinsights_skip_tracking":false,"_monsterinsights_sitenote_active":false,"_monsterinsights_sitenote_note":"","_monsterinsights_sitenote_category":0},"product_brand":[],"product_cat":[12274,24599],"product_tag":[],"class_list":{"0":"post-734657","1":"product","2":"type-product","3":"status-publish","5":"product_cat-cocuk-ve-genclik-kitaplari","6":"product_cat-zeka-gelisimi","7":"pa_cilt-ciltsiz","8":"pa_tur-oyun","9":"pa_yayinevi-ithaki-yayinlari","10":"pa_yazar-ithaki-yayinlari-kolektif","12":"first","13":"instock","14":"sale","15":"shipping-taxable","16":"purchasable","17":"product-type-simple"},"_links":{"self":[{"href":"https:\/\/roveyayinevi.com.tr\/index.php\/wp-json\/wp\/v2\/product\/734657","targetHints":{"allow":["GET"]}}],"collection":[{"href":"https:\/\/roveyayinevi.com.tr\/index.php\/wp-json\/wp\/v2\/product"}],"about":[{"href":"https:\/\/roveyayinevi.com.tr\/index.php\/wp-json\/wp\/v2\/types\/product"}],"wp:attachment":[{"href":"https:\/\/roveyayinevi.com.tr\/index.php\/wp-json\/wp\/v2\/media?parent=734657"}],"wp:term":[{"taxonomy":"product_brand","embeddable":true,"href":"https:\/\/roveyayinevi.com.tr\/index.php\/wp-json\/wp\/v2\/product_brand?post=734657"},{"taxonomy":"product_cat","embeddable":true,"href":"https:\/\/roveyayinevi.com.tr\/index.php\/wp-json\/wp\/v2\/product_cat?post=734657"},{"taxonomy":"product_tag","embeddable":true,"href":"https:\/\/roveyayinevi.com.tr\/index.php\/wp-json\/wp\/v2\/product_tag?post=734657"}],"curies":[{"name":"wp","href":"https:\/\/api.w.org\/{rel}","templated":true}]}}