{"id":734656,"date":"2025-08-27T22:32:40","date_gmt":"2025-08-27T19:32:40","guid":{"rendered":"https:\/\/roveyayinevi.com.tr\/index.php\/urun\/sagduyulu-yatirim-rehberi\/"},"modified":"2026-04-16T02:42:45","modified_gmt":"2026-04-15T23:42:45","slug":"sagduyulu-yatirim-rehberi","status":"publish","type":"product","link":"https:\/\/roveyayinevi.com.tr\/index.php\/urun\/sagduyulu-yatirim-rehberi\/","title":{"rendered":"Sa\u011fduyulu Yat\u0131r\u0131m Rehberi"},"content":{"rendered":"<p>Ba\u015far\u0131l\u0131 yat\u0131r\u0131m yapmak kolay de\u011fildir; disiplin ve sab\u0131r gerektirir. Ama basittir. \u00c7\u00fcnk\u00fc her \u015fey sa\u011fduyuyla ilgilidir. \u00c7e\u015fitlendirilmi\u015f bir hisse senedi portf\u00f6y\u00fcne sahip olmak ve onu uzun vadede elinde tutmak, kazanan\u0131n oyunudur. Borsay\u0131 yenmeye \u00e7al\u0131\u015fmak teorik olarak s\u0131f\u0131r toplaml\u0131 bir oyundur ve \u00f6nemli yat\u0131r\u0131m maliyetleri d\u00fc\u015f\u00fcld\u00fckten sonraysa kaybedenin oyununa d\u00f6n\u00fc\u015f\u00fcr. Sa\u011fduyu bize en basit ve en verimli yat\u0131r\u0131m stratejisinin finansal arac\u0131l\u0131k maliyetlerini \u00f6nemli \u00f6l\u00e7\u00fcde azalt\u0131rken t\u00fcm pazara sahip olmak oldu\u011funu s\u00f6yl\u00fcyor. Endeks yat\u0131r\u0131m\u0131n\u0131n sizin i\u00e7in nas\u0131l i\u015fe yarayaca\u011f\u0131n\u0131 \u00f6\u011frenmek i\u00e7in Vanguard Group&#8217;un kurucusu ve d\u00fcnyan\u0131n ilk endeks yat\u0131r\u0131m fonunun yarat\u0131c\u0131s\u0131 John C. Bogle\u2019dan daha iyi bir ak\u0131l hocas\u0131 olamaz.   Bogle, finansal hedeflerinize ula\u015fman\u0131za yard\u0131mc\u0131 olurken d\u00fcnyan\u0131n en iyi finansal beyinlerinden, sadece Warren Buffett\u2019tan de\u011fil, Benjamin Graham, Paul Samuelson, Burton Malkiel, Yale&#8217;den David Swensen, AQR\u2019dan Cliff Asness ve di\u011ferlerinden de destek al\u0131yor.   Derin i\u00e7g\u00f6r\u00fc ve pratik tavsiyelerle dolu olan Sa\u011fduyulu Yat\u0131r\u0131m Rehberi, bu kan\u0131tlanm\u0131\u015f yat\u0131r\u0131m stratejisini portf\u00f6y\u00fcn\u00fcze nas\u0131l dahil edece\u011finizi g\u00f6sterirken, ayn\u0131 zamanda yat\u0131r\u0131ma bak\u0131\u015f a\u00e7\u0131n\u0131z\u0131 da de\u011fi\u015ftiriyor:   \u00b7         Bireysel hisse senetleri, y\u00f6netici se\u00e7imi veya sekt\u00f6r rotasyonu riskleri olmadan geni\u015f \u00f6l\u00e7\u00fcde \u00e7e\u015fitlendirilmi\u015f, d\u00fc\u015f\u00fck maliyetli bir portf\u00f6y olu\u015fturun. \u00b7         Ge\u00e7ici hevesleri ve pazarlama heyecan\u0131n\u0131 unutun, yerine ger\u00e7ek d\u00fcnyada neyin i\u015fe yarad\u0131\u011f\u0131na odaklan\u0131n. \u00b7         \u00d6n\u00fcm\u00fczdeki on y\u0131lda hisse senedi getirileri i\u00e7in rasyonel beklentiler olu\u015fturmak i\u00e7in hisse senedi getirilerinin \u00fc\u00e7 kaynaktan (temett\u00fc verimi, kazan\u00e7 art\u0131\u015f\u0131 ve piyasa de\u011ferlemesindeki de\u011fi\u015fiklik) olu\u015fturuldu\u011funu anlay\u0131n. \u00b7         Uzun vadede, i\u015f ger\u00e7ekli\u011finin piyasa beklentilerini a\u015ft\u0131\u011f\u0131n\u0131 kabul edin. \u00b7         Bile\u015fik maliyetlerin zorbal\u0131\u011f\u0131ndan ka\u00e7\u0131n\u0131rken, bile\u015fik getirilerin b\u00fcy\u00fcs\u00fcnden nas\u0131l yararlanaca\u011f\u0131n\u0131z\u0131 \u00f6\u011frenin.     &#8220;Amerikal\u0131 yat\u0131r\u0131mc\u0131lar i\u00e7in en \u00e7ok \u015feyi yapan ki\u015fiyi onurland\u0131rmak i\u00e7in bir heykel dikilirse, elle tutulur se\u00e7im Jack Bogle olmal\u0131d\u0131r. Ony\u0131llard\u0131r Jack, yat\u0131r\u0131mc\u0131lar\u0131 ultra d\u00fc\u015f\u00fck maliyetli endeks fonlar\u0131na yat\u0131r\u0131m yapmaya \u00e7a\u011f\u0131rd\u0131. Ancak bug\u00fcn, milyonlarca yat\u0131r\u0131mc\u0131n\u0131n birikimlerinden, aksi takdirde kazanacaklar\u0131ndan \u00e7ok daha iyi getiri elde etmelerine yard\u0131mc\u0131 oldu\u011funu bilmenin mutlulu\u011funu ya\u015f\u0131yor. Onlar ve benim i\u00e7in bir kahraman. B\u00fcy\u00fck ya da k\u00fc\u00e7\u00fck t\u00fcm yat\u0131r\u0131mc\u0131lar, yat\u0131r\u0131m y\u00f6neticilerinin s\u00f6zlerine kulak asmaktansa, bunun yerine Sa\u011fduyulu Yat\u0131r\u0131m Rehberi\u2019ni okumal\u0131lar.&#8221; \u2013WARREN BUFFETT   &#8220;Matbaa i\u00e7in Gutenberg, otomobil i\u00e7in Henry Ford ve \u0130ngiliz dili i\u00e7in Shakespeare ne ise, Jack Bogle da finans i\u00e7in odur. Sa\u011fduyulu Yat\u0131r\u0131m Rehberi, Bogle\u2019\u0131n s\u00fcre\u00e7te herkes i\u00e7in devrim yaratmak u\u011fruna harcad\u0131\u011f\u0131 yakla\u015f\u0131k yetmi\u015f y\u0131l\u0131n dam\u0131t\u0131lm\u0131\u015f dehas\u0131n\u0131 k\u00fc\u00e7\u00fck bir kitaba s\u0131\u011fd\u0131r\u0131yor.&#8221;\u2013WILLIAM J. BERNSTEIN, Yat\u0131r\u0131m\u0131n D\u00f6rt Temel Ta\u015f\u0131 kitab\u0131n\u0131n \u00e7oksatan yazar\u0131   &#8220;Endeks fonlar\u0131 anlay\u0131\u015f\u0131 ve geli\u015fimi, hem bireyler hem de kurumlar i\u00e7in yat\u0131r\u0131m d\u00fcnyas\u0131n\u0131 de\u011fi\u015ftirdi. Ba\u015far\u0131l\u0131 yat\u0131r\u0131mc\u0131lar, endeks fonlar\u0131n\u0131n gerek\u00e7esini destekleyen ilkeleri benimser ve bir yat\u0131r\u0131m plan\u0131n\u0131n etkili bir \u015fekilde y\u00fcr\u00fct\u00fclmesini engelleyen tuzaklar\u0131 anlar. Sa\u011fduyulu Yat\u0131r\u0131m Rehberi, kazanan bir portf\u00f6y stratejisi uygulamak i\u00e7in gerekli ara\u00e7lar\u0131 sunuyor. Okuyun ve kazan\u0131n.&#8221; \u2013DAVID F. SWENSEN, Yale \u00dcniversitesi Ba\u015fyat\u0131r\u0131m Sorumlusu <\/p>\n","protected":false},"excerpt":{"rendered":"<p>Ba\u015far\u0131l\u0131 yat\u0131r\u0131m yapmak kolay de\u011fildir; disiplin ve sab\u0131r gerektirir. Ama basittir. \u00c7\u00fcnk\u00fc her \u015fey sa\u011fduyuyla ilgilidir. \u00c7e\u015fitlendirilmi\u015f bir hisse senedi portf\u00f6y\u00fcne sahip olmak ve onu uzun<span class=\"excerpt-hellip\"> [\u2026]<\/span><\/p>\n","protected":false},"featured_media":0,"template":"","meta":{"_monsterinsights_skip_tracking":false,"_monsterinsights_sitenote_active":false,"_monsterinsights_sitenote_note":"","_monsterinsights_sitenote_category":0},"product_brand":[],"product_cat":[17249,13043],"product_tag":[],"class_list":{"0":"post-734656","1":"product","2":"type-product","3":"status-publish","5":"product_cat-borsa-finans","6":"product_cat-ekonomi","7":"pa_cilt-ciltsiz","8":"pa_tur-kitap","9":"pa_yayinevi-nova-kitap","10":"pa_yazar-john-c-bogle","12":"first","13":"instock","14":"sale","15":"shipping-taxable","16":"purchasable","17":"product-type-simple"},"_links":{"self":[{"href":"https:\/\/roveyayinevi.com.tr\/index.php\/wp-json\/wp\/v2\/product\/734656","targetHints":{"allow":["GET"]}}],"collection":[{"href":"https:\/\/roveyayinevi.com.tr\/index.php\/wp-json\/wp\/v2\/product"}],"about":[{"href":"https:\/\/roveyayinevi.com.tr\/index.php\/wp-json\/wp\/v2\/types\/product"}],"wp:attachment":[{"href":"https:\/\/roveyayinevi.com.tr\/index.php\/wp-json\/wp\/v2\/media?parent=734656"}],"wp:term":[{"taxonomy":"product_brand","embeddable":true,"href":"https:\/\/roveyayinevi.com.tr\/index.php\/wp-json\/wp\/v2\/product_brand?post=734656"},{"taxonomy":"product_cat","embeddable":true,"href":"https:\/\/roveyayinevi.com.tr\/index.php\/wp-json\/wp\/v2\/product_cat?post=734656"},{"taxonomy":"product_tag","embeddable":true,"href":"https:\/\/roveyayinevi.com.tr\/index.php\/wp-json\/wp\/v2\/product_tag?post=734656"}],"curies":[{"name":"wp","href":"https:\/\/api.w.org\/{rel}","templated":true}]}}