{"id":734650,"date":"2025-08-27T22:32:34","date_gmt":"2025-08-27T19:32:34","guid":{"rendered":"https:\/\/roveyayinevi.com.tr\/index.php\/urun\/coken-istanbul\/"},"modified":"2026-04-16T02:42:45","modified_gmt":"2026-04-15T23:42:45","slug":"coken-istanbul","status":"publish","type":"product","link":"https:\/\/roveyayinevi.com.tr\/index.php\/urun\/coken-istanbul\/","title":{"rendered":"\u00c7\u00f6ken \u0130stanbul"},"content":{"rendered":"<p>\u201c\u0130ri \u00e7\u0131narlar\u0131n, iri servilerin s\u00fcsledi\u011fi sahili g\u00f6steren kay\u0131k\u00e7\u0131, \u2018Buralar\u0131 g\u00f6r\u00fcyor musunuz?\u2019 diyor, \u2018Eskiden burada kahveler, tiyatrolar vard\u0131, Abdi oynard\u0131, Kel Hasan oynard\u0131. Buralar\u0131 t\u0131kl\u0131m t\u0131kl\u0131m dolard\u0131. Yaln\u0131z oras\u0131 de\u011fil, bu derenin \u00fcst\u00fc de kay\u0131ktan g\u00f6r\u00fcnmezdi. Kel Hasan\u2019\u0131n sahneye \u00e7\u0131kaca\u011f\u0131n\u0131 beli\u011f eden davul g\u00fcr\u00fclt\u00fcs\u00fc duyuldu mu yaln\u0131z i\u00e7erdekiler de\u011fil, kay\u0131klardaki insanlar da g\u00fclmeye ba\u015flarlard\u0131.\u2019\u201d   Suat Dervi\u015f bu sefer roman ya da \u00f6yk\u00fcleriyle de\u011fil, hayalden hakikate y\u00f6neli\u015finin milatlar\u0131ndan biri sayd\u0131\u011f\u0131 r\u00f6portajlar\u0131 ile bizlerle. \u00c7\u00f6ken \u0130stanbul\u2019da yer alan, 1935-37 aras\u0131nda yay\u0131nlanan bu r\u00f6portaj dizileri \u0130stanbul\u2019u ve \u0130stanbullular\u0131 merkeze al\u0131yor. Suat Dervi\u015f, birka\u00e7 sene sonra \u0130stanbul\u2019un Bir Gecesi\u2019yle \u00e7izece\u011fi panoraman\u0131n eskizini yap\u0131yor; bizi karanl\u0131k, yoksul ve hasta bir \u015fehrin sokaklar\u0131nda dola\u015ft\u0131r\u0131yor.   P\u0131nar \u00d6\u011f\u00fcn\u00e7\u2019se \u201cKalpli, Beyinli Bir Kay\u0131t Cihaz\u0131\u201d ba\u015fl\u0131kl\u0131 yaz\u0131s\u0131nda, m\u00fcmk\u00fcn olsa, Suat Dervi\u015f\u2019le zaman ge\u00e7irmeyi ve onunla bir r\u00f6portaj yapmay\u0131 arzu etti\u011fini s\u00f6yleyip sormak istediklerini, merak ettiklerini anlat\u0131yor. \u00d6\u011f\u00fcn\u00e7\u2019\u00fcn yaz\u0131s\u0131, Suat Dervi\u015f\u2019i ve miras\u0131n\u0131 anlamak, anlamland\u0131rmak i\u00e7in \u00e7ok \u00f6nemli, duygusal bir k\u0131lavuz metin.   <\/p>\n","protected":false},"excerpt":{"rendered":"<p>\u201c\u0130ri \u00e7\u0131narlar\u0131n, iri servilerin s\u00fcsledi\u011fi sahili g\u00f6steren kay\u0131k\u00e7\u0131, \u2018Buralar\u0131 g\u00f6r\u00fcyor musunuz?\u2019 diyor, \u2018Eskiden burada kahveler, tiyatrolar vard\u0131, Abdi oynard\u0131, Kel Hasan oynard\u0131. Buralar\u0131 t\u0131kl\u0131m t\u0131kl\u0131m dolard\u0131.<span class=\"excerpt-hellip\"> [\u2026]<\/span><\/p>\n","protected":false},"featured_media":0,"template":"","meta":{"_monsterinsights_skip_tracking":false,"_monsterinsights_sitenote_active":false,"_monsterinsights_sitenote_note":"","_monsterinsights_sitenote_category":0},"product_brand":[],"product_cat":[12291,30969],"product_tag":[],"class_list":{"0":"post-734650","1":"product","2":"type-product","3":"status-publish","5":"product_cat-edebiyat","6":"product_cat-soylesi-edebiyat","7":"pa_cilt-ciltsiz","8":"pa_tur-kitap","9":"pa_yayinevi-ithaki-yayinlari","10":"pa_yazar-suat-dervis","12":"first","13":"instock","14":"sale","15":"shipping-taxable","16":"purchasable","17":"product-type-simple"},"_links":{"self":[{"href":"https:\/\/roveyayinevi.com.tr\/index.php\/wp-json\/wp\/v2\/product\/734650","targetHints":{"allow":["GET"]}}],"collection":[{"href":"https:\/\/roveyayinevi.com.tr\/index.php\/wp-json\/wp\/v2\/product"}],"about":[{"href":"https:\/\/roveyayinevi.com.tr\/index.php\/wp-json\/wp\/v2\/types\/product"}],"wp:attachment":[{"href":"https:\/\/roveyayinevi.com.tr\/index.php\/wp-json\/wp\/v2\/media?parent=734650"}],"wp:term":[{"taxonomy":"product_brand","embeddable":true,"href":"https:\/\/roveyayinevi.com.tr\/index.php\/wp-json\/wp\/v2\/product_brand?post=734650"},{"taxonomy":"product_cat","embeddable":true,"href":"https:\/\/roveyayinevi.com.tr\/index.php\/wp-json\/wp\/v2\/product_cat?post=734650"},{"taxonomy":"product_tag","embeddable":true,"href":"https:\/\/roveyayinevi.com.tr\/index.php\/wp-json\/wp\/v2\/product_tag?post=734650"}],"curies":[{"name":"wp","href":"https:\/\/api.w.org\/{rel}","templated":true}]}}