{"id":734648,"date":"2025-08-27T22:32:32","date_gmt":"2025-08-27T19:32:32","guid":{"rendered":"https:\/\/roveyayinevi.com.tr\/index.php\/urun\/kuslar-meclisi-bayan-peregrinein-tuhaf-cocuklari-5\/"},"modified":"2026-04-16T02:42:45","modified_gmt":"2026-04-15T23:42:45","slug":"kuslar-meclisi-bayan-peregrinein-tuhaf-cocuklari-5","status":"publish","type":"product","link":"https:\/\/roveyayinevi.com.tr\/index.php\/urun\/kuslar-meclisi-bayan-peregrinein-tuhaf-cocuklari-5\/","title":{"rendered":"Ku\u015flar Meclisi &#8211; Bayan Peregrine&#8217;in Tuhaf \u00c7ocuklar\u0131 5"},"content":{"rendered":"<p>Ku\u015flar Meclisi\u2019nde, Bayan Peregrine\u2019in vesayeti alt\u0131ndaki tuhaf \u00e7ocuklar, gizemli bir kehanetin pe\u015fine d\u00fc\u015f\u00fcyorlar.   Jacob Portman\u2019\u0131n dedesinin arkada\u015f\u0131 olan H, son nefesinde, Jacob\u2019tan Noor\u2019u kurtarmas\u0131n\u0131 ve onu, sadece V olarak bilinen hayattaki son g\u00f6lge avc\u0131s\u0131na g\u00f6t\u00fcrmesini ister. Ancak Noor\u2019un pe\u015finde ba\u015fkalar\u0131 da vard\u0131r. \u00c7\u00fcnk\u00fc o, d\u00fcnyan\u0131n sonunun gelece\u011fini \u00f6ng\u00f6ren bir kehanette bahsedilen k\u0131zd\u0131r.   Pek az \u015fey ifade eden birka\u00e7 ipucunun pe\u015finde bu kehanetin gizemini \u00e7\u00f6zmeye \u00e7al\u0131\u015fan Jacob ve arkada\u015flar\u0131, bir yandan da V&#8217;nin nerede oldu\u011funu bulmak i\u00e7in canla ba\u015fla \u00e7al\u0131\u015fmaya ba\u015flarlar. Ne var ki V, Amerika\u2019n\u0131n kanunsuz d\u00f6ng\u00fclerinden birinde saklanmaktad\u0131r ve bulunmak gibi bir niyeti yoktur. <\/p>\n","protected":false},"excerpt":{"rendered":"<p>Ku\u015flar Meclisi\u2019nde, Bayan Peregrine\u2019in vesayeti alt\u0131ndaki tuhaf \u00e7ocuklar, gizemli bir kehanetin pe\u015fine d\u00fc\u015f\u00fcyorlar. Jacob Portman\u2019\u0131n dedesinin arkada\u015f\u0131 olan H, son nefesinde, Jacob\u2019tan Noor\u2019u kurtarmas\u0131n\u0131 ve onu,<span class=\"excerpt-hellip\"> [\u2026]<\/span><\/p>\n","protected":false},"featured_media":0,"template":"","meta":{"_monsterinsights_skip_tracking":false,"_monsterinsights_sitenote_active":false,"_monsterinsights_sitenote_note":"","_monsterinsights_sitenote_category":0},"product_brand":[],"product_cat":[12291,14777],"product_tag":[],"class_list":{"0":"post-734648","1":"product","2":"type-product","3":"status-publish","5":"product_cat-edebiyat","6":"product_cat-fantastik","7":"pa_cilt-ciltli","8":"pa_tur-kitap","9":"pa_yayinevi-ithaki-yayinlari","10":"pa_yazar-ransom-riggs","12":"first","13":"instock","14":"sale","15":"shipping-taxable","16":"purchasable","17":"product-type-simple"},"_links":{"self":[{"href":"https:\/\/roveyayinevi.com.tr\/index.php\/wp-json\/wp\/v2\/product\/734648","targetHints":{"allow":["GET"]}}],"collection":[{"href":"https:\/\/roveyayinevi.com.tr\/index.php\/wp-json\/wp\/v2\/product"}],"about":[{"href":"https:\/\/roveyayinevi.com.tr\/index.php\/wp-json\/wp\/v2\/types\/product"}],"wp:attachment":[{"href":"https:\/\/roveyayinevi.com.tr\/index.php\/wp-json\/wp\/v2\/media?parent=734648"}],"wp:term":[{"taxonomy":"product_brand","embeddable":true,"href":"https:\/\/roveyayinevi.com.tr\/index.php\/wp-json\/wp\/v2\/product_brand?post=734648"},{"taxonomy":"product_cat","embeddable":true,"href":"https:\/\/roveyayinevi.com.tr\/index.php\/wp-json\/wp\/v2\/product_cat?post=734648"},{"taxonomy":"product_tag","embeddable":true,"href":"https:\/\/roveyayinevi.com.tr\/index.php\/wp-json\/wp\/v2\/product_tag?post=734648"}],"curies":[{"name":"wp","href":"https:\/\/api.w.org\/{rel}","templated":true}]}}