{"id":734645,"date":"2025-08-27T22:32:29","date_gmt":"2025-08-27T19:32:29","guid":{"rendered":"https:\/\/roveyayinevi.com.tr\/index.php\/urun\/papi-ve-denizyildizi-macerasi\/"},"modified":"2026-04-16T02:42:45","modified_gmt":"2026-04-15T23:42:45","slug":"papi-ve-denizyildizi-macerasi","status":"publish","type":"product","link":"https:\/\/roveyayinevi.com.tr\/index.php\/urun\/papi-ve-denizyildizi-macerasi\/","title":{"rendered":"Papi ve Denizy\u0131ld\u0131z\u0131 Maceras\u0131"},"content":{"rendered":"<p>G\u00fczel bir bahar sabah\u0131 m\u0131\u015f\u0131l m\u0131\u015f\u0131l uyuyan Papi mutfaktan gelen tik tak tiki taki tok, tik tiktikzillllll sesleri ile uyand\u0131. Annesi ve babas\u0131 pikni\u011fe gideceklerini s\u00f6yleyince ko\u015farak k\u0131z karde\u015fi Pa\u00e7i\u2019nin odas\u0131na gitti. Kap\u0131y\u0131 be\u015f kez \u00e7ald\u0131 \u201ctakk\u0131d\u0131 tak tak, tak tak.\u201d Bu melodi Papi ve Pa\u00e7i\u2019nin \u00f6zel kap\u0131 \u00e7al\u0131\u015f sesiydi. Sahilde ilerlerken Papi birden oldu\u011fu yerde donup kald\u0131. Papi\u2019nin g\u00f6zleri kocaman olmu\u015f ve kalbi h\u0131zla atmaya ba\u015flam\u0131\u015ft\u0131. Acaba Papi ne g\u00f6rm\u00fc\u015ft\u00fc? Papi kendisini neden bir s\u00fcper kahraman gibi hissetmi\u015fti? Papi\u2019nin bu reng\u00e2renk ve heyecan dolu maceras\u0131nda birlikte yolculu\u011fa \u00e7\u0131kmaya ne dersin?     Hik\u00e2yede \u00f6zg\u00fcven, cesaret, \u00f6zsayg\u0131, empati kurabilme becerisi, aile birli\u011fi, sevgi, mutluluk, do\u011faya ve di\u011fer canl\u0131lara sayg\u0131, mahremiyet, teknolojinin do\u011fru kullan\u0131m\u0131, arabada g\u00fcvenli yolculuk yapma kurallar\u0131, gibi \u00e7ocuklar\u0131n sa\u011fl\u0131kl\u0131 ki\u015filik geli\u015fiminde katk\u0131 sa\u011flayacak de\u011ferler yer almaktad\u0131r. Hik\u00e2yenin sonunda yer alan fark bulmaca, boyama ve soru etkinlikleri ile \u00e7ocu\u011fun hayal g\u00fcc\u00fcn\u00fc ve yarat\u0131c\u0131 d\u00fc\u015f\u00fcnme becerisini, bili\u015fsel ve motor becerisini geli\u015ftirece\u011fine inand\u0131\u011f\u0131m Karakter ve De\u011ferler E\u011fitimi Uzman\u0131 Seray \u00c7i\u00e7ek Demir taraf\u0131ndan haz\u0131rlanan bu hik\u00e2ye kitab\u0131n\u0131 tavsiye ederim. Psikolog Emre ALPARSLAN <\/p>\n","protected":false},"excerpt":{"rendered":"<p>G\u00fczel bir bahar sabah\u0131 m\u0131\u015f\u0131l m\u0131\u015f\u0131l uyuyan Papi mutfaktan gelen tik tak tiki taki tok, tik tiktikzillllll sesleri ile uyand\u0131. Annesi ve babas\u0131 pikni\u011fe gideceklerini s\u00f6yleyince<span class=\"excerpt-hellip\"> [\u2026]<\/span><\/p>\n","protected":false},"featured_media":0,"template":"","meta":{"_monsterinsights_skip_tracking":false,"_monsterinsights_sitenote_active":false,"_monsterinsights_sitenote_note":"","_monsterinsights_sitenote_category":0},"product_brand":[],"product_cat":[12274,12518],"product_tag":[],"class_list":{"0":"post-734645","1":"product","2":"type-product","3":"status-publish","5":"product_cat-cocuk-ve-genclik-kitaplari","6":"product_cat-okul-oncesi-kitaplar","7":"pa_cilt-ciltsiz","8":"pa_tur-kitap","9":"pa_yayinevi-luna-cocuk-yayinlari","10":"pa_yazar-seray-cicek-demir","12":"first","13":"instock","14":"sale","15":"shipping-taxable","16":"purchasable","17":"product-type-simple"},"_links":{"self":[{"href":"https:\/\/roveyayinevi.com.tr\/index.php\/wp-json\/wp\/v2\/product\/734645","targetHints":{"allow":["GET"]}}],"collection":[{"href":"https:\/\/roveyayinevi.com.tr\/index.php\/wp-json\/wp\/v2\/product"}],"about":[{"href":"https:\/\/roveyayinevi.com.tr\/index.php\/wp-json\/wp\/v2\/types\/product"}],"wp:attachment":[{"href":"https:\/\/roveyayinevi.com.tr\/index.php\/wp-json\/wp\/v2\/media?parent=734645"}],"wp:term":[{"taxonomy":"product_brand","embeddable":true,"href":"https:\/\/roveyayinevi.com.tr\/index.php\/wp-json\/wp\/v2\/product_brand?post=734645"},{"taxonomy":"product_cat","embeddable":true,"href":"https:\/\/roveyayinevi.com.tr\/index.php\/wp-json\/wp\/v2\/product_cat?post=734645"},{"taxonomy":"product_tag","embeddable":true,"href":"https:\/\/roveyayinevi.com.tr\/index.php\/wp-json\/wp\/v2\/product_tag?post=734645"}],"curies":[{"name":"wp","href":"https:\/\/api.w.org\/{rel}","templated":true}]}}