{"id":734643,"date":"2025-08-27T22:32:27","date_gmt":"2025-08-27T19:32:27","guid":{"rendered":"https:\/\/roveyayinevi.com.tr\/index.php\/urun\/picassonun-gozleri\/"},"modified":"2026-04-16T02:42:45","modified_gmt":"2026-04-15T23:42:45","slug":"picassonun-gozleri","status":"publish","type":"product","link":"https:\/\/roveyayinevi.com.tr\/index.php\/urun\/picassonun-gozleri\/","title":{"rendered":"Picasso&#8217;nun G\u00f6zleri"},"content":{"rendered":"<p>Hayata, Picasso&#8217;nun g\u00f6zleriyle bakmak&#8230;Asuman Portakal&#8217;\u0131n imzas\u0131n\u0131 ta\u015f\u0131yan Picasso&#8217;nun G\u00f6zleri, \u00e7ok y\u00f6nl\u00fc sanat\u00e7\u0131 ki\u015fili\u011fi ile ad\u0131n\u0131 sonsuzlu\u011fa yazd\u0131ran \u201cd\u00e2hi\u201d ressam Pablo Picasso&#8217;nun ya\u015fam\u0131ndan ve ba\u015fyap\u0131tlar\u0131ndan izler ta\u015f\u0131yan \u00f6yk\u00fclerden olu\u015fuyor.Picasso&#8217;yu, bir kitap kahraman\u0131 olarak kurguya yerle\u015ftiren ve ona ait \u00f6zg\u00fcn s\u00f6zlerle edeb\u00ee anlat\u0131m\u0131n\u0131 g\u00fc\u00e7lendiren eser; \u00fcnl\u00fc sanat\u00e7\u0131n\u0131n esin kaynaklar\u0131 ve yarat\u0131m s\u00fcreci hakk\u0131nda de\u011ferli payla\u015f\u0131mlarda bulunuyor.\u201cO an anlad\u0131m ki Guernica, hi\u00e7 susmayan bir resimdi.\u201dPicasso&#8217;nun G\u00f6zleri renklerden s\u00f6zc\u00fcklere uzanan bir yolculu\u011fa \u00e7\u0131kar\u0131yor okurlar\u0131n\u0131; sevginin, dostlu\u011fun, bar\u0131\u015f\u0131n y\u00fcceltildi\u011fi resimleri naif \u00f6yk\u00fclerde bulu\u015fturuyor&#8230; Yazar Asuman Portakal, Picasso&#8217;nun de\u011fi\u015fik sanat d\u00f6nemlerine ait tablolar\u0131ndan esinlenerek kaleme ald\u0131\u011f\u0131 \u00f6yk\u00fclerinde, insana dair de\u011ferleri sat\u0131rlara d\u00f6k\u00fcyor. Havada devaml\u0131 takla atan oyunbaz bir g\u00fcvercin, modellik yapmaya \u00e7al\u0131\u015fan gen\u00e7 bir palya\u00e7o, el eme\u011fi bir Afrika maskesi, tuvale yap\u0131\u015f\u0131p kald\u0131\u011f\u0131 i\u00e7in resimle \u00e2deta b\u00fct\u00fcnle\u015fen bir f\u0131r\u00e7an\u0131n k\u0131l\u0131, k\u00fc\u00e7\u00fck bir \u00e7ocu\u011fun sevinci olan tahta bir at \u00f6yk\u00fclerde dile geliyor. Onlar konu\u015ftuk\u00e7a s\u00f6zc\u00fckler renklere b\u00fcr\u00fcn\u00fcyor; sanat\u00e7\u0131n\u0131n resimleri hem g\u00f6zlerde hem de zihinlerde canlan\u0131yor.D\u00fcnya sanat tarihine y\u00f6n veren Pablo Picasso&#8217;yu g\u00fcn\u00fcm\u00fcz \u00e7ocuklar\u0131na tan\u0131tmak amac\u0131yla haz\u0131rlanan bu \u00f6zel \u00e7al\u0131\u015fma, gelmi\u015f ge\u00e7mi\u015f en \u00f6nemli ressamlardan birinin sanat anlay\u0131\u015f\u0131 ve sanatsal ifade bi\u00e7imleri hakk\u0131nda fikir vermekle kalm\u0131yor, anlatt\u0131klar\u0131yla okurlar\u0131n d\u00fcnya g\u00f6r\u00fc\u015f\u00fcn\u00fc renklendiriyor.   Kitab\u0131n son b\u00f6l\u00fcm\u00fcnde yer verilen kronolojik biyografi ise Picasso&#8217;nun ya\u015fam\u0131na ve yap\u0131tlar\u0131na daha yak\u0131ndan bakma f\u0131rsat\u0131 sunuyor, ke\u015fiflerle dolu yeni okumalara kap\u0131 aral\u0131yor.   \u201c\u0130lham da neymi\u015f&#8230; Ben Picasso&#8217;yum!\u201d<\/p>\n","protected":false},"excerpt":{"rendered":"<p>Hayata, Picasso&#8217;nun g\u00f6zleriyle bakmak&#8230;Asuman Portakal&#8217;\u0131n imzas\u0131n\u0131 ta\u015f\u0131yan Picasso&#8217;nun G\u00f6zleri, \u00e7ok y\u00f6nl\u00fc sanat\u00e7\u0131 ki\u015fili\u011fi ile ad\u0131n\u0131 sonsuzlu\u011fa yazd\u0131ran \u201cd\u00e2hi\u201d ressam Pablo Picasso&#8217;nun ya\u015fam\u0131ndan ve ba\u015fyap\u0131tlar\u0131ndan izler ta\u015f\u0131yan<span class=\"excerpt-hellip\"> [\u2026]<\/span><\/p>\n","protected":false},"featured_media":0,"template":"","meta":{"_monsterinsights_skip_tracking":false,"_monsterinsights_sitenote_active":false,"_monsterinsights_sitenote_note":"","_monsterinsights_sitenote_category":0},"product_brand":[],"product_cat":[12275,12274],"product_tag":[],"class_list":{"0":"post-734643","1":"product","2":"type-product","3":"status-publish","5":"product_cat-6-12-yas-kitaplari","6":"product_cat-cocuk-ve-genclik-kitaplari","7":"pa_cilt-ciltsiz","8":"pa_tur-kitap","9":"pa_yayinevi-tudem-yayinlari","10":"pa_yazar-asuman-portakal","12":"first","13":"instock","14":"sale","15":"shipping-taxable","16":"purchasable","17":"product-type-simple"},"_links":{"self":[{"href":"https:\/\/roveyayinevi.com.tr\/index.php\/wp-json\/wp\/v2\/product\/734643","targetHints":{"allow":["GET"]}}],"collection":[{"href":"https:\/\/roveyayinevi.com.tr\/index.php\/wp-json\/wp\/v2\/product"}],"about":[{"href":"https:\/\/roveyayinevi.com.tr\/index.php\/wp-json\/wp\/v2\/types\/product"}],"wp:attachment":[{"href":"https:\/\/roveyayinevi.com.tr\/index.php\/wp-json\/wp\/v2\/media?parent=734643"}],"wp:term":[{"taxonomy":"product_brand","embeddable":true,"href":"https:\/\/roveyayinevi.com.tr\/index.php\/wp-json\/wp\/v2\/product_brand?post=734643"},{"taxonomy":"product_cat","embeddable":true,"href":"https:\/\/roveyayinevi.com.tr\/index.php\/wp-json\/wp\/v2\/product_cat?post=734643"},{"taxonomy":"product_tag","embeddable":true,"href":"https:\/\/roveyayinevi.com.tr\/index.php\/wp-json\/wp\/v2\/product_tag?post=734643"}],"curies":[{"name":"wp","href":"https:\/\/api.w.org\/{rel}","templated":true}]}}