{"id":734642,"date":"2025-08-27T22:32:26","date_gmt":"2025-08-27T19:32:26","guid":{"rendered":"https:\/\/roveyayinevi.com.tr\/index.php\/urun\/charles-bukowski-pis-moruk-diriliyor\/"},"modified":"2026-04-16T02:42:45","modified_gmt":"2026-04-15T23:42:45","slug":"charles-bukowski-pis-moruk-diriliyor","status":"publish","type":"product","link":"https:\/\/roveyayinevi.com.tr\/index.php\/urun\/charles-bukowski-pis-moruk-diriliyor\/","title":{"rendered":"Charles Bukowski &#8211; Pis Moruk Diriliyor"},"content":{"rendered":"<p>\u201cZaman unutturmaz dostlar\u0131m, sadece uyu\u015fturur.\u201d \u2013 Charles Bukowski   Entelekt\u00fcel z\u00fcmre taraf\u0131ndan yazd\u0131klar\u0131 ciddiye al\u0131nmasa da ya\u015fad\u0131\u011f\u0131 d\u00f6nemin en orijinal ve \u00fcretken yazarlar\u0131ndan biriydi Bukowski. Emektar daktilosunun ba\u015f\u0131na oturdu\u011funda engin hayal g\u00fcc\u00fcnden hep faydaland\u0131 ama esas\u0131nda yazd\u0131\u011f\u0131 her c\u00fcmlenin s\u0131rt\u0131 kendi \u00e7ileli ya\u015fam\u0131na yasl\u0131yd\u0131. Gen\u00e7lik y\u0131llar\u0131ndan k\u0131rkl\u0131 ya\u015flar\u0131n\u0131n ba\u015f\u0131na kadar say\u0131s\u0131z i\u015fte \u00e7al\u0131\u015ft\u0131. Tek amac\u0131 biraz daha i\u00e7mek, biraz daha sevi\u015fmek ve s\u0131zana kadar yazmakt\u0131. Hayat\u0131nda dinmeyen bir tutku ve azimle yapt\u0131\u011f\u0131 tek \u015fey daktilosunun ba\u015f\u0131na oturmak ve yazd\u0131klar\u0131n\u0131 yay\u0131nevlerine g\u00f6ndermekti. Nihayetinde \u015f\u00f6hret, para ve kad\u0131nlar elli ya\u015f\u0131nda onu buldu ama o hayat\u0131 anlamak ve anlamland\u0131rmak i\u00e7in yazmaya devam etti. \u00dcn\u00fc, ya\u015fad\u0131\u011f\u0131 k\u0131tay\u0131 a\u015f\u0131p Avrupa\u2019ya, ard\u0131ndan t\u00fcm d\u00fcnyaya ula\u015ft\u0131. Bukowski\u2019nin ya\u015fam terazisinin bir ucunda varl\u0131k, di\u011fer ucundaysa \u00f6l\u00fcm\u00fcne bir yokluk vard\u0131. \u201cPis Moruk\u201d, teraziyi dengede tutmay\u0131 asla beceremedi, buna ra\u011fmen kaleme ald\u0131klar\u0131, okurlar\u0131n\u0131 ilk g\u00fcnk\u00fc gibi etkilemeye devam ediyor.<\/p>\n","protected":false},"excerpt":{"rendered":"<p>\u201cZaman unutturmaz dostlar\u0131m, sadece uyu\u015fturur.\u201d \u2013 Charles Bukowski Entelekt\u00fcel z\u00fcmre taraf\u0131ndan yazd\u0131klar\u0131 ciddiye al\u0131nmasa da ya\u015fad\u0131\u011f\u0131 d\u00f6nemin en orijinal ve \u00fcretken yazarlar\u0131ndan biriydi Bukowski. Emektar daktilosunun<span class=\"excerpt-hellip\"> [\u2026]<\/span><\/p>\n","protected":false},"featured_media":0,"template":"","meta":{"_monsterinsights_skip_tracking":false,"_monsterinsights_sitenote_active":false,"_monsterinsights_sitenote_note":"","_monsterinsights_sitenote_category":0},"product_brand":[],"product_cat":[14009,12291],"product_tag":[],"class_list":{"0":"post-734642","1":"product","2":"type-product","3":"status-publish","5":"product_cat-biyografi-otobiyografi-edebiyat","6":"product_cat-edebiyat","7":"pa_cilt-ciltsiz","8":"pa_tur-kitap","9":"pa_yayinevi-destek-yayinlari","10":"pa_yazar-burak-albayrak","12":"first","13":"instock","14":"sale","15":"shipping-taxable","16":"purchasable","17":"product-type-simple"},"_links":{"self":[{"href":"https:\/\/roveyayinevi.com.tr\/index.php\/wp-json\/wp\/v2\/product\/734642","targetHints":{"allow":["GET"]}}],"collection":[{"href":"https:\/\/roveyayinevi.com.tr\/index.php\/wp-json\/wp\/v2\/product"}],"about":[{"href":"https:\/\/roveyayinevi.com.tr\/index.php\/wp-json\/wp\/v2\/types\/product"}],"wp:attachment":[{"href":"https:\/\/roveyayinevi.com.tr\/index.php\/wp-json\/wp\/v2\/media?parent=734642"}],"wp:term":[{"taxonomy":"product_brand","embeddable":true,"href":"https:\/\/roveyayinevi.com.tr\/index.php\/wp-json\/wp\/v2\/product_brand?post=734642"},{"taxonomy":"product_cat","embeddable":true,"href":"https:\/\/roveyayinevi.com.tr\/index.php\/wp-json\/wp\/v2\/product_cat?post=734642"},{"taxonomy":"product_tag","embeddable":true,"href":"https:\/\/roveyayinevi.com.tr\/index.php\/wp-json\/wp\/v2\/product_tag?post=734642"}],"curies":[{"name":"wp","href":"https:\/\/api.w.org\/{rel}","templated":true}]}}