{"id":734640,"date":"2025-08-27T22:32:25","date_gmt":"2025-08-27T19:32:25","guid":{"rendered":"https:\/\/roveyayinevi.com.tr\/index.php\/urun\/delismenlik-cagi\/"},"modified":"2026-04-16T02:42:45","modified_gmt":"2026-04-15T23:42:45","slug":"delismenlik-cagi","status":"publish","type":"product","link":"https:\/\/roveyayinevi.com.tr\/index.php\/urun\/delismenlik-cagi\/","title":{"rendered":"Deli\u015fmenlik \u00c7a\u011f\u0131"},"content":{"rendered":"<p>\u0130nsan hayat\u0131n\u0131n belirleyici d\u00f6nemlerinden biridir ergenlik, hayatla ba\u015fa \u00e7\u0131kmay\u0131 \u00f6\u011frendi\u011fimiz d\u00f6nemdir bir bak\u0131ma. Bu y\u00fczden de zor bir s\u00fcre\u00e7tir; ya\u015fad\u0131\u011f\u0131m\u0131z fiziksel de\u011fi\u015fime e\u015flik eden ruhsal \u00e7alkant\u0131lar nedeniyle hem yeti\u015fkinlerle hem de kendi i\u00e7imizde \u00e7at\u0131\u015fmalar ya\u015far\u0131z s\u0131k s\u0131k. Peki, insanlar i\u00e7in bu kadar \u00f6nemli bir s\u00fcre\u00e7 olan ergenlik di\u011fer hayvanlarda nas\u0131l ge\u00e7er? Onlar da bizimkilere benzer tecr\u00fcbeler ya\u015far m\u0131?   \u201cV\u00fccudumuz ister deriyle kapl\u0131 olsun ister pullar ya da t\u00fcylerle, ister ko\u015farak hareket ediyor olal\u0131m ister u\u00e7arak, y\u00fczerek veya s\u00fcr\u00fcnerek, eri\u015fkinli\u011fimizi in\u015fa eden ve bi\u00e7imlendiren biyoloji hepimizde ortakt\u0131r,\u201d diyen Barbara Natterson-Horowitz ve Kathryn Bowers, Deli\u015fmenlik \u00c7a\u011f\u0131\u2019nda \u00e7ocuklukla yeti\u015fkinlik aras\u0131ndaki d\u00f6nemin evrenselli\u011fini inceliyor. \u0130nsana \u00f6zg\u00fc oldu\u011funu d\u00fc\u015f\u00fcnd\u00fc\u011f\u00fcm\u00fcz ergenlik \u00e7a\u011f\u0131 deneyimlerinin hemen hepsinin b\u00fct\u00fcn hayvanlarda g\u00f6zlemlendi\u011fini ilgin\u00e7 \u00f6rneklerle a\u00e7\u0131klayan yazarlar, \u201cbu ortak tecr\u00fcbelerden aktar\u0131lan kadim miras\u0131n, yeti\u015fkinli\u011fe ge\u00e7erken hayatta kalmak ve b\u00fcy\u00fcmek i\u00e7in modern bir yol haritas\u0131 olu\u015fturabilece\u011fine\u201d inan\u0131yor.   Ergenlerde s\u0131k g\u00f6zlenen riskli davran\u0131\u015flardan zorbal\u0131k ve kayg\u0131ya, ebeveyn-\u00e7ocuk \u00e7at\u0131\u015fmas\u0131ndan akran bask\u0131s\u0131 ve cinsel r\u0131zaya pek \u00e7ok konuyu evrimsel bak\u0131\u015f a\u00e7\u0131s\u0131yla a\u00e7\u0131klayarak bunlara yepyeni bir g\u00f6zle bakmam\u0131z\u0131 sa\u011flayan bu kitab\u0131, ergenlik \u00e7a\u011f\u0131ndaki insan ve hayvanlar\u0131 daha iyi anlamak isteyen t\u00fcm okurlar\u0131m\u0131za tavsiye ediyoruz. <\/p>\n","protected":false},"excerpt":{"rendered":"<p>\u0130nsan hayat\u0131n\u0131n belirleyici d\u00f6nemlerinden biridir ergenlik, hayatla ba\u015fa \u00e7\u0131kmay\u0131 \u00f6\u011frendi\u011fimiz d\u00f6nemdir bir bak\u0131ma. Bu y\u00fczden de zor bir s\u00fcre\u00e7tir; ya\u015fad\u0131\u011f\u0131m\u0131z fiziksel de\u011fi\u015fime e\u015flik eden ruhsal \u00e7alkant\u0131lar<span class=\"excerpt-hellip\"> [\u2026]<\/span><\/p>\n","protected":false},"featured_media":0,"template":"","meta":{"_monsterinsights_skip_tracking":false,"_monsterinsights_sitenote_active":false,"_monsterinsights_sitenote_note":"","_monsterinsights_sitenote_category":0},"product_brand":[],"product_cat":[13005,37328],"product_tag":[],"class_list":{"0":"post-734640","1":"product","2":"type-product","3":"status-publish","5":"product_cat-bilim-muhendislik","6":"product_cat-diger-bilim-muhendislik","7":"pa_cilt-ciltsiz","8":"pa_tur-kitap","9":"pa_yayinevi-metis-yayinlari","10":"pa_yazar-barbara-natterson-horowitz-kathryn-bowers","12":"first","13":"instock","14":"sale","15":"shipping-taxable","16":"purchasable","17":"product-type-simple"},"_links":{"self":[{"href":"https:\/\/roveyayinevi.com.tr\/index.php\/wp-json\/wp\/v2\/product\/734640","targetHints":{"allow":["GET"]}}],"collection":[{"href":"https:\/\/roveyayinevi.com.tr\/index.php\/wp-json\/wp\/v2\/product"}],"about":[{"href":"https:\/\/roveyayinevi.com.tr\/index.php\/wp-json\/wp\/v2\/types\/product"}],"wp:attachment":[{"href":"https:\/\/roveyayinevi.com.tr\/index.php\/wp-json\/wp\/v2\/media?parent=734640"}],"wp:term":[{"taxonomy":"product_brand","embeddable":true,"href":"https:\/\/roveyayinevi.com.tr\/index.php\/wp-json\/wp\/v2\/product_brand?post=734640"},{"taxonomy":"product_cat","embeddable":true,"href":"https:\/\/roveyayinevi.com.tr\/index.php\/wp-json\/wp\/v2\/product_cat?post=734640"},{"taxonomy":"product_tag","embeddable":true,"href":"https:\/\/roveyayinevi.com.tr\/index.php\/wp-json\/wp\/v2\/product_tag?post=734640"}],"curies":[{"name":"wp","href":"https:\/\/api.w.org\/{rel}","templated":true}]}}