{"id":734639,"date":"2025-08-27T22:32:24","date_gmt":"2025-08-27T19:32:24","guid":{"rendered":"https:\/\/roveyayinevi.com.tr\/index.php\/urun\/kendinle-yuzlesme\/"},"modified":"2026-04-12T02:49:32","modified_gmt":"2026-04-11T23:49:32","slug":"kendinle-yuzlesme","status":"publish","type":"product","link":"https:\/\/roveyayinevi.com.tr\/index.php\/urun\/kendinle-yuzlesme\/","title":{"rendered":"Kendinle Y\u00fczle\u015fme"},"content":{"rendered":"<p>\u201cBir hik\u00e2yesi olmal\u0131 insan\u0131n. Ne olursa olsun o hik\u00e2yeyi ya\u015fatabilmeli. Anla\u015f\u0131lmay\u0131 beklemeden \u00f6nce kendini anlayabilmeli. Hangi y\u00f6ne y\u00fcr\u00fcyece\u011fini, ne zaman duraca\u011f\u0131n\u0131, ne zaman ak\u0131\u015f\u0131na b\u0131rakaca\u011f\u0131n\u0131 bilmeli. Sadeli\u011fi, dinginli\u011fi i\u00e7selle\u015ftirmeli. Eli nas\u0131r tutsa da b\u0131rakamayaca\u011f\u0131 hayalleri, \u00e7\u0131kmaz sokaklara denk gelse de bulaca\u011f\u0131 ba\u015fka y\u00f6nleri, sava\u015facaksa da de\u011fece\u011fine inand\u0131\u011f\u0131 emelleri i\u00e7in sava\u015fmal\u0131. Gerekirse \u201c\u00c7ok yoruldum\u201d diyebilmeli. \u015e\u00f6yle bir arkas\u0131na yaslan\u0131p nefes alabilmeli. Bilmeli. Kendisini neyin mutlu edece\u011fini, neyin kendisine iyi gelece\u011fini yani kendini bilmeli. Her \u015fey \u00fcst \u00fcste geliyor gibi hissetti\u011finde, her \u015fey \u00e7ok \u00e7etrefilli g\u00f6r\u00fcnd\u00fc\u011f\u00fcnde, i\u015fin i\u00e7inden \u00e7\u0131kamad\u0131\u011f\u0131nda, durup bir sakinle\u015febilmeli. Her \u015feyden \u00f6nce insan, kendine yetebilmeli. \u00c7ok s\u0131k\u0131ld\u0131\u011f\u0131, fayda g\u00f6rmedi\u011fi yerden ise \u201cKalk gidiyoruz.\u201d diyebilmeli. Hik\u00e2yesindeki her \u015feyi, yak\u0131ndan iyi ve net g\u00f6rebildi\u011fi gibi uzaktan da ayn\u0131 \u015fekilde g\u00f6rebilmeli. Ve \u00f6yle g\u00fczel yazmal\u0131 ki o hik\u00e2yeyi, gururla; \u201cBu benim hik\u00e2yem!\u201d diyebilmeli.\u201d<\/p>\n","protected":false},"excerpt":{"rendered":"<p>\u201cBir hik\u00e2yesi olmal\u0131 insan\u0131n. Ne olursa olsun o hik\u00e2yeyi ya\u015fatabilmeli. Anla\u015f\u0131lmay\u0131 beklemeden \u00f6nce kendini anlayabilmeli. Hangi y\u00f6ne y\u00fcr\u00fcyece\u011fini, ne zaman duraca\u011f\u0131n\u0131, ne zaman ak\u0131\u015f\u0131na b\u0131rakaca\u011f\u0131n\u0131 bilmeli.<span class=\"excerpt-hellip\"> [\u2026]<\/span><\/p>\n","protected":false},"featured_media":0,"template":"","meta":{"_monsterinsights_skip_tracking":false,"_monsterinsights_sitenote_active":false,"_monsterinsights_sitenote_note":"","_monsterinsights_sitenote_category":0},"product_brand":[],"product_cat":[12364,12376],"product_tag":[],"class_list":{"0":"post-734639","1":"product","2":"type-product","3":"status-publish","5":"product_cat-genel-konular","6":"product_cat-kisisel-gelisim","7":"pa_cilt-ciltsiz","8":"pa_tur-kitap","9":"pa_yayinevi-perseus","10":"pa_yazar-m-betul-uzun","12":"first","13":"instock","14":"sale","15":"shipping-taxable","16":"purchasable","17":"product-type-simple"},"_links":{"self":[{"href":"https:\/\/roveyayinevi.com.tr\/index.php\/wp-json\/wp\/v2\/product\/734639","targetHints":{"allow":["GET"]}}],"collection":[{"href":"https:\/\/roveyayinevi.com.tr\/index.php\/wp-json\/wp\/v2\/product"}],"about":[{"href":"https:\/\/roveyayinevi.com.tr\/index.php\/wp-json\/wp\/v2\/types\/product"}],"wp:attachment":[{"href":"https:\/\/roveyayinevi.com.tr\/index.php\/wp-json\/wp\/v2\/media?parent=734639"}],"wp:term":[{"taxonomy":"product_brand","embeddable":true,"href":"https:\/\/roveyayinevi.com.tr\/index.php\/wp-json\/wp\/v2\/product_brand?post=734639"},{"taxonomy":"product_cat","embeddable":true,"href":"https:\/\/roveyayinevi.com.tr\/index.php\/wp-json\/wp\/v2\/product_cat?post=734639"},{"taxonomy":"product_tag","embeddable":true,"href":"https:\/\/roveyayinevi.com.tr\/index.php\/wp-json\/wp\/v2\/product_tag?post=734639"}],"curies":[{"name":"wp","href":"https:\/\/api.w.org\/{rel}","templated":true}]}}