{"id":734638,"date":"2025-08-27T22:32:23","date_gmt":"2025-08-27T19:32:23","guid":{"rendered":"https:\/\/roveyayinevi.com.tr\/index.php\/urun\/kafa-parlatan-hikayeler\/"},"modified":"2026-04-16T02:42:45","modified_gmt":"2026-04-15T23:42:45","slug":"kafa-parlatan-hikayeler","status":"publish","type":"product","link":"https:\/\/roveyayinevi.com.tr\/index.php\/urun\/kafa-parlatan-hikayeler\/","title":{"rendered":"Kafa Parlatan Hikayeler"},"content":{"rendered":"<p>\u201cBir y\u0131ld\u0131z sisteminden di\u011fer y\u0131ld\u0131z sistemine ge\u00e7erken, onu g\u00f6rd\u00fc\u011f\u00fcnde sapsar\u0131 sa\u00e7lar\u0131yla, bizim gen\u00e7 D\u00fcnya&#8217;n\u0131n Stratosfer&#8217;i titredi birden. Termosfer&#8217;i so\u011fudu aniden.   Daha \u00f6nce hi\u00e7 b\u00f6yle hissetmemi\u015fti. Gecelik a\u015fklar\u0131, duygusuz sevi\u015fmeleri bir anda tamamen anlams\u0131zla\u015ft\u0131. Elips \u015feklini daha \u00f6nce hi\u00e7 kafas\u0131na takmam\u0131\u015ft\u0131. B\u00fct\u00fcn y\u0131ld\u0131zlar onu b\u00f6yle seviyordu. \u00d6zg\u00fcveni hep tavan\u0131ndayd\u0131 evrenin. \u0130lk defa be\u011fenilmeme korkusu ya\u015fad\u0131 onu g\u00f6r\u00fcnce. Bu sapsar\u0131 sa\u00e7lar\u0131yla bir ate\u015f topunu and\u0131ran harika y\u0131ld\u0131z par\u00e7as\u0131 dilini lal etmi\u015fti. Masmavi g\u00f6zleri kama\u015ft\u0131.   \u0130lk defa b\u00f6yle hissediyor, y\u00fczeyindeki k\u00f6kl\u00fc de\u011fi\u015fikliklere anlam veremiyordu. Onsuz bir \u0131\u015f\u0131k saniyesi dahi ge\u00e7iremeyece\u011fini fark etti bir anda. Hemen tan\u0131\u015fmal\u0131yd\u0131 onunla. Biliyordu ki bundan sonra hi\u00e7bir \u015fey eskisi gibi olmayacakt\u0131. Biliyordu ki bundan sonraki b\u00fct\u00fcn hayat\u0131 boyunca bu y\u0131ld\u0131z\u0131n sisteminde kalacakt\u0131. Ad\u0131n\u0131n daha sonra G\u00fcne\u015f oldu\u011funu \u00f6\u011frenece\u011fi bu ihti\u015faml\u0131 y\u0131ld\u0131za utanarak da olsa yakla\u015fmay\u0131 ba\u015fard\u0131 ve Evren&#8217;in en b\u00fcy\u00fck a\u015fk\u0131 b\u00f6yle ba\u015flad\u0131.\u201d<\/p>\n","protected":false},"excerpt":{"rendered":"<p>\u201cBir y\u0131ld\u0131z sisteminden di\u011fer y\u0131ld\u0131z sistemine ge\u00e7erken, onu g\u00f6rd\u00fc\u011f\u00fcnde sapsar\u0131 sa\u00e7lar\u0131yla, bizim gen\u00e7 D\u00fcnya&#8217;n\u0131n Stratosfer&#8217;i titredi birden. Termosfer&#8217;i so\u011fudu aniden. Daha \u00f6nce hi\u00e7 b\u00f6yle hissetmemi\u015fti. Gecelik<span class=\"excerpt-hellip\"> [\u2026]<\/span><\/p>\n","protected":false},"featured_media":0,"template":"","meta":{"_monsterinsights_skip_tracking":false,"_monsterinsights_sitenote_active":false,"_monsterinsights_sitenote_note":"","_monsterinsights_sitenote_category":0},"product_brand":[],"product_cat":[12291,12711],"product_tag":[],"class_list":{"0":"post-734638","1":"product","2":"type-product","3":"status-publish","5":"product_cat-edebiyat","6":"product_cat-roman-oyku","7":"pa_cilt-ciltsiz","8":"pa_tur-kitap","9":"pa_yayinevi-perseus","10":"pa_yazar-mustafa-aydogdu","12":"first","13":"instock","14":"sale","15":"shipping-taxable","16":"purchasable","17":"product-type-simple"},"_links":{"self":[{"href":"https:\/\/roveyayinevi.com.tr\/index.php\/wp-json\/wp\/v2\/product\/734638","targetHints":{"allow":["GET"]}}],"collection":[{"href":"https:\/\/roveyayinevi.com.tr\/index.php\/wp-json\/wp\/v2\/product"}],"about":[{"href":"https:\/\/roveyayinevi.com.tr\/index.php\/wp-json\/wp\/v2\/types\/product"}],"wp:attachment":[{"href":"https:\/\/roveyayinevi.com.tr\/index.php\/wp-json\/wp\/v2\/media?parent=734638"}],"wp:term":[{"taxonomy":"product_brand","embeddable":true,"href":"https:\/\/roveyayinevi.com.tr\/index.php\/wp-json\/wp\/v2\/product_brand?post=734638"},{"taxonomy":"product_cat","embeddable":true,"href":"https:\/\/roveyayinevi.com.tr\/index.php\/wp-json\/wp\/v2\/product_cat?post=734638"},{"taxonomy":"product_tag","embeddable":true,"href":"https:\/\/roveyayinevi.com.tr\/index.php\/wp-json\/wp\/v2\/product_tag?post=734638"}],"curies":[{"name":"wp","href":"https:\/\/api.w.org\/{rel}","templated":true}]}}