{"id":734636,"date":"2025-08-27T22:32:21","date_gmt":"2025-08-27T19:32:21","guid":{"rendered":"https:\/\/roveyayinevi.com.tr\/index.php\/urun\/fuji-yama\/"},"modified":"2026-04-16T02:42:44","modified_gmt":"2026-04-15T23:42:44","slug":"fuji-yama","status":"publish","type":"product","link":"https:\/\/roveyayinevi.com.tr\/index.php\/urun\/fuji-yama\/","title":{"rendered":"Fuji-Yama"},"content":{"rendered":"<p>Cengiz Aytmatov, Kaltay Muhammedcanov ile birlikte kaleme ald\u0131\u011f\u0131 tiyatro oyunu Fuji-Yama\u2019da \u201cinsan olma meselesi\u201dne dair g\u00fc\u00e7l\u00fc ve sars\u0131c\u0131 sorular \u00fczerine d\u00fc\u015f\u00fcnmeye davet ediyor bizi. Adalet, hak, g\u00fcven, sevgi ve dostluk gibi kavramlar\u0131n sorguland\u0131\u011f\u0131 Fuji-Yama ile hem kendileri hem de birbirleriyle y\u00fczle\u015fen bir arkada\u015f grubunun \u201cinsan\u201d olmaya dair i\u00e7sel aray\u0131\u015f\u0131na ortak olurken Sabur\u2019un vaktiyle dile getirdi\u011fi soruyu bir kez de biz soruyoruz kendimize: \u0130nsan, nas\u0131l bir insan olmal\u0131d\u0131r?<\/p>\n","protected":false},"excerpt":{"rendered":"<p>Cengiz Aytmatov, Kaltay Muhammedcanov ile birlikte kaleme ald\u0131\u011f\u0131 tiyatro oyunu Fuji-Yama\u2019da \u201cinsan olma meselesi\u201dne dair g\u00fc\u00e7l\u00fc ve sars\u0131c\u0131 sorular \u00fczerine d\u00fc\u015f\u00fcnmeye davet ediyor bizi. Adalet, hak,<span class=\"excerpt-hellip\"> [\u2026]<\/span><\/p>\n","protected":false},"featured_media":0,"template":"","meta":{"_monsterinsights_skip_tracking":false,"_monsterinsights_sitenote_active":false,"_monsterinsights_sitenote_note":"","_monsterinsights_sitenote_category":0},"product_brand":[],"product_cat":[12291,15566],"product_tag":[],"class_list":{"0":"post-734636","1":"product","2":"type-product","3":"status-publish","5":"product_cat-edebiyat","6":"product_cat-oyun","7":"pa_cilt-ciltsiz","8":"pa_tur-kitap","9":"pa_yayinevi-ketebe-yayinlari","10":"pa_yazar-cengiz-aytmatov-kaltay-muhammedcanov","12":"first","13":"instock","14":"sale","15":"shipping-taxable","16":"purchasable","17":"product-type-simple"},"_links":{"self":[{"href":"https:\/\/roveyayinevi.com.tr\/index.php\/wp-json\/wp\/v2\/product\/734636","targetHints":{"allow":["GET"]}}],"collection":[{"href":"https:\/\/roveyayinevi.com.tr\/index.php\/wp-json\/wp\/v2\/product"}],"about":[{"href":"https:\/\/roveyayinevi.com.tr\/index.php\/wp-json\/wp\/v2\/types\/product"}],"wp:attachment":[{"href":"https:\/\/roveyayinevi.com.tr\/index.php\/wp-json\/wp\/v2\/media?parent=734636"}],"wp:term":[{"taxonomy":"product_brand","embeddable":true,"href":"https:\/\/roveyayinevi.com.tr\/index.php\/wp-json\/wp\/v2\/product_brand?post=734636"},{"taxonomy":"product_cat","embeddable":true,"href":"https:\/\/roveyayinevi.com.tr\/index.php\/wp-json\/wp\/v2\/product_cat?post=734636"},{"taxonomy":"product_tag","embeddable":true,"href":"https:\/\/roveyayinevi.com.tr\/index.php\/wp-json\/wp\/v2\/product_tag?post=734636"}],"curies":[{"name":"wp","href":"https:\/\/api.w.org\/{rel}","templated":true}]}}