{"id":734630,"date":"2025-08-27T22:32:14","date_gmt":"2025-08-27T19:32:14","guid":{"rendered":"https:\/\/roveyayinevi.com.tr\/index.php\/urun\/askgen\/"},"modified":"2026-04-16T02:42:13","modified_gmt":"2026-04-15T23:42:13","slug":"askgen","status":"publish","type":"product","link":"https:\/\/roveyayinevi.com.tr\/index.php\/urun\/askgen\/","title":{"rendered":"A\u015fkgen"},"content":{"rendered":"<p>O an\u2026 Alevlenen minik k\u0131v\u0131lc\u0131m\u2026 Damarlar\u0131nda akan kandan beyninin en \u00fccra sinirine kadar de\u011fi\u015fim ba\u015flatan o ka\u00e7amak bak\u0131\u015f&#8230; Uzun kirpiklerin aras\u0131nda bir m\u00fccevher gibi saklanan ela g\u00f6zlere hayran hayran bakarken, t\u00fcm k\u00e2inat\u0131n bu ela y\u00f6r\u00fcngede d\u00f6nd\u00fc\u011f\u00fc d\u00fc\u015f\u00fcncesine kap\u0131ld\u0131. Her canl\u0131ya musallat olan, \u00fc\u00e7 harfli b\u00fcy\u00fcl\u00fc kelime \u00e7arpm\u0131\u015ft\u0131 onu da. Bundan sonras\u0131 heyecand\u0131 art\u0131k. Tutkuydu, merakt\u0131\u2026 Ta ki a\u015fk, a\u015fkgene d\u00f6n\u00fc\u015fene kadar! <\/p>\n","protected":false},"excerpt":{"rendered":"<p>O an\u2026 Alevlenen minik k\u0131v\u0131lc\u0131m\u2026 Damarlar\u0131nda akan kandan beyninin en \u00fccra sinirine kadar de\u011fi\u015fim ba\u015flatan o ka\u00e7amak bak\u0131\u015f&#8230; Uzun kirpiklerin aras\u0131nda bir m\u00fccevher gibi saklanan ela<span class=\"excerpt-hellip\"> [\u2026]<\/span><\/p>\n","protected":false},"featured_media":0,"template":"","meta":{"_monsterinsights_skip_tracking":false,"_monsterinsights_sitenote_active":false,"_monsterinsights_sitenote_note":"","_monsterinsights_sitenote_category":0},"product_brand":[],"product_cat":[12291,12711],"product_tag":[],"class_list":{"0":"post-734630","1":"product","2":"type-product","3":"status-publish","5":"product_cat-edebiyat","6":"product_cat-roman-oyku","7":"pa_cilt-ciltsiz","8":"pa_tur-kitap","9":"pa_yayinevi-karina-yayinevi","10":"pa_yazar-alper-gokgoz","12":"first","13":"instock","14":"sale","15":"shipping-taxable","16":"purchasable","17":"product-type-simple"},"_links":{"self":[{"href":"https:\/\/roveyayinevi.com.tr\/index.php\/wp-json\/wp\/v2\/product\/734630","targetHints":{"allow":["GET"]}}],"collection":[{"href":"https:\/\/roveyayinevi.com.tr\/index.php\/wp-json\/wp\/v2\/product"}],"about":[{"href":"https:\/\/roveyayinevi.com.tr\/index.php\/wp-json\/wp\/v2\/types\/product"}],"wp:attachment":[{"href":"https:\/\/roveyayinevi.com.tr\/index.php\/wp-json\/wp\/v2\/media?parent=734630"}],"wp:term":[{"taxonomy":"product_brand","embeddable":true,"href":"https:\/\/roveyayinevi.com.tr\/index.php\/wp-json\/wp\/v2\/product_brand?post=734630"},{"taxonomy":"product_cat","embeddable":true,"href":"https:\/\/roveyayinevi.com.tr\/index.php\/wp-json\/wp\/v2\/product_cat?post=734630"},{"taxonomy":"product_tag","embeddable":true,"href":"https:\/\/roveyayinevi.com.tr\/index.php\/wp-json\/wp\/v2\/product_tag?post=734630"}],"curies":[{"name":"wp","href":"https:\/\/api.w.org\/{rel}","templated":true}]}}