{"id":734629,"date":"2025-08-27T22:31:40","date_gmt":"2025-08-27T19:31:40","guid":{"rendered":"https:\/\/roveyayinevi.com.tr\/index.php\/urun\/egitimde-orgutsel-davranis-2\/"},"modified":"2026-04-16T02:42:13","modified_gmt":"2026-04-15T23:42:13","slug":"egitimde-orgutsel-davranis-2","status":"publish","type":"product","link":"https:\/\/roveyayinevi.com.tr\/index.php\/urun\/egitimde-orgutsel-davranis-2\/","title":{"rendered":"E\u011fitimde \u00d6rg\u00fctsel Davran\u0131\u015f"},"content":{"rendered":"<p>\u00d6rg\u00fctsel davran\u0131\u015f, disiplinleraras\u0131 bir \u00e7al\u0131\u015fma alan\u0131d\u0131r. E\u011fitim hizmetini yerine getirmek \u00fczere ortaya \u00e7\u0131kan okullar, verimlilik ve etkililik a\u00e7\u0131s\u0131ndan ara\u015ft\u0131r\u0131lan ve incelenen \u00f6rg\u00fctler aras\u0131nda yer almaktad\u0131r. Bu ba\u011flamda kitap; \u00f6rg\u00fctsel davran\u0131\u015f alan\u0131nda yer alan temel kavramlar olan \u00f6rg\u00fct, y\u00f6netim, liderlik, \u00f6rg\u00fct k\u00fclt\u00fcr\u00fc, motivasyon, g\u00fc\u00e7 ve politika konular\u0131 ekseninde yap\u0131land\u0131r\u0131lm\u0131\u015ft\u0131r. Bununla birlikte bu temel kavramlar k\u00fcreselle\u015fme, \u00f6\u011fretmen yeti\u015ftirme, tutum, \u00f6rg\u00fctsel stres ve okul i\u00e7i ili\u015fkiler gibi konularla desteklenmi\u015ftir. T\u00fcm bunlara ek olarak, g\u00fcn\u00fcm\u00fczde \u00f6nemi daha iyi fark edilen duygusal emek, acil durum y\u00f6netimi, 21. y\u00fczy\u0131l becerileri, ele\u015ftirel d\u00fc\u015f\u00fcnme, okul y\u00f6netiminin bilgi ve ileti\u015fim teknolojileri ile \u00f6rg\u00fctsel davran\u0131\u015fta \u00e7a\u011fda\u015f e\u011filimler konular\u0131na de\u011finilerek zengin bir i\u00e7erik olu\u015fturulmu\u015ftur. Kitap, ele ald\u0131\u011f\u0131 \u00f6rg\u00fctsel davran\u0131\u015f konular\u0131n\u0131 okullar a\u00e7\u0131s\u0131ndan inceleyerek okul geli\u015ftirme s\u00fcre\u00e7leri i\u00e7in payda\u015flara yol g\u00f6stermektedir. Bu kapsamda kitab\u0131n amac\u0131; \u00f6rg\u00fctsel davran\u0131\u015f alan\u0131nda ele al\u0131nan geleneksel ve g\u00fcncel konular\u0131 e\u011fitim \u00f6rg\u00fctleri a\u00e7\u0131s\u0131ndan incelemek ve politika geli\u015ftiricilere, \u00f6\u011fretmenlere, e\u011fitim y\u00f6neticilerine ve akademik \u00e7al\u0131\u015fma yapanlara katk\u0131 sunmakt\u0131r. <\/p>\n","protected":false},"excerpt":{"rendered":"<p>\u00d6rg\u00fctsel davran\u0131\u015f, disiplinleraras\u0131 bir \u00e7al\u0131\u015fma alan\u0131d\u0131r. E\u011fitim hizmetini yerine getirmek \u00fczere ortaya \u00e7\u0131kan okullar, verimlilik ve etkililik a\u00e7\u0131s\u0131ndan ara\u015ft\u0131r\u0131lan ve incelenen \u00f6rg\u00fctler aras\u0131nda yer almaktad\u0131r. Bu<span class=\"excerpt-hellip\"> [\u2026]<\/span><\/p>\n","protected":false},"featured_media":0,"template":"","meta":{"_monsterinsights_skip_tracking":false,"_monsterinsights_sitenote_active":false,"_monsterinsights_sitenote_note":"","_monsterinsights_sitenote_category":0},"product_brand":[],"product_cat":[12573,12566],"product_tag":[],"class_list":{"0":"post-734629","1":"product","2":"type-product","3":"status-publish","5":"product_cat-akademik-kitaplar","6":"product_cat-egitim","7":"pa_cilt-ciltsiz","8":"pa_tur-kitap","9":"pa_yayinevi-ani-yayincilik","10":"pa_yazar-funda-nayir","12":"first","13":"instock","14":"sale","15":"shipping-taxable","16":"purchasable","17":"product-type-simple"},"_links":{"self":[{"href":"https:\/\/roveyayinevi.com.tr\/index.php\/wp-json\/wp\/v2\/product\/734629","targetHints":{"allow":["GET"]}}],"collection":[{"href":"https:\/\/roveyayinevi.com.tr\/index.php\/wp-json\/wp\/v2\/product"}],"about":[{"href":"https:\/\/roveyayinevi.com.tr\/index.php\/wp-json\/wp\/v2\/types\/product"}],"wp:attachment":[{"href":"https:\/\/roveyayinevi.com.tr\/index.php\/wp-json\/wp\/v2\/media?parent=734629"}],"wp:term":[{"taxonomy":"product_brand","embeddable":true,"href":"https:\/\/roveyayinevi.com.tr\/index.php\/wp-json\/wp\/v2\/product_brand?post=734629"},{"taxonomy":"product_cat","embeddable":true,"href":"https:\/\/roveyayinevi.com.tr\/index.php\/wp-json\/wp\/v2\/product_cat?post=734629"},{"taxonomy":"product_tag","embeddable":true,"href":"https:\/\/roveyayinevi.com.tr\/index.php\/wp-json\/wp\/v2\/product_tag?post=734629"}],"curies":[{"name":"wp","href":"https:\/\/api.w.org\/{rel}","templated":true}]}}