{"id":734626,"date":"2025-08-27T22:31:38","date_gmt":"2025-08-27T19:31:38","guid":{"rendered":"https:\/\/roveyayinevi.com.tr\/index.php\/urun\/aileler-icin-otizm-rehberi\/"},"modified":"2026-04-16T02:42:13","modified_gmt":"2026-04-15T23:42:13","slug":"aileler-icin-otizm-rehberi","status":"publish","type":"product","link":"https:\/\/roveyayinevi.com.tr\/index.php\/urun\/aileler-icin-otizm-rehberi\/","title":{"rendered":"Aileler \u0130\u00e7in Otizm Rehberi"},"content":{"rendered":"<p>\u201c\u00c7ocu\u011fuma otizm tan\u0131s\u0131 kondu. \u015eimdi ne yapmayal\u0131m?\u201d *** Otizm, aileler i\u00e7in \u00e7o\u011fu zaman uzun soluklu bir yolculuktur. Ailelerin bu yolcu\u011funda bir rehbere, do\u011fru y\u00f6nlendirmeler yapacak bir k\u0131lavuza ihtiyac\u0131 vard\u0131r. Aileler \u0130\u00e7in Otizm Rehberi adl\u0131 kitab\u0131m\u0131zda ailelere bilimsel verileri, onlar\u0131n anlayabilece\u011fi dilde bir rehber olarak sunmak istedik. Sadece t\u0131bbi bilgiler de\u011fil, \u00f6zel e\u011fitim ve di\u011fer alanlarla ilgili bilgiler de verdik. Olduk\u00e7a geni\u015f bir yazar grubuyla, otizmle ilgili A\u2019dan Z\u2019ye her \u015feyi anlatt\u0131k.  Bu k\u0131ymetli eserde otizmin belirtilerini, nedenini, tan\u0131s\u0131n\u0131, tedavi s\u00fcrecini, evde yap\u0131labilecekleri konu\u015ftuk. Otizm ile ilgili olarak ailelerin akl\u0131n\u0131 s\u0131kl\u0131kla kar\u0131\u015ft\u0131ran sorulara cevap verdik. Multidisipliner bir ekiple, bilimsel veriler \u0131\u015f\u0131\u011f\u0131nda ailelere rehber olmaya \u00e7al\u0131\u015ft\u0131k.  \u00dclkemizde az say\u0131da benzeri olan bu \u00e7al\u0131\u015fman\u0131n bir ba\u015fucu kitab\u0131 olaca\u011f\u0131n\u0131 umuyoruz.   Prof. Dr. Cem G\u00f6k\u00e7en ve Do\u00e7. Dr. \u00dcmit I\u015f\u0131k edit\u00f6rl\u00fc\u011f\u00fcnde, kolayca okunmak \u00fczere haz\u0131rlanan bu kitab\u0131n hedefi, ailelere biraz olsun yard\u0131m etmek, onlara OT\u0130ZM yolcu\u011funda REHBERL\u0130K yapmak.  <\/p>\n","protected":false},"excerpt":{"rendered":"<p>\u201c\u00c7ocu\u011fuma otizm tan\u0131s\u0131 kondu. \u015eimdi ne yapmayal\u0131m?\u201d *** Otizm, aileler i\u00e7in \u00e7o\u011fu zaman uzun soluklu bir yolculuktur. Ailelerin bu yolcu\u011funda bir rehbere, do\u011fru y\u00f6nlendirmeler yapacak bir<span class=\"excerpt-hellip\"> [\u2026]<\/span><\/p>\n","protected":false},"featured_media":0,"template":"","meta":{"_monsterinsights_skip_tracking":false,"_monsterinsights_sitenote_active":false,"_monsterinsights_sitenote_note":"","_monsterinsights_sitenote_category":0},"product_brand":[],"product_cat":[24520,13365],"product_tag":[],"class_list":{"0":"post-734626","1":"product","2":"type-product","3":"status-publish","5":"product_cat-aile-sagligi","6":"product_cat-saglik","7":"pa_cilt-ciltsiz","8":"pa_tur-kitap","9":"pa_yayinevi-say-yayinlari","10":"pa_yazar-cem-gokcen-umit-isik","12":"first","13":"instock","14":"sale","15":"shipping-taxable","16":"purchasable","17":"product-type-simple"},"_links":{"self":[{"href":"https:\/\/roveyayinevi.com.tr\/index.php\/wp-json\/wp\/v2\/product\/734626","targetHints":{"allow":["GET"]}}],"collection":[{"href":"https:\/\/roveyayinevi.com.tr\/index.php\/wp-json\/wp\/v2\/product"}],"about":[{"href":"https:\/\/roveyayinevi.com.tr\/index.php\/wp-json\/wp\/v2\/types\/product"}],"wp:attachment":[{"href":"https:\/\/roveyayinevi.com.tr\/index.php\/wp-json\/wp\/v2\/media?parent=734626"}],"wp:term":[{"taxonomy":"product_brand","embeddable":true,"href":"https:\/\/roveyayinevi.com.tr\/index.php\/wp-json\/wp\/v2\/product_brand?post=734626"},{"taxonomy":"product_cat","embeddable":true,"href":"https:\/\/roveyayinevi.com.tr\/index.php\/wp-json\/wp\/v2\/product_cat?post=734626"},{"taxonomy":"product_tag","embeddable":true,"href":"https:\/\/roveyayinevi.com.tr\/index.php\/wp-json\/wp\/v2\/product_tag?post=734626"}],"curies":[{"name":"wp","href":"https:\/\/api.w.org\/{rel}","templated":true}]}}