{"id":734625,"date":"2025-08-27T22:31:37","date_gmt":"2025-08-27T19:31:37","guid":{"rendered":"https:\/\/roveyayinevi.com.tr\/index.php\/urun\/casus-ve-hain\/"},"modified":"2026-04-16T02:42:13","modified_gmt":"2026-04-15T23:42:13","slug":"casus-ve-hain","status":"publish","type":"product","link":"https:\/\/roveyayinevi.com.tr\/index.php\/urun\/casus-ve-hain\/","title":{"rendered":"Casus ve Hain"},"content":{"rendered":"<p>1985 y\u0131l\u0131n\u0131n bir Temmuz ak\u015fam\u0131 Moskova\u2019n\u0131n merkezindeki i\u015flek bir caddenin kald\u0131r\u0131m\u0131nda orta ya\u015fl\u0131 bir adam elinde bir plastik po\u015fetle bekliyordu. G\u00f6r\u00fcn\u00fcrde di\u011fer Sovyet vatanda\u015flar\u0131ndan fark\u0131 olmayan bu adam k\u0131demli KGB subay\u0131 Oleg Gordievsky idi. Oysa ki Gordievsky on y\u0131ldan uzun s\u00fcredir MI6 i\u00e7in Sovyet istihbarat makinesinin derinliklerinden paha bi\u00e7ilmez s\u0131rlar ta\u015f\u0131yordu. Hi\u00e7bir casus KGB\u2019ye zarar vermek i\u00e7in daha fazlas\u0131n\u0131 yapmam\u0131\u015ft\u0131. Elindeki po\u015fet ise Sovyetler Birli\u011fi\u2019nden ka\u00e7\u0131\u015f\u0131 i\u00e7in bir i\u015faretti. B\u00f6ylece casusluk tarihindeki en s\u0131ra d\u0131\u015f\u0131 ve cesur olaylardan biri ba\u015flad\u0131. Casus ve Hain\u2019de Ben Macintyre, So\u011fuk Sava\u015f\u2019\u0131n gidi\u015fat\u0131n\u0131 sonsuza dek de\u011fi\u015ftiren bir ihanet ve ikiy\u00fczl\u00fcl\u00fck hik\u00e2yesi ortaya koyuyor. \u201cOkudu\u011fum en iyi ger\u00e7ek  casusluk hik\u00e2yesi. \u201c John LeCarr\u00c9   \u201cY\u0131l\u0131n en iyi kitab\u0131. \u201c The EconomIst <\/p>\n","protected":false},"excerpt":{"rendered":"<p>1985 y\u0131l\u0131n\u0131n bir Temmuz ak\u015fam\u0131 Moskova\u2019n\u0131n merkezindeki i\u015flek bir caddenin kald\u0131r\u0131m\u0131nda orta ya\u015fl\u0131 bir adam elinde bir plastik po\u015fetle bekliyordu. G\u00f6r\u00fcn\u00fcrde di\u011fer Sovyet vatanda\u015flar\u0131ndan fark\u0131 olmayan<span class=\"excerpt-hellip\"> [\u2026]<\/span><\/p>\n","protected":false},"featured_media":0,"template":"","meta":{"_monsterinsights_skip_tracking":false,"_monsterinsights_sitenote_active":false,"_monsterinsights_sitenote_note":"","_monsterinsights_sitenote_category":0},"product_brand":[],"product_cat":[12370,12304],"product_tag":[],"class_list":{"0":"post-734625","1":"product","2":"type-product","3":"status-publish","5":"product_cat-arastirma-inceleme","6":"product_cat-tarih","7":"pa_cilt-ciltsiz","8":"pa_tur-kitap","9":"pa_yayinevi-say-yayinlari","10":"pa_yazar-ben-macintyre","12":"first","13":"instock","14":"sale","15":"shipping-taxable","16":"purchasable","17":"product-type-simple"},"_links":{"self":[{"href":"https:\/\/roveyayinevi.com.tr\/index.php\/wp-json\/wp\/v2\/product\/734625","targetHints":{"allow":["GET"]}}],"collection":[{"href":"https:\/\/roveyayinevi.com.tr\/index.php\/wp-json\/wp\/v2\/product"}],"about":[{"href":"https:\/\/roveyayinevi.com.tr\/index.php\/wp-json\/wp\/v2\/types\/product"}],"wp:attachment":[{"href":"https:\/\/roveyayinevi.com.tr\/index.php\/wp-json\/wp\/v2\/media?parent=734625"}],"wp:term":[{"taxonomy":"product_brand","embeddable":true,"href":"https:\/\/roveyayinevi.com.tr\/index.php\/wp-json\/wp\/v2\/product_brand?post=734625"},{"taxonomy":"product_cat","embeddable":true,"href":"https:\/\/roveyayinevi.com.tr\/index.php\/wp-json\/wp\/v2\/product_cat?post=734625"},{"taxonomy":"product_tag","embeddable":true,"href":"https:\/\/roveyayinevi.com.tr\/index.php\/wp-json\/wp\/v2\/product_tag?post=734625"}],"curies":[{"name":"wp","href":"https:\/\/api.w.org\/{rel}","templated":true}]}}