{"id":734623,"date":"2025-08-27T22:31:36","date_gmt":"2025-08-27T19:31:36","guid":{"rendered":"https:\/\/roveyayinevi.com.tr\/index.php\/urun\/istanbulu-dinliyorum-ilk-siir-kitabim-ciltli\/"},"modified":"2026-04-16T02:42:13","modified_gmt":"2026-04-15T23:42:13","slug":"istanbulu-dinliyorum-ilk-siir-kitabim-ciltli","status":"publish","type":"product","link":"https:\/\/roveyayinevi.com.tr\/index.php\/urun\/istanbulu-dinliyorum-ilk-siir-kitabim-ciltli\/","title":{"rendered":"\u0130stanbul&#8217;u Dinliyorum &#8211; \u0130lk \u015eiir Kitab\u0131m (Ciltli)"},"content":{"rendered":"<p>Bebeklerin edebiyattan lezzet almak i\u00e7in \u201ck\u00fc\u00e7\u00fck\u201d oldu\u011funu kim s\u00f6ylemi\u015f? \u00d6yle sananlar, d\u00fcnya edebiyat\u0131n\u0131n k\u00fclt eserlerini bebeklerle bulu\u015fturan Bebebiyat serisiyle tan\u0131\u015fmam\u0131\u015flar demek ki\u2026Bebebiyat\u2019\u0131n her kitab\u0131 ilham\u0131n\u0131 \u00e7ocuk ve yeti\u015fkin edebiyat\u0131n\u0131n klasik eserlerinden al\u0131yor. Bebebiyat serisi sadece ilham ald\u0131\u011f\u0131 edebiyat eserlerinin \u00f6yk\u00fclerini basit y\u00f6nergelerle aktarmakla kalm\u0131yor; bebeklerin zihinsel geli\u015fimine de katk\u0131 sa\u011fl\u0131yor. \u201c\u0130lk renk kitab\u0131m\u201d, \u201c\u0130lk anatomi kitab\u0131m\u201d, \u201c\u0130lk macera kitab\u0131m\u2019\u2019, \u201c\u0130lk duygu kitab\u0131m\u201d gibi alt konu ba\u015fl\u0131klar\u0131yla Bebebiyat kitaplar\u0131, e\u011flendirici ve e\u011fitici olman\u0131n \u00f6tesinde, gelece\u011fin edebiyatseverlerinin edebiyat lezzetini tatt\u0131klar\u0131 ba\u015flang\u0131\u00e7 noktas\u0131 olacak. Bebebiyat serisinin \u201cilk \u015fiir kitab\u0131\u201d \u0130stanbul&#8217;u Dinliyorum, T\u00fcrk \u015fiirinin \u00f6l\u00fcms\u00fcz \u015fairi Orhan Veli&#8217;nin me\u015fhur yap\u0131t\u0131n\u0131 bebeklerin de \u201cokuyabilece\u011fi\u201d hale getirdi. \u0130stanbul&#8217;u Dinliyorum&#8217;un her sayfas\u0131nda bebekler, \u0130stanbul&#8217;un farkl\u0131 bir semti ile tan\u0131\u015facaklar. Kapal\u0131\u00e7ar\u015f\u0131&#8217;dan G\u00fclhane Park\u0131&#8217;na, Sultanahmet Camii&#8217;nden Arnavutk\u00f6y sokaklar\u0131na kadar; vapuruyla, Galata Kulesi&#8217;yle, yal\u0131lar\u0131yla ve k\u00f6pr\u00fcs\u00fcyle g\u00fczel \u0130stanbul ilk kez bir bebek kitab\u0131n\u0131n sayfalar\u0131 aras\u0131nda.<\/p>\n","protected":false},"excerpt":{"rendered":"<p>Bebeklerin edebiyattan lezzet almak i\u00e7in \u201ck\u00fc\u00e7\u00fck\u201d oldu\u011funu kim s\u00f6ylemi\u015f? \u00d6yle sananlar, d\u00fcnya edebiyat\u0131n\u0131n k\u00fclt eserlerini bebeklerle bulu\u015fturan Bebebiyat serisiyle tan\u0131\u015fmam\u0131\u015flar demek ki\u2026Bebebiyat\u2019\u0131n her kitab\u0131 ilham\u0131n\u0131 \u00e7ocuk<span class=\"excerpt-hellip\"> [\u2026]<\/span><\/p>\n","protected":false},"featured_media":0,"template":"","meta":{"_monsterinsights_skip_tracking":false,"_monsterinsights_sitenote_active":false,"_monsterinsights_sitenote_note":"","_monsterinsights_sitenote_category":0},"product_brand":[],"product_cat":[12291,12509],"product_tag":[],"class_list":{"0":"post-734623","1":"product","2":"type-product","3":"status-publish","5":"product_cat-edebiyat","6":"product_cat-siir","7":"pa_cilt-ciltli","8":"pa_tur-kitap","9":"pa_yayinevi-taze-kitap","10":"pa_yazar-bilge-daniska","12":"first","13":"instock","14":"sale","15":"shipping-taxable","16":"purchasable","17":"product-type-simple"},"_links":{"self":[{"href":"https:\/\/roveyayinevi.com.tr\/index.php\/wp-json\/wp\/v2\/product\/734623","targetHints":{"allow":["GET"]}}],"collection":[{"href":"https:\/\/roveyayinevi.com.tr\/index.php\/wp-json\/wp\/v2\/product"}],"about":[{"href":"https:\/\/roveyayinevi.com.tr\/index.php\/wp-json\/wp\/v2\/types\/product"}],"wp:attachment":[{"href":"https:\/\/roveyayinevi.com.tr\/index.php\/wp-json\/wp\/v2\/media?parent=734623"}],"wp:term":[{"taxonomy":"product_brand","embeddable":true,"href":"https:\/\/roveyayinevi.com.tr\/index.php\/wp-json\/wp\/v2\/product_brand?post=734623"},{"taxonomy":"product_cat","embeddable":true,"href":"https:\/\/roveyayinevi.com.tr\/index.php\/wp-json\/wp\/v2\/product_cat?post=734623"},{"taxonomy":"product_tag","embeddable":true,"href":"https:\/\/roveyayinevi.com.tr\/index.php\/wp-json\/wp\/v2\/product_tag?post=734623"}],"curies":[{"name":"wp","href":"https:\/\/api.w.org\/{rel}","templated":true}]}}