{"id":734622,"date":"2025-08-27T22:31:35","date_gmt":"2025-08-27T19:31:35","guid":{"rendered":"https:\/\/roveyayinevi.com.tr\/index.php\/urun\/islam-medeniyeti-tarihi\/"},"modified":"2026-04-16T02:42:13","modified_gmt":"2026-04-15T23:42:13","slug":"islam-medeniyeti-tarihi","status":"publish","type":"product","link":"https:\/\/roveyayinevi.com.tr\/index.php\/urun\/islam-medeniyeti-tarihi\/","title":{"rendered":"\u0130slam Medeniyeti Tarihi"},"content":{"rendered":"<p>\u015eimdiye kadar \u0130sl\u00e2m Medeniyeti hakk\u0131nda \u00e7e\u015fitli kitaplar yaz\u0131lm\u0131\u015f, herkes bu medeniyetin baz\u0131 y\u00f6nlerine \u00f6nem vermi\u015ftir. Bu medeniyet i\u00e7inde T\u00fcrklerin rol\u00fcn\u00fc ikinci plana atm\u0131\u015ft\u0131r. Biz tarafs\u0131z bir tutumla her milletin bu medeniyetteki rol\u00fcn\u00fc g\u00f6stermeye \u00e7al\u0131\u015ft\u0131k. \u0130sl\u00e2m tarihini siyas\u00ee, ilm\u00ee, ekonomik, ahl\u00e2k\u00ee, din\u00ee, sanat ve askerlik y\u00f6nleriyle \u00f6zetlemeye \u00e7al\u0131\u015ft\u0131k. Bu medeniyetin tarihini Birinci D\u00fcnya Sava\u015f\u0131\u2019na kadar getirdik. \u0130sl\u00e2m Medeniyeti uzun m\u00fcddet d\u00fcnyada medeniyetlere liderlik yapm\u0131\u015f, \u00e7e\u015fitli milletlerin tarihlerine y\u00f6n vermi\u015ftir. T\u00fcrkler de bu medeniyette etkili rol oynam\u0131\u015flard\u0131r. \u00c7in\u2019den Atlas Okyanusu\u2019na kadarki yerlerde \u00e7e\u015fitli devletler kurmu\u015flard\u0131r. K\u00fclt\u00fcrlerini geli\u015ftirmi\u015fler, T\u00fcrk\u00e7eyi bir ilim ve edebiyat dili h\u00e2line getirmi\u015flerdir. Uzun m\u00fcddet d\u00fcnyada siyas\u00ee liderlik rol\u00fcn\u00fc \u00fcstlenmi\u015flerdir. Biz bu eseri konusunda yaz\u0131lan kitaplara g\u00f6re bir ileri noktaya ta\u015f\u0131maya, \u0130sl\u00e2m medeniyetini t\u00fcm\u00fcyle anlatmaya \u00e7al\u0131\u015ft\u0131k. Her eserde oldu\u011fu gibi bu kitapta da baz\u0131 eksik noktalar olabilir. Bununla beraber elimizden gelenin en m\u00fckemmel \u015feklini meydana getirmeye, okuyuculara faydal\u0131 olmaya \u00e7al\u0131\u015ft\u0131k. Muvaffakiyet Allah\u2019tand\u0131r. <\/p>\n","protected":false},"excerpt":{"rendered":"<p>\u015eimdiye kadar \u0130sl\u00e2m Medeniyeti hakk\u0131nda \u00e7e\u015fitli kitaplar yaz\u0131lm\u0131\u015f, herkes bu medeniyetin baz\u0131 y\u00f6nlerine \u00f6nem vermi\u015ftir. Bu medeniyet i\u00e7inde T\u00fcrklerin rol\u00fcn\u00fc ikinci plana atm\u0131\u015ft\u0131r. Biz tarafs\u0131z bir<span class=\"excerpt-hellip\"> [\u2026]<\/span><\/p>\n","protected":false},"featured_media":0,"template":"","meta":{"_monsterinsights_skip_tracking":false,"_monsterinsights_sitenote_active":false,"_monsterinsights_sitenote_note":"","_monsterinsights_sitenote_category":0},"product_brand":[],"product_cat":[12718,12719,18109],"product_tag":[],"class_list":{"0":"post-734622","1":"product","2":"type-product","3":"status-publish","5":"product_cat-din","6":"product_cat-islam","7":"product_cat-islam-tarihi","8":"pa_cilt-ciltli","9":"pa_tur-kitap","10":"pa_yayinevi-bilge-kultur-sanat","11":"pa_yazar-ramazan-sesen","13":"first","14":"instock","15":"sale","16":"shipping-taxable","17":"purchasable","18":"product-type-simple"},"_links":{"self":[{"href":"https:\/\/roveyayinevi.com.tr\/index.php\/wp-json\/wp\/v2\/product\/734622","targetHints":{"allow":["GET"]}}],"collection":[{"href":"https:\/\/roveyayinevi.com.tr\/index.php\/wp-json\/wp\/v2\/product"}],"about":[{"href":"https:\/\/roveyayinevi.com.tr\/index.php\/wp-json\/wp\/v2\/types\/product"}],"wp:attachment":[{"href":"https:\/\/roveyayinevi.com.tr\/index.php\/wp-json\/wp\/v2\/media?parent=734622"}],"wp:term":[{"taxonomy":"product_brand","embeddable":true,"href":"https:\/\/roveyayinevi.com.tr\/index.php\/wp-json\/wp\/v2\/product_brand?post=734622"},{"taxonomy":"product_cat","embeddable":true,"href":"https:\/\/roveyayinevi.com.tr\/index.php\/wp-json\/wp\/v2\/product_cat?post=734622"},{"taxonomy":"product_tag","embeddable":true,"href":"https:\/\/roveyayinevi.com.tr\/index.php\/wp-json\/wp\/v2\/product_tag?post=734622"}],"curies":[{"name":"wp","href":"https:\/\/api.w.org\/{rel}","templated":true}]}}