{"id":734621,"date":"2025-08-27T22:31:34","date_gmt":"2025-08-27T19:31:34","guid":{"rendered":"https:\/\/roveyayinevi.com.tr\/index.php\/urun\/imam-maturidi-ve-maturidilik\/"},"modified":"2026-04-16T02:42:13","modified_gmt":"2026-04-15T23:42:13","slug":"imam-maturidi-ve-maturidilik","status":"publish","type":"product","link":"https:\/\/roveyayinevi.com.tr\/index.php\/urun\/imam-maturidi-ve-maturidilik\/","title":{"rendered":"\u0130mam Maturidi ve Maturidilik"},"content":{"rendered":"<p>Maturidi, \u0130slam d\u00fc\u015f\u00fcncesinde ortaya \u00e7\u0131kan farkl\u0131 din anlay\u0131\u015flar\u0131 i\u00e7erisinde ak\u0131lc\u0131 hadari din anlay\u0131\u015f\u0131n\u0131n en \u00f6nemli \u015fahsiyetlerinden birisidir. Bu anlay\u0131\u015f\u0131n temelleri, her ne kadar Ebu Han\u00eefe taraf\u0131ndan ortaya at\u0131larak geli\u015ftirilmeye \u00e7al\u0131\u015f\u0131lm\u0131\u015fsa da, epistemolojik, teolojik ve felsefi olarak temellendirilmesi Maturidi taraf\u0131ndan yap\u0131lm\u0131\u015ft\u0131r.Maturidi, bu bak\u0131\u015f a\u00e7\u0131s\u0131ndan hareketle kendi d\u00f6neminde ortaya \u00e7\u0131kan dini problemlere \u00e7\u00f6z\u00fcm bulmaya \u00e7al\u0131\u015fm\u0131\u015f, pek \u00e7ok \u00f6\u011frenci yeti\u015ftirmi\u015f ve \u00e7e\u015fitli bilim dallar\u0131nda ilk olma \u00f6zelli\u011fini ta\u015f\u0131yan \u00f6nemli eserler b\u0131rakm\u0131\u015ft\u0131r. O, hayat\u0131nda oldu\u011fu gibi \u00f6l\u00fcm\u00fcnden sonra da, b\u00fcy\u00fck ilgi g\u00f6rm\u00fc\u015f, geni\u015f bir co\u011frafyay\u0131 etkilemi\u015f ve ad\u0131na nispetle Maturidilik diye bilinen bir d\u00fc\u015f\u00fcnce ekol\u00fc te\u015fekk\u00fcl etmi\u015ftir. Bu ekol, Hanefilik-Maturidilik olarak d\u00fcnyan\u0131n \u00e7e\u015fitli yerlerinde ya\u015fayan M\u00fcsl\u00fcmanlar\u0131n geneli taraf\u0131ndan benimsenerek g\u00fcn\u00fcm\u00fcze kadar ya\u015famaya devam etmi\u015ftir. Ancak, baz\u0131 sebeplerden dolay\u0131, ge\u00e7mi\u015fte ve g\u00fcn\u00fcm\u00fczde, onun \u015fahsiyeti, yeti\u015fti\u011fi ortam, fikirleri, din ve d\u00fcnya g\u00f6r\u00fc\u015f\u00fc, etki alanlar\u0131 ve eserleri hak etti\u011fi \u00f6l\u00e7\u00fcde ara\u015ft\u0131rma ve incelemelere konu edilmemi\u015ftir.Elinizdeki eser, T\u00fcrkiyede M\u00e2tur\u00eed\u00ee ve Maturidilik konusundaki bilgi bo\u015flu\u011funu doldurmak amac\u0131yla haz\u0131rlanm\u0131\u015ft\u0131r.<\/p>\n","protected":false},"excerpt":{"rendered":"<p>Maturidi, \u0130slam d\u00fc\u015f\u00fcncesinde ortaya \u00e7\u0131kan farkl\u0131 din anlay\u0131\u015flar\u0131 i\u00e7erisinde ak\u0131lc\u0131 hadari din anlay\u0131\u015f\u0131n\u0131n en \u00f6nemli \u015fahsiyetlerinden birisidir. Bu anlay\u0131\u015f\u0131n temelleri, her ne kadar Ebu Han\u00eefe taraf\u0131ndan<span class=\"excerpt-hellip\"> [\u2026]<\/span><\/p>\n","protected":false},"featured_media":0,"template":"","meta":{"_monsterinsights_skip_tracking":false,"_monsterinsights_sitenote_active":false,"_monsterinsights_sitenote_note":"","_monsterinsights_sitenote_category":0},"product_brand":[],"product_cat":[18094,12718,12719],"product_tag":[],"class_list":{"0":"post-734621","1":"product","2":"type-product","3":"status-publish","5":"product_cat-biyografi-otobiyografi-islam","6":"product_cat-din","7":"product_cat-islam","8":"pa_cilt-ciltsiz","9":"pa_tur-kitap","10":"pa_yayinevi-otto-yayinlari","11":"pa_yazar-sonmez-kutlu","13":"first","14":"instock","15":"sale","16":"shipping-taxable","17":"purchasable","18":"product-type-simple"},"_links":{"self":[{"href":"https:\/\/roveyayinevi.com.tr\/index.php\/wp-json\/wp\/v2\/product\/734621","targetHints":{"allow":["GET"]}}],"collection":[{"href":"https:\/\/roveyayinevi.com.tr\/index.php\/wp-json\/wp\/v2\/product"}],"about":[{"href":"https:\/\/roveyayinevi.com.tr\/index.php\/wp-json\/wp\/v2\/types\/product"}],"wp:attachment":[{"href":"https:\/\/roveyayinevi.com.tr\/index.php\/wp-json\/wp\/v2\/media?parent=734621"}],"wp:term":[{"taxonomy":"product_brand","embeddable":true,"href":"https:\/\/roveyayinevi.com.tr\/index.php\/wp-json\/wp\/v2\/product_brand?post=734621"},{"taxonomy":"product_cat","embeddable":true,"href":"https:\/\/roveyayinevi.com.tr\/index.php\/wp-json\/wp\/v2\/product_cat?post=734621"},{"taxonomy":"product_tag","embeddable":true,"href":"https:\/\/roveyayinevi.com.tr\/index.php\/wp-json\/wp\/v2\/product_tag?post=734621"}],"curies":[{"name":"wp","href":"https:\/\/api.w.org\/{rel}","templated":true}]}}