{"id":734620,"date":"2025-08-27T22:31:34","date_gmt":"2025-08-27T19:31:34","guid":{"rendered":"https:\/\/roveyayinevi.com.tr\/index.php\/urun\/arab-hakimiyeti-sia-ve-mesih-akideleri\/"},"modified":"2026-04-16T02:42:13","modified_gmt":"2026-04-15T23:42:13","slug":"arab-hakimiyeti-sia-ve-mesih-akideleri","status":"publish","type":"product","link":"https:\/\/roveyayinevi.com.tr\/index.php\/urun\/arab-hakimiyeti-sia-ve-mesih-akideleri\/","title":{"rendered":"Arab Hakimiyeti, \u015eia ve Mesih Akideleri"},"content":{"rendered":"<p>Bat\u0131l\u0131 siyasiler, \u0130slam\u2019\u0131 kendi ilim adamlar\u0131ndan \u00f6\u011frenerek hareket etmektedir. \u0130slam hakk\u0131nda Bat\u0131l\u0131larca yaz\u0131lm\u0131\u015f ilm\u00ee de\u011ferdeki \u00e7al\u0131\u015fmalar\u0131 tan\u0131mak ve tedkik etmek, M\u00fcsl\u00fcman d\u00fcnyaya bak\u0131\u015f a\u00e7\u0131lar\u0131n\u0131 \u00f6\u011frenmek a\u00e7\u0131s\u0131ndan \u00f6nemlidir.Bu kitap, Emevi hanedan\u0131n\u0131n y\u0131k\u0131l\u0131\u015f\u0131n\u0131 haz\u0131rlayan siyasi ve din\u00ee \u00e2millerin tam bir de\u011ferlendirmesini yapmaktad\u0131r. Emevi Devleti i\u00e7erisindeki farkl\u0131 milletlerin durumunu ve onlar\u0131n h\u00e2kim s\u0131n\u0131fla olan sorunlu ili\u015fkilerinin \u015eii fikirlerin olu\u015fumuna etkisini ara\u015ft\u0131rmaktad\u0131r. Bununla beraber yazar, mesih inanc\u0131n\u0131n, Abbasi d\u00e2vas\u0131na yapt\u0131\u011f\u0131 tesiri de g\u00f6z \u00f6n\u00fcne sermektedir.Mehmed Said Hatibo\u011flu\u2019nun notlar ve terc\u00fcmesiyle sunulan bu eser, \u0130slam d\u00fcnyas\u0131n\u0131n ya\u015fad\u0131\u011f\u0131 s\u0131k\u0131nt\u0131lar\u0131n k\u00f6keni hakk\u0131nda okuyucuya ciddi bir fikir verecektir.<\/p>\n","protected":false},"excerpt":{"rendered":"<p>Bat\u0131l\u0131 siyasiler, \u0130slam\u2019\u0131 kendi ilim adamlar\u0131ndan \u00f6\u011frenerek hareket etmektedir. \u0130slam hakk\u0131nda Bat\u0131l\u0131larca yaz\u0131lm\u0131\u015f ilm\u00ee de\u011ferdeki \u00e7al\u0131\u015fmalar\u0131 tan\u0131mak ve tedkik etmek, M\u00fcsl\u00fcman d\u00fcnyaya bak\u0131\u015f a\u00e7\u0131lar\u0131n\u0131 \u00f6\u011frenmek a\u00e7\u0131s\u0131ndan<span class=\"excerpt-hellip\"> [\u2026]<\/span><\/p>\n","protected":false},"featured_media":0,"template":"","meta":{"_monsterinsights_skip_tracking":false,"_monsterinsights_sitenote_active":false,"_monsterinsights_sitenote_note":"","_monsterinsights_sitenote_category":0},"product_brand":[],"product_cat":[13036,12718,12719],"product_tag":[],"class_list":{"0":"post-734620","1":"product","2":"type-product","3":"status-publish","5":"product_cat-arastirma-inceleme-islam","6":"product_cat-din","7":"product_cat-islam","8":"pa_cilt-ciltsiz","9":"pa_tur-kitap","10":"pa_yayinevi-otto-yayinlari","11":"pa_yazar-gerlof-van-vloten","13":"first","14":"instock","15":"sale","16":"shipping-taxable","17":"purchasable","18":"product-type-simple"},"_links":{"self":[{"href":"https:\/\/roveyayinevi.com.tr\/index.php\/wp-json\/wp\/v2\/product\/734620","targetHints":{"allow":["GET"]}}],"collection":[{"href":"https:\/\/roveyayinevi.com.tr\/index.php\/wp-json\/wp\/v2\/product"}],"about":[{"href":"https:\/\/roveyayinevi.com.tr\/index.php\/wp-json\/wp\/v2\/types\/product"}],"wp:attachment":[{"href":"https:\/\/roveyayinevi.com.tr\/index.php\/wp-json\/wp\/v2\/media?parent=734620"}],"wp:term":[{"taxonomy":"product_brand","embeddable":true,"href":"https:\/\/roveyayinevi.com.tr\/index.php\/wp-json\/wp\/v2\/product_brand?post=734620"},{"taxonomy":"product_cat","embeddable":true,"href":"https:\/\/roveyayinevi.com.tr\/index.php\/wp-json\/wp\/v2\/product_cat?post=734620"},{"taxonomy":"product_tag","embeddable":true,"href":"https:\/\/roveyayinevi.com.tr\/index.php\/wp-json\/wp\/v2\/product_tag?post=734620"}],"curies":[{"name":"wp","href":"https:\/\/api.w.org\/{rel}","templated":true}]}}