{"id":734618,"date":"2025-08-27T22:31:32","date_gmt":"2025-08-27T19:31:32","guid":{"rendered":"https:\/\/roveyayinevi.com.tr\/index.php\/urun\/muslims-in-history-ciltli\/"},"modified":"2026-04-16T02:42:13","modified_gmt":"2026-04-15T23:42:13","slug":"muslims-in-history-ciltli","status":"publish","type":"product","link":"https:\/\/roveyayinevi.com.tr\/index.php\/urun\/muslims-in-history-ciltli\/","title":{"rendered":"Muslims in History (Ciltli)"},"content":{"rendered":"<p>Bu eser Tarihte M\u00fcsl\u00fcmanlar adl\u0131 8 ciltlik eserin \u00f6z\u00fc mahiyetindedir. M\u00fcsl\u00fcmanlar\u0131n, tarihte k\u0131r\u0131lma noktas\u0131 olu\u015fturmu\u015f yakla\u015f\u0131k 150 \u00f6nemli olay\u0131n\u0131 ele almaktad\u0131r. Bu eser i\u00e7in uzman akademisyenlerden yakla\u015f\u0131k on ki\u015filik edit\u00f6ryal ekip olu\u015fturuldu. Yo\u011fun bir \u00e7al\u0131\u015fmayla \u00f6nemli olaylar tek tek belirlendi. Y\u00fczy\u0131l de\u011ferlendirmeleri, kendine has i\u00e7erik yap\u0131s\u0131 ile okurlar\u0131n en sade bi\u00e7imde yararlanmalar\u0131 i\u00e7in haz\u0131rland\u0131. Metinlerde selis bir \u00fcslup kullan\u0131ld\u0131.\u201cTarihte M\u00fcsl\u00fcmanlar \u2013Y\u00fczy\u0131l De\u011ferlendirmeleri\u2013\u201d, \u0130slam tarihinin k\u0131r\u0131lma noktalar\u0131n\u0131 merak eden okuru iz s\u00fcrmeye davet ediyor.<\/p>\n","protected":false},"excerpt":{"rendered":"<p>Bu eser Tarihte M\u00fcsl\u00fcmanlar adl\u0131 8 ciltlik eserin \u00f6z\u00fc mahiyetindedir. M\u00fcsl\u00fcmanlar\u0131n, tarihte k\u0131r\u0131lma noktas\u0131 olu\u015fturmu\u015f yakla\u015f\u0131k 150 \u00f6nemli olay\u0131n\u0131 ele almaktad\u0131r. Bu eser i\u00e7in uzman akademisyenlerden<span class=\"excerpt-hellip\"> [\u2026]<\/span><\/p>\n","protected":false},"featured_media":0,"template":"","meta":{"_monsterinsights_skip_tracking":false,"_monsterinsights_sitenote_active":false,"_monsterinsights_sitenote_note":"","_monsterinsights_sitenote_category":0},"product_brand":[],"product_cat":[12472],"product_tag":[],"class_list":{"0":"post-734618","1":"product","2":"type-product","3":"status-publish","5":"product_cat-yabanci-dilde-kitaplar","6":"pa_cilt-ciltli","7":"pa_tur-kitap","8":"pa_yayinevi-otto-yayinlari","9":"pa_yazar-otto-yayinlari-kolektif","11":"first","12":"instock","13":"sale","14":"shipping-taxable","15":"purchasable","16":"product-type-simple"},"_links":{"self":[{"href":"https:\/\/roveyayinevi.com.tr\/index.php\/wp-json\/wp\/v2\/product\/734618","targetHints":{"allow":["GET"]}}],"collection":[{"href":"https:\/\/roveyayinevi.com.tr\/index.php\/wp-json\/wp\/v2\/product"}],"about":[{"href":"https:\/\/roveyayinevi.com.tr\/index.php\/wp-json\/wp\/v2\/types\/product"}],"wp:attachment":[{"href":"https:\/\/roveyayinevi.com.tr\/index.php\/wp-json\/wp\/v2\/media?parent=734618"}],"wp:term":[{"taxonomy":"product_brand","embeddable":true,"href":"https:\/\/roveyayinevi.com.tr\/index.php\/wp-json\/wp\/v2\/product_brand?post=734618"},{"taxonomy":"product_cat","embeddable":true,"href":"https:\/\/roveyayinevi.com.tr\/index.php\/wp-json\/wp\/v2\/product_cat?post=734618"},{"taxonomy":"product_tag","embeddable":true,"href":"https:\/\/roveyayinevi.com.tr\/index.php\/wp-json\/wp\/v2\/product_tag?post=734618"}],"curies":[{"name":"wp","href":"https:\/\/api.w.org\/{rel}","templated":true}]}}