{"id":734617,"date":"2025-08-27T22:31:31","date_gmt":"2025-08-27T19:31:31","guid":{"rendered":"https:\/\/roveyayinevi.com.tr\/index.php\/urun\/bach\/"},"modified":"2026-04-16T02:42:13","modified_gmt":"2026-04-15T23:42:13","slug":"bach","status":"publish","type":"product","link":"https:\/\/roveyayinevi.com.tr\/index.php\/urun\/bach\/","title":{"rendered":"Bach"},"content":{"rendered":"<p>D\u00fcn oldu\u011fu gibi bug\u00fcn de, daima Bach\u2019\u0131n m\u00fczi\u011fini \u00e7al\u0131yoruz.   1685&#8217;in \u0131l\u0131k bir bahar g\u00fcn\u00fc, Almanya&#8217;n\u0131n ufak bir k\u00f6y\u00fcnde bir \u00e7ocuk d\u00fcnyaya geldi. Ailesi m\u00fczisyendi. Bir de\u011firmenci olan b\u00fcy\u00fck b\u00fcy\u00fck dedesi, de\u011firmen \u00e7ark\u0131ndaki suyun g\u00fcr\u00fclt\u00fcs\u00fcn\u00fc dinleyerek kitara \u00e7alard\u0131 ona. Bu \u00e7ocuk, b\u00fcy\u00fcd\u00fc\u011f\u00fcnde d\u00fcnyan\u0131n g\u00f6r\u00fcp g\u00f6rece\u011fi en b\u00fcy\u00fck bestecilerinden biri olacak Johan Sebastian Bach&#8217;\u0131n ta kendisiydi.   Bir m\u00fczisyen nas\u0131l yeti\u015fir? Bir beste nas\u0131l yaz\u0131l\u0131r ve b\u00fcy\u00fck sanat\u00e7\u0131 olman\u0131n incelikleri nelerdir? Bach, yaln\u0131zca ya\u015fam \u00f6yk\u00fcs\u00fc de\u011fil. Ayn\u0131 zamanda klasik m\u00fczi\u011fin \u00f6z\u00fcne dair pek \u00e7ok \u00f6\u011fretici kavram\u0131n yer ald\u0131\u011f\u0131 bir m\u00fczik kitab\u0131.<\/p>\n","protected":false},"excerpt":{"rendered":"<p>D\u00fcn oldu\u011fu gibi bug\u00fcn de, daima Bach\u2019\u0131n m\u00fczi\u011fini \u00e7al\u0131yoruz. 1685&#8217;in \u0131l\u0131k bir bahar g\u00fcn\u00fc, Almanya&#8217;n\u0131n ufak bir k\u00f6y\u00fcnde bir \u00e7ocuk d\u00fcnyaya geldi. Ailesi m\u00fczisyendi. Bir de\u011firmenci<span class=\"excerpt-hellip\"> [\u2026]<\/span><\/p>\n","protected":false},"featured_media":0,"template":"","meta":{"_monsterinsights_skip_tracking":false,"_monsterinsights_sitenote_active":false,"_monsterinsights_sitenote_note":"","_monsterinsights_sitenote_category":0},"product_brand":[],"product_cat":[12274,12284],"product_tag":[],"class_list":{"0":"post-734617","1":"product","2":"type-product","3":"status-publish","5":"product_cat-cocuk-ve-genclik-kitaplari","6":"product_cat-hikayeler","7":"pa_cilt-ciltsiz","8":"pa_tur-kitap","9":"pa_yayinevi-yeni-insan-yayinlari","10":"pa_yazar-paule-du-bouchet","12":"first","13":"instock","14":"sale","15":"shipping-taxable","16":"purchasable","17":"product-type-simple"},"_links":{"self":[{"href":"https:\/\/roveyayinevi.com.tr\/index.php\/wp-json\/wp\/v2\/product\/734617","targetHints":{"allow":["GET"]}}],"collection":[{"href":"https:\/\/roveyayinevi.com.tr\/index.php\/wp-json\/wp\/v2\/product"}],"about":[{"href":"https:\/\/roveyayinevi.com.tr\/index.php\/wp-json\/wp\/v2\/types\/product"}],"wp:attachment":[{"href":"https:\/\/roveyayinevi.com.tr\/index.php\/wp-json\/wp\/v2\/media?parent=734617"}],"wp:term":[{"taxonomy":"product_brand","embeddable":true,"href":"https:\/\/roveyayinevi.com.tr\/index.php\/wp-json\/wp\/v2\/product_brand?post=734617"},{"taxonomy":"product_cat","embeddable":true,"href":"https:\/\/roveyayinevi.com.tr\/index.php\/wp-json\/wp\/v2\/product_cat?post=734617"},{"taxonomy":"product_tag","embeddable":true,"href":"https:\/\/roveyayinevi.com.tr\/index.php\/wp-json\/wp\/v2\/product_tag?post=734617"}],"curies":[{"name":"wp","href":"https:\/\/api.w.org\/{rel}","templated":true}]}}