{"id":734616,"date":"2025-08-27T22:31:30","date_gmt":"2025-08-27T19:31:30","guid":{"rendered":"https:\/\/roveyayinevi.com.tr\/index.php\/urun\/aynaya-bakma-cesareti\/"},"modified":"2026-04-16T02:42:13","modified_gmt":"2026-04-15T23:42:13","slug":"aynaya-bakma-cesareti","status":"publish","type":"product","link":"https:\/\/roveyayinevi.com.tr\/index.php\/urun\/aynaya-bakma-cesareti\/","title":{"rendered":"Aynaya Bakma Cesareti"},"content":{"rendered":"<p>Psikoterapiden Yans\u0131yan De\u011fi\u015fim \u00d6yk\u00fcleri&#8230; Kayg\u0131lar\u0131n\u0131n \u00fcstesinden kontrols\u00fczce yemek yiyerek gelmeyi deneyenler&#8230; Kimi zaman anne, kimi zaman baba ilgisizli\u011fini hastane koridorlar\u0131nda, \u00e7o\u011funlukla bir krizin e\u015fi\u011finde a\u015fmaya \u00e7al\u0131\u015fanlar&#8230; Sevdiklerinin kayb\u0131yla birlikte kaybolmu\u015f hissedenler&#8230; G\u00fc\u00e7l\u00fc g\u00f6r\u00fcnmek isterken panik ataklar\u0131na yenik d\u00fc\u015fenler&#8230; \u0130nsanlara fazla g\u00fcvenirken \u00f6zg\u00fcvenlerini yitirenler&#8230; Ya da kimseye g\u00fcvenemedikleri i\u00e7in yaln\u0131zl\u0131klar\u0131n\u0131 kendilerini uyu\u015fturarak t\u00f6rp\u00fcleyenler\u2026 Hepsinin ihtiya\u00e7 duyduklar\u0131 \u015fey ayn\u0131. Aynalar\u0131ndaki ger\u00e7ek benliklerini bulmalar\u0131 gerek. Hen\u00fcz kendilerini tan\u0131mad\u0131klar\u0131 y\u0131llarda, onlar\u0131 yeti\u015ftirenlerin tecr\u00fcbeleri, korkular\u0131 ve arzular\u0131n\u0131n yans\u0131malar\u0131yla dolmu\u015f bu aynada kendi g\u00fc\u00e7lerini derinlemesine g\u00f6rebilmeliler. Bu kez, yapt\u0131\u011f\u0131 i\u015fe duydu\u011fu sevgi her sat\u0131r\u0131na yans\u0131yan bir psikolog tutuyor onlar\u0131n elinden. Kendi sorular\u0131na kendi yan\u0131tlar\u0131n\u0131 verebilecek g\u00fcc\u00fc kazanmalar\u0131, potansiyellerini ke\u015ffedip korkular\u0131na kar\u015f\u0131 art\u0131k diren\u00e7li olmalar\u0131 i\u00e7in destek veriyor onlara. Nazende \u00d6ks\u00fcz \u00d6zdemir \u015fefkatli kelimeleriyle, su gibi akan diliyle hik\u00e2yeler anlat\u0131rken bir yandan da okurun kendi aynas\u0131n\u0131 bulmas\u0131 i\u00e7in ihtiya\u00e7 duydu\u011fu zemini olu\u015fturuyor.<\/p>\n","protected":false},"excerpt":{"rendered":"<p>Psikoterapiden Yans\u0131yan De\u011fi\u015fim \u00d6yk\u00fcleri&#8230; Kayg\u0131lar\u0131n\u0131n \u00fcstesinden kontrols\u00fczce yemek yiyerek gelmeyi deneyenler&#8230; Kimi zaman anne, kimi zaman baba ilgisizli\u011fini hastane koridorlar\u0131nda, \u00e7o\u011funlukla bir krizin e\u015fi\u011finde a\u015fmaya \u00e7al\u0131\u015fanlar&#8230;<span class=\"excerpt-hellip\"> [\u2026]<\/span><\/p>\n","protected":false},"featured_media":0,"template":"","meta":{"_monsterinsights_skip_tracking":false,"_monsterinsights_sitenote_active":false,"_monsterinsights_sitenote_note":"","_monsterinsights_sitenote_category":0},"product_brand":[],"product_cat":[12291,12711],"product_tag":[],"class_list":{"0":"post-734616","1":"product","2":"type-product","3":"status-publish","5":"product_cat-edebiyat","6":"product_cat-roman-oyku","7":"pa_cilt-ciltsiz","8":"pa_tur-kitap","9":"pa_yayinevi-remzi-kitabevi","10":"pa_yazar-nazende-oksuz-ozdemir","12":"first","13":"instock","14":"sale","15":"shipping-taxable","16":"purchasable","17":"product-type-simple"},"_links":{"self":[{"href":"https:\/\/roveyayinevi.com.tr\/index.php\/wp-json\/wp\/v2\/product\/734616","targetHints":{"allow":["GET"]}}],"collection":[{"href":"https:\/\/roveyayinevi.com.tr\/index.php\/wp-json\/wp\/v2\/product"}],"about":[{"href":"https:\/\/roveyayinevi.com.tr\/index.php\/wp-json\/wp\/v2\/types\/product"}],"wp:attachment":[{"href":"https:\/\/roveyayinevi.com.tr\/index.php\/wp-json\/wp\/v2\/media?parent=734616"}],"wp:term":[{"taxonomy":"product_brand","embeddable":true,"href":"https:\/\/roveyayinevi.com.tr\/index.php\/wp-json\/wp\/v2\/product_brand?post=734616"},{"taxonomy":"product_cat","embeddable":true,"href":"https:\/\/roveyayinevi.com.tr\/index.php\/wp-json\/wp\/v2\/product_cat?post=734616"},{"taxonomy":"product_tag","embeddable":true,"href":"https:\/\/roveyayinevi.com.tr\/index.php\/wp-json\/wp\/v2\/product_tag?post=734616"}],"curies":[{"name":"wp","href":"https:\/\/api.w.org\/{rel}","templated":true}]}}