{"id":734615,"date":"2025-08-27T22:31:30","date_gmt":"2025-08-27T19:31:30","guid":{"rendered":"https:\/\/roveyayinevi.com.tr\/index.php\/urun\/populer-kulturu-anlamak\/"},"modified":"2026-04-16T02:42:13","modified_gmt":"2026-04-15T23:42:13","slug":"populer-kulturu-anlamak","status":"publish","type":"product","link":"https:\/\/roveyayinevi.com.tr\/index.php\/urun\/populer-kulturu-anlamak\/","title":{"rendered":"Pop\u00fcler K\u00fclt\u00fcr\u00fc Anlamak"},"content":{"rendered":"<p>Pop\u00fcler k\u00fclt\u00fcr nedir, ne de\u011fildir? Kitle k\u00fclt\u00fcr\u00fcnden nas\u0131l farkl\u0131la\u015f\u0131r? Pop\u00fcler k\u00fclt\u00fcr metinleri bir toplumdaki s\u0131n\u0131f, \u0131rk ve toplumsal cinsiyet dinamikleri hakk\u0131nda neler s\u00f6yler? John Fiske\u2019ye g\u00f6re, kapitalizmin k\u00fclt\u00fcr end\u00fcstrisi taraf\u0131ndan \u00fcretilen k\u00fclt\u00fcrel \u00fcr\u00fcnler anlam\u0131na gelen kitle k\u00fclt\u00fcr\u00fc ile halk\u0131n bu \u00fcr\u00fcnleri kullanarak kendi anlamlar\u0131n\u0131 yaratmalar\u0131n\u0131 ifade eden pop\u00fcler k\u00fclt\u00fcr aras\u0131nda \u00f6nemli bir farkl\u0131l\u0131k s\u00f6z konusudur. Fiske bu kitab\u0131nda, kitle k\u00fclt\u00fcr\u00fcn\u00fcn tahakk\u00fcm kurma ve t\u00fcrde\u015fle\u015ftirme giri\u015fimleri \u00fczerine odaklanmak yerine, pop\u00fcler k\u00fclt\u00fcr\u00fcn bu giri\u015fimleri bo\u015fa \u00e7\u0131karma yollar\u0131 \u00fczerinde durmay\u0131 ye\u011flemektedir. Kitab\u0131n elinizdeki \u0130kinci Edisyonu\u2019nda, Fiske\u2019nin g\u00fcncelli\u011fini nas\u0131l olup da h\u00e2l\u00e2 koruyabildi\u011fini a\u00e7\u0131klamak ad\u0131na, bir sonraki ku\u015fa\u011f\u0131n ileti\u015fim bilimcilerinden Henry Jenkins\u2019in \u201cFiske Neden Halen \u00d6nemli?\u201d ba\u015fl\u0131kl\u0131 yaz\u0131s\u0131 ile Kevin Glynn, Jonathan Gray ve Pamela Wilson\u2019\u0131n \u201cFiske\u2019yi Okumak ve Pop\u00fcleri Anlamak\u201d ba\u015fl\u0131kl\u0131 s\u00f6yle\u015fisine de yer verilmi\u015f. T\u00fcrk\u00e7ede uzun s\u00fcredir bask\u0131s\u0131 bulunmayan kitab\u0131, geni\u015fletilmi\u015f haliyle ve g\u00f6zden ge\u00e7irilmi\u015f \u00e7evirisiyle yeniden siz okuyuculara sunuyoruz. <\/p>\n","protected":false},"excerpt":{"rendered":"<p>Pop\u00fcler k\u00fclt\u00fcr nedir, ne de\u011fildir? Kitle k\u00fclt\u00fcr\u00fcnden nas\u0131l farkl\u0131la\u015f\u0131r? Pop\u00fcler k\u00fclt\u00fcr metinleri bir toplumdaki s\u0131n\u0131f, \u0131rk ve toplumsal cinsiyet dinamikleri hakk\u0131nda neler s\u00f6yler? John Fiske\u2019ye g\u00f6re,<span class=\"excerpt-hellip\"> [\u2026]<\/span><\/p>\n","protected":false},"featured_media":0,"template":"","meta":{"_monsterinsights_skip_tracking":false,"_monsterinsights_sitenote_active":false,"_monsterinsights_sitenote_note":"","_monsterinsights_sitenote_category":0},"product_brand":[],"product_cat":[13489,13488],"product_tag":[],"class_list":{"0":"post-734615","1":"product","2":"type-product","3":"status-publish","5":"product_cat-populer-kultur","6":"product_cat-toplum-ve-insan","7":"pa_cilt-ciltsiz","8":"pa_tur-kitap","9":"pa_yayinevi-pharmakon-kitap","10":"pa_yazar-john-fiske","12":"first","13":"instock","14":"sale","15":"shipping-taxable","16":"purchasable","17":"product-type-simple"},"_links":{"self":[{"href":"https:\/\/roveyayinevi.com.tr\/index.php\/wp-json\/wp\/v2\/product\/734615","targetHints":{"allow":["GET"]}}],"collection":[{"href":"https:\/\/roveyayinevi.com.tr\/index.php\/wp-json\/wp\/v2\/product"}],"about":[{"href":"https:\/\/roveyayinevi.com.tr\/index.php\/wp-json\/wp\/v2\/types\/product"}],"wp:attachment":[{"href":"https:\/\/roveyayinevi.com.tr\/index.php\/wp-json\/wp\/v2\/media?parent=734615"}],"wp:term":[{"taxonomy":"product_brand","embeddable":true,"href":"https:\/\/roveyayinevi.com.tr\/index.php\/wp-json\/wp\/v2\/product_brand?post=734615"},{"taxonomy":"product_cat","embeddable":true,"href":"https:\/\/roveyayinevi.com.tr\/index.php\/wp-json\/wp\/v2\/product_cat?post=734615"},{"taxonomy":"product_tag","embeddable":true,"href":"https:\/\/roveyayinevi.com.tr\/index.php\/wp-json\/wp\/v2\/product_tag?post=734615"}],"curies":[{"name":"wp","href":"https:\/\/api.w.org\/{rel}","templated":true}]}}