{"id":734613,"date":"2025-08-27T22:31:28","date_gmt":"2025-08-27T19:31:28","guid":{"rendered":"https:\/\/roveyayinevi.com.tr\/index.php\/urun\/findik-kimselere-benzemeyen-kopek\/"},"modified":"2026-04-16T02:42:13","modified_gmt":"2026-04-15T23:42:13","slug":"findik-kimselere-benzemeyen-kopek","status":"publish","type":"product","link":"https:\/\/roveyayinevi.com.tr\/index.php\/urun\/findik-kimselere-benzemeyen-kopek\/","title":{"rendered":"F\u0131nd\u0131k Kimselere Benzemeyen K\u00f6pek"},"content":{"rendered":"<p>F\u0131nd\u0131k di\u011fer k\u00f6peklere hi\u00e7 benzemezdi. Genellikle de kendisini d\u0131\u015flanm\u0131\u015f hissederdi. Sonra bir g\u00fcn, aralar\u0131nda y\u00fczmeyi sevmeyen bir \u00f6rde\u011fin ve art\u0131k ot yemek istemeyen bir ine\u011fin de oldu\u011fu birka\u00e7 yeni arkada\u015f buldu. F\u0131nd\u0131k, yeni arkada\u015flar\u0131n\u0131n da yard\u0131m\u0131yla, kendine \u00f6zg\u00fc olman\u0131n g\u00fczelliklerini ke\u015ffedecek. <\/p>\n","protected":false},"excerpt":{"rendered":"<p>F\u0131nd\u0131k di\u011fer k\u00f6peklere hi\u00e7 benzemezdi. Genellikle de kendisini d\u0131\u015flanm\u0131\u015f hissederdi. Sonra bir g\u00fcn, aralar\u0131nda y\u00fczmeyi sevmeyen bir \u00f6rde\u011fin ve art\u0131k ot yemek istemeyen bir ine\u011fin de<span class=\"excerpt-hellip\"> [\u2026]<\/span><\/p>\n","protected":false},"featured_media":0,"template":"","meta":{"_monsterinsights_skip_tracking":false,"_monsterinsights_sitenote_active":false,"_monsterinsights_sitenote_note":"","_monsterinsights_sitenote_category":0},"product_brand":[],"product_cat":[12274,12518],"product_tag":[],"class_list":{"0":"post-734613","1":"product","2":"type-product","3":"status-publish","5":"product_cat-cocuk-ve-genclik-kitaplari","6":"product_cat-okul-oncesi-kitaplar","7":"pa_cilt-ciltsiz","8":"pa_tur-kitap","9":"pa_yayinevi-is-bankasi-kultur-yayinlari","10":"pa_yazar-claire-mowat","12":"first","13":"instock","14":"sale","15":"shipping-taxable","16":"purchasable","17":"product-type-simple"},"_links":{"self":[{"href":"https:\/\/roveyayinevi.com.tr\/index.php\/wp-json\/wp\/v2\/product\/734613","targetHints":{"allow":["GET"]}}],"collection":[{"href":"https:\/\/roveyayinevi.com.tr\/index.php\/wp-json\/wp\/v2\/product"}],"about":[{"href":"https:\/\/roveyayinevi.com.tr\/index.php\/wp-json\/wp\/v2\/types\/product"}],"wp:attachment":[{"href":"https:\/\/roveyayinevi.com.tr\/index.php\/wp-json\/wp\/v2\/media?parent=734613"}],"wp:term":[{"taxonomy":"product_brand","embeddable":true,"href":"https:\/\/roveyayinevi.com.tr\/index.php\/wp-json\/wp\/v2\/product_brand?post=734613"},{"taxonomy":"product_cat","embeddable":true,"href":"https:\/\/roveyayinevi.com.tr\/index.php\/wp-json\/wp\/v2\/product_cat?post=734613"},{"taxonomy":"product_tag","embeddable":true,"href":"https:\/\/roveyayinevi.com.tr\/index.php\/wp-json\/wp\/v2\/product_tag?post=734613"}],"curies":[{"name":"wp","href":"https:\/\/api.w.org\/{rel}","templated":true}]}}