{"id":734612,"date":"2025-08-27T22:31:27","date_gmt":"2025-08-27T19:31:27","guid":{"rendered":"https:\/\/roveyayinevi.com.tr\/index.php\/urun\/dunya-sevgiyle-guzel\/"},"modified":"2026-04-16T02:42:12","modified_gmt":"2026-04-15T23:42:12","slug":"dunya-sevgiyle-guzel","status":"publish","type":"product","link":"https:\/\/roveyayinevi.com.tr\/index.php\/urun\/dunya-sevgiyle-guzel\/","title":{"rendered":"D\u00fcnya Sevgiyle G\u00fczel"},"content":{"rendered":"<p>Sevgi her yerde! D\u00fcnyan\u0131n d\u00f6rt bir yan\u0131ndan sevimli karakterler i\u00e7in sevgi ne anlama geliyor, bilmek ister misiniz? Peki; penguenlerin kucakla\u015fmalar\u0131n\u0131, sincaplar\u0131n birbirine sokulmas\u0131n\u0131 ve koalalar\u0131n \u00f6p\u00fcc\u00fcklerini g\u00f6rmek ister misiniz? \u00c7evremizde o kadar \u00e7ok sevgi var ki! <\/p>\n","protected":false},"excerpt":{"rendered":"<p>Sevgi her yerde! D\u00fcnyan\u0131n d\u00f6rt bir yan\u0131ndan sevimli karakterler i\u00e7in sevgi ne anlama geliyor, bilmek ister misiniz? Peki; penguenlerin kucakla\u015fmalar\u0131n\u0131, sincaplar\u0131n birbirine sokulmas\u0131n\u0131 ve koalalar\u0131n \u00f6p\u00fcc\u00fcklerini<span class=\"excerpt-hellip\"> [\u2026]<\/span><\/p>\n","protected":false},"featured_media":0,"template":"","meta":{"_monsterinsights_skip_tracking":false,"_monsterinsights_sitenote_active":false,"_monsterinsights_sitenote_note":"","_monsterinsights_sitenote_category":0},"product_brand":[],"product_cat":[12274,12518],"product_tag":[],"class_list":{"0":"post-734612","1":"product","2":"type-product","3":"status-publish","5":"product_cat-cocuk-ve-genclik-kitaplari","6":"product_cat-okul-oncesi-kitaplar","7":"pa_cilt-ciltsiz","8":"pa_tur-kitap","9":"pa_yayinevi-is-bankasi-kultur-yayinlari","10":"pa_yazar-melanie-joyce","12":"first","13":"instock","14":"sale","15":"shipping-taxable","16":"purchasable","17":"product-type-simple"},"_links":{"self":[{"href":"https:\/\/roveyayinevi.com.tr\/index.php\/wp-json\/wp\/v2\/product\/734612","targetHints":{"allow":["GET"]}}],"collection":[{"href":"https:\/\/roveyayinevi.com.tr\/index.php\/wp-json\/wp\/v2\/product"}],"about":[{"href":"https:\/\/roveyayinevi.com.tr\/index.php\/wp-json\/wp\/v2\/types\/product"}],"wp:attachment":[{"href":"https:\/\/roveyayinevi.com.tr\/index.php\/wp-json\/wp\/v2\/media?parent=734612"}],"wp:term":[{"taxonomy":"product_brand","embeddable":true,"href":"https:\/\/roveyayinevi.com.tr\/index.php\/wp-json\/wp\/v2\/product_brand?post=734612"},{"taxonomy":"product_cat","embeddable":true,"href":"https:\/\/roveyayinevi.com.tr\/index.php\/wp-json\/wp\/v2\/product_cat?post=734612"},{"taxonomy":"product_tag","embeddable":true,"href":"https:\/\/roveyayinevi.com.tr\/index.php\/wp-json\/wp\/v2\/product_tag?post=734612"}],"curies":[{"name":"wp","href":"https:\/\/api.w.org\/{rel}","templated":true}]}}