{"id":734610,"date":"2025-08-27T22:31:25","date_gmt":"2025-08-27T19:31:25","guid":{"rendered":"https:\/\/roveyayinevi.com.tr\/index.php\/urun\/ormanda-bir-gun\/"},"modified":"2026-04-13T02:51:37","modified_gmt":"2026-04-12T23:51:37","slug":"ormanda-bir-gun","status":"publish","type":"product","link":"https:\/\/roveyayinevi.com.tr\/index.php\/urun\/ormanda-bir-gun\/","title":{"rendered":"Ormanda Bir G\u00fcn"},"content":{"rendered":"<p>Mumi\u2019nin ormanda bir g\u00fcn\u00fcne sen de kat\u0131lmak ister misin? K\u00fc\u00e7\u00fck maymuna e\u015flik ederken arkada\u015flar\u0131yla tan\u0131\u015fabilir, kahkahalar atabilir ve sorduklar\u0131na cevap verebilirsin. \u00c7ocuklar\u0131 g\u00fcl\u00fcmsetecek sevimli bir uyku \u00f6ncesi kitab\u0131. <\/p>\n","protected":false},"excerpt":{"rendered":"<p>Mumi\u2019nin ormanda bir g\u00fcn\u00fcne sen de kat\u0131lmak ister misin? K\u00fc\u00e7\u00fck maymuna e\u015flik ederken arkada\u015flar\u0131yla tan\u0131\u015fabilir, kahkahalar atabilir ve sorduklar\u0131na cevap verebilirsin. \u00c7ocuklar\u0131 g\u00fcl\u00fcmsetecek sevimli bir uyku<span class=\"excerpt-hellip\"> [\u2026]<\/span><\/p>\n","protected":false},"featured_media":0,"template":"","meta":{"_monsterinsights_skip_tracking":false,"_monsterinsights_sitenote_active":false,"_monsterinsights_sitenote_note":"","_monsterinsights_sitenote_category":0},"product_brand":[],"product_cat":[12274,12518],"product_tag":[],"class_list":{"0":"post-734610","1":"product","2":"type-product","3":"status-publish","5":"product_cat-cocuk-ve-genclik-kitaplari","6":"product_cat-okul-oncesi-kitaplar","7":"pa_cilt-ciltsiz","8":"pa_tur-kitap","9":"pa_yayinevi-is-bankasi-kultur-yayinlari","10":"pa_yazar-melanie-joyce","12":"first","13":"instock","14":"sale","15":"shipping-taxable","16":"purchasable","17":"product-type-simple"},"_links":{"self":[{"href":"https:\/\/roveyayinevi.com.tr\/index.php\/wp-json\/wp\/v2\/product\/734610","targetHints":{"allow":["GET"]}}],"collection":[{"href":"https:\/\/roveyayinevi.com.tr\/index.php\/wp-json\/wp\/v2\/product"}],"about":[{"href":"https:\/\/roveyayinevi.com.tr\/index.php\/wp-json\/wp\/v2\/types\/product"}],"wp:attachment":[{"href":"https:\/\/roveyayinevi.com.tr\/index.php\/wp-json\/wp\/v2\/media?parent=734610"}],"wp:term":[{"taxonomy":"product_brand","embeddable":true,"href":"https:\/\/roveyayinevi.com.tr\/index.php\/wp-json\/wp\/v2\/product_brand?post=734610"},{"taxonomy":"product_cat","embeddable":true,"href":"https:\/\/roveyayinevi.com.tr\/index.php\/wp-json\/wp\/v2\/product_cat?post=734610"},{"taxonomy":"product_tag","embeddable":true,"href":"https:\/\/roveyayinevi.com.tr\/index.php\/wp-json\/wp\/v2\/product_tag?post=734610"}],"curies":[{"name":"wp","href":"https:\/\/api.w.org\/{rel}","templated":true}]}}