{"id":734609,"date":"2025-08-27T22:31:25","date_gmt":"2025-08-27T19:31:25","guid":{"rendered":"https:\/\/roveyayinevi.com.tr\/index.php\/urun\/uyku-zamani-2\/"},"modified":"2026-04-06T02:58:30","modified_gmt":"2026-04-05T23:58:30","slug":"uyku-zamani-2","status":"publish","type":"product","link":"https:\/\/roveyayinevi.com.tr\/index.php\/urun\/uyku-zamani-2\/","title":{"rendered":"Uyku Zaman\u0131"},"content":{"rendered":"<p>\u201cUyku zaman\u0131!\u201d diye seslendi kap\u0131da duran Anne Tav\u015fan. \u201cAma biz uyumak istemiyoruz!\u201d diye s\u00f6ylendi minik tav\u015fanlar. \u201cBiraz daha oynamak istiyoruz!\u201d Bakal\u0131m Anne Tav\u015fan, be\u015f yavru tav\u015fan\u0131 nas\u0131l uyutacak? <\/p>\n","protected":false},"excerpt":{"rendered":"<p>\u201cUyku zaman\u0131!\u201d diye seslendi kap\u0131da duran Anne Tav\u015fan. \u201cAma biz uyumak istemiyoruz!\u201d diye s\u00f6ylendi minik tav\u015fanlar. \u201cBiraz daha oynamak istiyoruz!\u201d Bakal\u0131m Anne Tav\u015fan, be\u015f yavru tav\u015fan\u0131<span class=\"excerpt-hellip\"> [\u2026]<\/span><\/p>\n","protected":false},"featured_media":0,"template":"","meta":{"_monsterinsights_skip_tracking":false,"_monsterinsights_sitenote_active":false,"_monsterinsights_sitenote_note":"","_monsterinsights_sitenote_category":0},"product_brand":[],"product_cat":[12274,12518],"product_tag":[],"class_list":{"0":"post-734609","1":"product","2":"type-product","3":"status-publish","5":"product_cat-cocuk-ve-genclik-kitaplari","6":"product_cat-okul-oncesi-kitaplar","7":"pa_cilt-ciltsiz","8":"pa_tur-kitap","9":"pa_yayinevi-is-bankasi-kultur-yayinlari","10":"pa_yazar-stephanie-moss","12":"first","13":"instock","14":"sale","15":"shipping-taxable","16":"purchasable","17":"product-type-simple"},"_links":{"self":[{"href":"https:\/\/roveyayinevi.com.tr\/index.php\/wp-json\/wp\/v2\/product\/734609","targetHints":{"allow":["GET"]}}],"collection":[{"href":"https:\/\/roveyayinevi.com.tr\/index.php\/wp-json\/wp\/v2\/product"}],"about":[{"href":"https:\/\/roveyayinevi.com.tr\/index.php\/wp-json\/wp\/v2\/types\/product"}],"wp:attachment":[{"href":"https:\/\/roveyayinevi.com.tr\/index.php\/wp-json\/wp\/v2\/media?parent=734609"}],"wp:term":[{"taxonomy":"product_brand","embeddable":true,"href":"https:\/\/roveyayinevi.com.tr\/index.php\/wp-json\/wp\/v2\/product_brand?post=734609"},{"taxonomy":"product_cat","embeddable":true,"href":"https:\/\/roveyayinevi.com.tr\/index.php\/wp-json\/wp\/v2\/product_cat?post=734609"},{"taxonomy":"product_tag","embeddable":true,"href":"https:\/\/roveyayinevi.com.tr\/index.php\/wp-json\/wp\/v2\/product_tag?post=734609"}],"curies":[{"name":"wp","href":"https:\/\/api.w.org\/{rel}","templated":true}]}}