{"id":734607,"date":"2025-08-27T22:31:23","date_gmt":"2025-08-27T19:31:23","guid":{"rendered":"https:\/\/roveyayinevi.com.tr\/index.php\/urun\/asagidaki-yangin-deniz-uclemesi-3-ciltli\/"},"modified":"2026-04-16T02:42:12","modified_gmt":"2026-04-15T23:42:12","slug":"asagidaki-yangin-deniz-uclemesi-3-ciltli","status":"publish","type":"product","link":"https:\/\/roveyayinevi.com.tr\/index.php\/urun\/asagidaki-yangin-deniz-uclemesi-3-ciltli\/","title":{"rendered":"A\u015fa\u011f\u0131daki Yang\u0131n &#8211; Deniz \u00dc\u00e7lemesi 3 (Ciltli)"},"content":{"rendered":"<p>Nobel \u00f6d\u00fcll\u00fc yazar William Golding, Deniz \u00dc\u00e7lemesi dizisinin bu \u00fc\u00e7\u00fcnc\u00fc kitab\u0131nda karakterleri ve olay ak\u0131\u015f\u0131n\u0131 beklenmedik k\u0131r\u0131lmalarla s\u00fcsl\u00fcyor. Alcyone\u2019dan gemiye gelen Ben\u00e9t ile Summers\u2019\u0131n \u00e7at\u0131\u015fmalar\u0131, Bay Prettiman\u2019in h\u00fcmanist d\u00f6n\u00fc\u015f\u00fcm\u00fc, \u015fimdiden \u00e7at\u0131\u015fmal\u0131, gizemli bir toplum haline gelmi\u015f gemideki ba\u015fka pek \u00e7ok karakter, gen\u00e7 \u0130ngiliz aristokrat\u0131 Edmund Talbot\u2019\u0131n g\u00f6z\u00fcnden incelikle betimleniyor. Golding, Talbot\u2019\u0131n giderek bir kabusa d\u00f6nen Avustralya yolculu\u011funda duyarl\u0131l\u0131k ve gaddarl\u0131k aras\u0131nda sal\u0131nan insan\u0131 en yal\u0131n haliyle okura sunuyor. Talbot Avustralya\u2019ya ula\u015fabilecek midir? Onu nas\u0131l bir ya\u015fam beklemektedir? Deniz Talbot\u2019\u0131 ve yolcular\u0131 nas\u0131l d\u00f6n\u00fc\u015ft\u00fcrm\u00fc\u015ft\u00fcr? Deniz \u00dc\u00e7lemesi\u2019nin yan\u0131tlar\u0131 bu kitapta sakl\u0131. <\/p>\n","protected":false},"excerpt":{"rendered":"<p>Nobel \u00f6d\u00fcll\u00fc yazar William Golding, Deniz \u00dc\u00e7lemesi dizisinin bu \u00fc\u00e7\u00fcnc\u00fc kitab\u0131nda karakterleri ve olay ak\u0131\u015f\u0131n\u0131 beklenmedik k\u0131r\u0131lmalarla s\u00fcsl\u00fcyor. Alcyone\u2019dan gemiye gelen Ben\u00e9t ile Summers\u2019\u0131n \u00e7at\u0131\u015fmalar\u0131, Bay<span class=\"excerpt-hellip\"> [\u2026]<\/span><\/p>\n","protected":false},"featured_media":0,"template":"","meta":{"_monsterinsights_skip_tracking":false,"_monsterinsights_sitenote_active":false,"_monsterinsights_sitenote_note":"","_monsterinsights_sitenote_category":0},"product_brand":[],"product_cat":[12291,26797],"product_tag":[],"class_list":{"0":"post-734607","1":"product","2":"type-product","3":"status-publish","5":"product_cat-edebiyat","6":"product_cat-modern-klasikler","7":"pa_cilt-ciltli","8":"pa_tur-kitap","9":"pa_yayinevi-is-bankasi-kultur-yayinlari","10":"pa_yazar-william-golding","12":"first","13":"instock","14":"sale","15":"shipping-taxable","16":"purchasable","17":"product-type-simple"},"_links":{"self":[{"href":"https:\/\/roveyayinevi.com.tr\/index.php\/wp-json\/wp\/v2\/product\/734607","targetHints":{"allow":["GET"]}}],"collection":[{"href":"https:\/\/roveyayinevi.com.tr\/index.php\/wp-json\/wp\/v2\/product"}],"about":[{"href":"https:\/\/roveyayinevi.com.tr\/index.php\/wp-json\/wp\/v2\/types\/product"}],"wp:attachment":[{"href":"https:\/\/roveyayinevi.com.tr\/index.php\/wp-json\/wp\/v2\/media?parent=734607"}],"wp:term":[{"taxonomy":"product_brand","embeddable":true,"href":"https:\/\/roveyayinevi.com.tr\/index.php\/wp-json\/wp\/v2\/product_brand?post=734607"},{"taxonomy":"product_cat","embeddable":true,"href":"https:\/\/roveyayinevi.com.tr\/index.php\/wp-json\/wp\/v2\/product_cat?post=734607"},{"taxonomy":"product_tag","embeddable":true,"href":"https:\/\/roveyayinevi.com.tr\/index.php\/wp-json\/wp\/v2\/product_tag?post=734607"}],"curies":[{"name":"wp","href":"https:\/\/api.w.org\/{rel}","templated":true}]}}