{"id":734598,"date":"2025-08-27T22:31:14","date_gmt":"2025-08-27T19:31:14","guid":{"rendered":"https:\/\/roveyayinevi.com.tr\/index.php\/urun\/dunyadaki-son-beyaz-gergedan\/"},"modified":"2026-04-16T02:42:12","modified_gmt":"2026-04-15T23:42:12","slug":"dunyadaki-son-beyaz-gergedan","status":"publish","type":"product","link":"https:\/\/roveyayinevi.com.tr\/index.php\/urun\/dunyadaki-son-beyaz-gergedan\/","title":{"rendered":"D\u00fcnyadaki Son Beyaz Gergedan"},"content":{"rendered":"<p>Bir zamanlar binlerce beyaz gergedan, Afrika\u2019da \u00f6zg\u00fcrce dola\u015f\u0131yordu. Ta ki onlar\u0131n de\u011ferli boynuzlar\u0131 ka\u00e7ak avc\u0131lar taraf\u0131ndan ke\u015ffedilene kadar&#8230; Sonra beyaz gergedanlar ortal\u0131kta g\u00f6r\u00fcnmez oldu.   Ac\u0131mas\u0131z avc\u0131lar, d\u00fcnyadaki son beyaz gergedan\u0131n da pe\u015fine d\u00fc\u015ft\u00fc ama o yaln\u0131z de\u011fildi art\u0131k. D\u00fcnyadaki son tekir kedi onun yard\u0131m\u0131na ko\u015ftu. Tekir kedi d\u00fcnyadaki son kedi de\u011fildi.  Kim bilir belki de son gergedan gelecekteki ilk gergedan olacakt\u0131.<\/p>\n","protected":false},"excerpt":{"rendered":"<p>Bir zamanlar binlerce beyaz gergedan, Afrika\u2019da \u00f6zg\u00fcrce dola\u015f\u0131yordu. Ta ki onlar\u0131n de\u011ferli boynuzlar\u0131 ka\u00e7ak avc\u0131lar taraf\u0131ndan ke\u015ffedilene kadar&#8230; Sonra beyaz gergedanlar ortal\u0131kta g\u00f6r\u00fcnmez oldu. Ac\u0131mas\u0131z avc\u0131lar,<span class=\"excerpt-hellip\"> [\u2026]<\/span><\/p>\n","protected":false},"featured_media":0,"template":"","meta":{"_monsterinsights_skip_tracking":false,"_monsterinsights_sitenote_active":false,"_monsterinsights_sitenote_note":"","_monsterinsights_sitenote_category":0},"product_brand":[],"product_cat":[12274,12284],"product_tag":[],"class_list":{"0":"post-734598","1":"product","2":"type-product","3":"status-publish","5":"product_cat-cocuk-ve-genclik-kitaplari","6":"product_cat-hikayeler","7":"pa_cilt-ciltsiz","8":"pa_tur-kitap","9":"pa_yayinevi-yeni-insan-yayinlari","10":"pa_yazar-giedre-rakauskiene","12":"first","13":"instock","14":"sale","15":"shipping-taxable","16":"purchasable","17":"product-type-simple"},"_links":{"self":[{"href":"https:\/\/roveyayinevi.com.tr\/index.php\/wp-json\/wp\/v2\/product\/734598","targetHints":{"allow":["GET"]}}],"collection":[{"href":"https:\/\/roveyayinevi.com.tr\/index.php\/wp-json\/wp\/v2\/product"}],"about":[{"href":"https:\/\/roveyayinevi.com.tr\/index.php\/wp-json\/wp\/v2\/types\/product"}],"wp:attachment":[{"href":"https:\/\/roveyayinevi.com.tr\/index.php\/wp-json\/wp\/v2\/media?parent=734598"}],"wp:term":[{"taxonomy":"product_brand","embeddable":true,"href":"https:\/\/roveyayinevi.com.tr\/index.php\/wp-json\/wp\/v2\/product_brand?post=734598"},{"taxonomy":"product_cat","embeddable":true,"href":"https:\/\/roveyayinevi.com.tr\/index.php\/wp-json\/wp\/v2\/product_cat?post=734598"},{"taxonomy":"product_tag","embeddable":true,"href":"https:\/\/roveyayinevi.com.tr\/index.php\/wp-json\/wp\/v2\/product_tag?post=734598"}],"curies":[{"name":"wp","href":"https:\/\/api.w.org\/{rel}","templated":true}]}}