{"id":734597,"date":"2025-08-27T22:31:13","date_gmt":"2025-08-27T19:31:13","guid":{"rendered":"https:\/\/roveyayinevi.com.tr\/index.php\/urun\/bu-kimin-cesedi\/"},"modified":"2026-04-16T02:42:12","modified_gmt":"2026-04-15T23:42:12","slug":"bu-kimin-cesedi","status":"publish","type":"product","link":"https:\/\/roveyayinevi.com.tr\/index.php\/urun\/bu-kimin-cesedi\/","title":{"rendered":"Bu Kimin Cesedi?"},"content":{"rendered":"<p>\u015eakac\u0131, zeki ve soylu Lord Peter Wimsey, ilk cinayet davas\u0131ndaki d\u00fc\u011f\u00fcmleri \u00e7\u00f6zmenin pe\u015finde&#8230;   K\u00fcvette iriyar\u0131 bir adam\u0131n cesedi uzan\u0131yor. Ortada bir cinayet varsa bu al\u0131\u015f\u0131lmad\u0131k de\u011fil. Peki ya cesede \u00f6zenle yerle\u015ftirilmi\u015f o \u015f\u0131k, alt\u0131n monokl? Grotesk bir zarafetle \u00f6l\u00fcmle dalga ge\u00e7iliyor sanki.   Lord Peter Wimsey olay yerine geldi\u011finde hayat\u0131n\u0131n bilmecesiyle kar\u015f\u0131la\u015ft\u0131. Polis cinayetten k\u00fcvetin sahibini sorumlu tutsa da dedektifin ara\u015ft\u0131rmas\u0131 \u00e7ok daha tuhaf bir \u015feyler oldu\u011funu ortaya \u00e7\u0131karacak.   \u015eimdi tek yapmas\u0131 gereken banyodaki cesedin kimin oldu\u011funu bulmak. \u0130lk cinayet davas\u0131nda Lord Peter, k\u00fcvetteki cesedin s\u0131rlar\u0131n\u0131 tek tek \u00e7\u00f6zebilecek mi?     \u201cLord Peter kaleme al\u0131nm\u0131\u015f en iyi dedektifler aras\u0131nda kendine yer edinmeyi ba\u015far\u0131yor.\u201d \u2013 The New York Times   \u201cEn ba\u015far\u0131l\u0131 cinayet romanlar\u0131ndan biri.\u201d \u2013 Saturday Review<\/p>\n","protected":false},"excerpt":{"rendered":"<p>\u015eakac\u0131, zeki ve soylu Lord Peter Wimsey, ilk cinayet davas\u0131ndaki d\u00fc\u011f\u00fcmleri \u00e7\u00f6zmenin pe\u015finde&#8230; K\u00fcvette iriyar\u0131 bir adam\u0131n cesedi uzan\u0131yor. Ortada bir cinayet varsa bu al\u0131\u015f\u0131lmad\u0131k de\u011fil.<span class=\"excerpt-hellip\"> [\u2026]<\/span><\/p>\n","protected":false},"featured_media":0,"template":"","meta":{"_monsterinsights_skip_tracking":false,"_monsterinsights_sitenote_active":false,"_monsterinsights_sitenote_note":"","_monsterinsights_sitenote_category":0},"product_brand":[],"product_cat":[12291,15445],"product_tag":[],"class_list":{"0":"post-734597","1":"product","2":"type-product","3":"status-publish","5":"product_cat-edebiyat","6":"product_cat-polisiye","7":"pa_cilt-ciltsiz","8":"pa_tur-kitap","9":"pa_yayinevi-sahi-kitap","10":"pa_yazar-dorothy-l-sayers","12":"first","13":"instock","14":"sale","15":"shipping-taxable","16":"purchasable","17":"product-type-simple"},"_links":{"self":[{"href":"https:\/\/roveyayinevi.com.tr\/index.php\/wp-json\/wp\/v2\/product\/734597","targetHints":{"allow":["GET"]}}],"collection":[{"href":"https:\/\/roveyayinevi.com.tr\/index.php\/wp-json\/wp\/v2\/product"}],"about":[{"href":"https:\/\/roveyayinevi.com.tr\/index.php\/wp-json\/wp\/v2\/types\/product"}],"wp:attachment":[{"href":"https:\/\/roveyayinevi.com.tr\/index.php\/wp-json\/wp\/v2\/media?parent=734597"}],"wp:term":[{"taxonomy":"product_brand","embeddable":true,"href":"https:\/\/roveyayinevi.com.tr\/index.php\/wp-json\/wp\/v2\/product_brand?post=734597"},{"taxonomy":"product_cat","embeddable":true,"href":"https:\/\/roveyayinevi.com.tr\/index.php\/wp-json\/wp\/v2\/product_cat?post=734597"},{"taxonomy":"product_tag","embeddable":true,"href":"https:\/\/roveyayinevi.com.tr\/index.php\/wp-json\/wp\/v2\/product_tag?post=734597"}],"curies":[{"name":"wp","href":"https:\/\/api.w.org\/{rel}","templated":true}]}}