{"id":734596,"date":"2025-08-27T22:31:11","date_gmt":"2025-08-27T19:31:11","guid":{"rendered":"https:\/\/roveyayinevi.com.tr\/index.php\/urun\/golet\/"},"modified":"2025-11-13T07:12:11","modified_gmt":"2025-11-13T04:12:11","slug":"golet","status":"publish","type":"product","link":"https:\/\/roveyayinevi.com.tr\/index.php\/urun\/golet\/","title":{"rendered":"G\u00f6let"},"content":{"rendered":"<p>Da\u011f\u0131n\u0131k bir zihnin k\u00e2\u011f\u0131da d\u00f6k\u00fclm\u00fc\u015f hali&#8230;   K\u00fc\u00e7\u00fck bir sahil kasabas\u0131nda tek ba\u015f\u0131na ya\u015fayan gen\u00e7 bir kad\u0131n. \u0130smi yok. Yulaf lapas\u0131 ya da muz yiyi\u015finden ineklerle kar\u015f\u0131la\u015fmas\u0131na, g\u00fcndelik hayat\u0131n\u0131n detaylar\u0131n\u0131 payla\u015f\u0131yor. Hem de bunu bazen hik\u00e2ye tad\u0131nda, bazen bir hik\u00e2yenin b\u00f6l\u00fcm\u00fcn\u00fc anlat\u0131r gibi, bazense bir sayfadan uzun olmayan kesitler \u015feklinde aktararak yap\u0131yor.   \u00c7evrenin kendi i\u00e7ine d\u00f6nmeye zorlad\u0131\u011f\u0131 bu karakter arzular\u0131n\u0131, \u00f6fkesini ve hayal k\u0131r\u0131kl\u0131klar\u0131n\u0131 bu \u015fekilde dile getiriyor. Onun kimi zaman can s\u0131kan, s\u0131kl\u0131kla komik tuhafl\u0131klar\u0131yla bo\u011fu\u015ftuk\u00e7a,  elimizde olmadan kendi arzular\u0131m\u0131z ile yetersizliklerimizi, her \u015feye ra\u011fmen tan\u0131nmaya dair ka\u00e7ak tutkumuzu g\u00f6r\u00fcyoruz. Her detay\u0131n ele al\u0131nd\u0131\u011f\u0131, her sesin yank\u0131land\u0131\u011f\u0131, her \u015feyin ger\u00e7ekli\u011fi deforme eden bir lensten aktar\u0131ld\u0131\u011f\u0131 bu hayat\u0131n t\u00fcm zevklerine ve zorluklar\u0131na G\u00f6let\u2019te \u015fahit olacaks\u0131n\u0131z.     Karl Ove Knausgaard, Deborah Levy, Eimear McBride gibi yazarlarca \u00f6v\u00fclen Claire-Louise Bennett, T\u00fcrk\u00e7ede ilk kez G\u00f6let kitab\u0131yla okurla bulu\u015fuyor.     \u201c\u0130\u011fneleyici, komik ve ayr\u0131ks\u0131. G\u00f6let, Bennett\u2019\u0131n yenilik\u00e7i bir yazar olarak \u00f6ne \u00e7\u0131kmas\u0131n\u0131 sa\u011fl\u0131yor ve k\u00fc\u00e7\u00fck \u015feylerde sakl\u0131 derinli\u011fi hat\u0131rlat\u0131yor bize.\u201d \u2013 New York Times   \u201c\u015ea\u015f\u0131rt\u0131c\u0131. Ustal\u0131kla kaleme al\u0131nm\u0131\u015f.\u201d \u2013 Oprah Magazine <\/p>\n","protected":false},"excerpt":{"rendered":"<p>Da\u011f\u0131n\u0131k bir zihnin k\u00e2\u011f\u0131da d\u00f6k\u00fclm\u00fc\u015f hali&#8230; K\u00fc\u00e7\u00fck bir sahil kasabas\u0131nda tek ba\u015f\u0131na ya\u015fayan gen\u00e7 bir kad\u0131n. \u0130smi yok. Yulaf lapas\u0131 ya da muz yiyi\u015finden ineklerle kar\u015f\u0131la\u015fmas\u0131na,<span class=\"excerpt-hellip\"> [\u2026]<\/span><\/p>\n","protected":false},"featured_media":0,"template":"","meta":{"_monsterinsights_skip_tracking":false,"_monsterinsights_sitenote_active":false,"_monsterinsights_sitenote_note":"","_monsterinsights_sitenote_category":0},"product_brand":[],"product_cat":[12291,12711],"product_tag":[],"class_list":{"0":"post-734596","1":"product","2":"type-product","3":"status-publish","5":"product_cat-edebiyat","6":"product_cat-roman-oyku","7":"pa_cilt-ciltsiz","8":"pa_tur-kitap","9":"pa_yayinevi-sahi-kitap","10":"pa_yazar-claire-louise-bennett","12":"first","13":"instock","14":"sale","15":"shipping-taxable","16":"purchasable","17":"product-type-simple"},"_links":{"self":[{"href":"https:\/\/roveyayinevi.com.tr\/index.php\/wp-json\/wp\/v2\/product\/734596","targetHints":{"allow":["GET"]}}],"collection":[{"href":"https:\/\/roveyayinevi.com.tr\/index.php\/wp-json\/wp\/v2\/product"}],"about":[{"href":"https:\/\/roveyayinevi.com.tr\/index.php\/wp-json\/wp\/v2\/types\/product"}],"wp:attachment":[{"href":"https:\/\/roveyayinevi.com.tr\/index.php\/wp-json\/wp\/v2\/media?parent=734596"}],"wp:term":[{"taxonomy":"product_brand","embeddable":true,"href":"https:\/\/roveyayinevi.com.tr\/index.php\/wp-json\/wp\/v2\/product_brand?post=734596"},{"taxonomy":"product_cat","embeddable":true,"href":"https:\/\/roveyayinevi.com.tr\/index.php\/wp-json\/wp\/v2\/product_cat?post=734596"},{"taxonomy":"product_tag","embeddable":true,"href":"https:\/\/roveyayinevi.com.tr\/index.php\/wp-json\/wp\/v2\/product_tag?post=734596"}],"curies":[{"name":"wp","href":"https:\/\/api.w.org\/{rel}","templated":true}]}}