{"id":734592,"date":"2025-08-27T22:31:07","date_gmt":"2025-08-27T19:31:07","guid":{"rendered":"https:\/\/roveyayinevi.com.tr\/index.php\/urun\/shadowghast-karakasvet-bez-cilt-somizli\/"},"modified":"2026-04-16T02:42:12","modified_gmt":"2026-04-15T23:42:12","slug":"shadowghast-karakasvet-bez-cilt-somizli","status":"publish","type":"product","link":"https:\/\/roveyayinevi.com.tr\/index.php\/urun\/shadowghast-karakasvet-bez-cilt-somizli\/","title":{"rendered":"Shadowghast &#8211; Karakasvet (Bez Cilt-\u015e\u00f6mizli)"},"content":{"rendered":"<p>Tuhaf Deniz Kasabas\u0131 Efsaneleri\u2019nin \u00fc\u00e7\u00fcnc\u00fc maceras\u0131nda, kasaban\u0131n geleneksel festivali Kasvet Gecesi i\u00e7in haz\u0131rl\u0131klar devam ederken bir fenerin i\u00e7ine s\u0131k\u0131\u015fm\u0131\u015f antik bir ruh olan Karakasvet t\u00fcm kasabay\u0131 ele ge\u00e7irmek i\u00e7in pusuda bekliyor.Serinin \u00fc\u00e7\u00fcnc\u00fc kitab\u0131nda, y\u0131llar \u00f6nce ailesini kaybetti\u011fi bir gemi kazas\u0131 ge\u00e7iren Herbert Limon, ge\u00e7mi\u015findeki karanl\u0131k g\u00f6lgelerle y\u00fczle\u015firken kasabay\u0131 tehdit eden bir yarat\u0131\u011f\u0131n pe\u015fine d\u00fc\u015fer. Di\u011fer kasabalar bilindik festivallerle oyalan\u0131rken, Tuhaf Deniz Kasabas\u0131\u2019nda i\u015fler her zamanki gibi tam tersi i\u015fler. Efsaneye g\u00f6re, kasaba halk\u0131 Kasvet Gecesi\u2019nde mum yakmaz ve hi\u00e7bir \u015fovmen iskelede kukla g\u00f6sterisi sergilemezse hakarete u\u011fram\u0131\u015f hisseden Karakasvet, kasaba halk\u0131n\u0131n g\u00f6lgelerini yakalay\u0131p yutar.Bu y\u0131l festival i\u00e7in kasabaya davet edilen profesyonel tiyatro ekibinden biri de Herbie\u2019nin ge\u00e7mi\u015fi hakk\u0131nda \u015fa\u015f\u0131rt\u0131c\u0131 haberler veren kuzgun sa\u00e7l\u0131 sihirbaz Caliastra\u2019d\u0131r. Tiyatrocular otele girer girmez Herbie\u2019nin en yak\u0131n arkada\u015f\u0131 Violet\u2019in koruyucusu da dahil olmak \u00fczere kasaba halk\u0131 bir bir ortadan kaybolmaya ba\u015flar. Ger\u00e7e\u011fi kurnazl\u0131ktan ay\u0131rmak ve karanl\u0131k herkesi yutmadan \u00f6nce Karakasvet\u2019in gizemini \u00e7\u00f6zmek yine Herbie ve Violet\u2019e kal\u0131r.<\/p>\n","protected":false},"excerpt":{"rendered":"<p>Tuhaf Deniz Kasabas\u0131 Efsaneleri\u2019nin \u00fc\u00e7\u00fcnc\u00fc maceras\u0131nda, kasaban\u0131n geleneksel festivali Kasvet Gecesi i\u00e7in haz\u0131rl\u0131klar devam ederken bir fenerin i\u00e7ine s\u0131k\u0131\u015fm\u0131\u015f antik bir ruh olan Karakasvet t\u00fcm kasabay\u0131<span class=\"excerpt-hellip\"> [\u2026]<\/span><\/p>\n","protected":false},"featured_media":0,"template":"","meta":{"_monsterinsights_skip_tracking":false,"_monsterinsights_sitenote_active":false,"_monsterinsights_sitenote_note":"","_monsterinsights_sitenote_category":0},"product_brand":[],"product_cat":[12275,12274],"product_tag":[],"class_list":{"0":"post-734592","1":"product","2":"type-product","3":"status-publish","5":"product_cat-6-12-yas-kitaplari","6":"product_cat-cocuk-ve-genclik-kitaplari","7":"pa_cilt-ciltli","8":"pa_tur-kitap","9":"pa_yayinevi-genc-timas","10":"pa_yazar-thomas-taylor","12":"first","13":"instock","14":"sale","15":"shipping-taxable","16":"purchasable","17":"product-type-simple"},"_links":{"self":[{"href":"https:\/\/roveyayinevi.com.tr\/index.php\/wp-json\/wp\/v2\/product\/734592","targetHints":{"allow":["GET"]}}],"collection":[{"href":"https:\/\/roveyayinevi.com.tr\/index.php\/wp-json\/wp\/v2\/product"}],"about":[{"href":"https:\/\/roveyayinevi.com.tr\/index.php\/wp-json\/wp\/v2\/types\/product"}],"wp:attachment":[{"href":"https:\/\/roveyayinevi.com.tr\/index.php\/wp-json\/wp\/v2\/media?parent=734592"}],"wp:term":[{"taxonomy":"product_brand","embeddable":true,"href":"https:\/\/roveyayinevi.com.tr\/index.php\/wp-json\/wp\/v2\/product_brand?post=734592"},{"taxonomy":"product_cat","embeddable":true,"href":"https:\/\/roveyayinevi.com.tr\/index.php\/wp-json\/wp\/v2\/product_cat?post=734592"},{"taxonomy":"product_tag","embeddable":true,"href":"https:\/\/roveyayinevi.com.tr\/index.php\/wp-json\/wp\/v2\/product_tag?post=734592"}],"curies":[{"name":"wp","href":"https:\/\/api.w.org\/{rel}","templated":true}]}}