{"id":734590,"date":"2025-08-27T22:31:05","date_gmt":"2025-08-27T19:31:05","guid":{"rendered":"https:\/\/roveyayinevi.com.tr\/index.php\/urun\/kuantum-ansiklopedik-sozluk\/"},"modified":"2026-04-16T02:42:12","modified_gmt":"2026-04-15T23:42:12","slug":"kuantum-ansiklopedik-sozluk","status":"publish","type":"product","link":"https:\/\/roveyayinevi.com.tr\/index.php\/urun\/kuantum-ansiklopedik-sozluk\/","title":{"rendered":"Kuantum Ansiklopedik S\u00f6zl\u00fck"},"content":{"rendered":"<p>Bu kitap, mikro-d\u00fcnyan\u0131n y\u00fcz y\u0131l\u0131 a\u015fan bilimsel inceleni\u015finin h\u0131zl\u0131 g\u00f6zden ge\u00e7irili\u015fini tarihsel bir g\u00f6r\u00fcn\u00fcm i\u00e7ine yerle\u015ftirmeyi ama\u00e7l\u0131yor. Ansiklopedik bir s\u00f6zl\u00fck \u015feklinde d\u00fczenlenen kitapta t\u00fcm teknik terimler alfabetik s\u0131ras\u0131yla eksiksiz a\u00e7\u0131klanmakta. \u0130lk tan\u0131\u015f\u0131lan atomalt\u0131 par\u00e7ac\u0131k olan elektronun 1897\u2019deki ke\u015ffinden  g\u00fcn\u00fcm\u00fczdeki Par\u00e7ac\u0131k Fizi\u011finin Standart Modeline kadar kuantum mekani\u011fini meydana getiren t\u00fcm bile\u015fenlerin yer ald\u0131\u011f\u0131 kitap g\u00fcn\u00fcm\u00fczdeki fizik problemlerini de \u00f6zetliyor. \u201cKuantum, Latincede \u201ckemiyet, miktar\u201d anlam\u0131na gelen quantum kelimesinin, Max Planck taraf\u0131ndan \u0131\u015f\u0131k i\u00e7in \u00f6nerdi\u011fi enerji \u201ctopaklar\u0131\u201dndan genelleyerek (ana metnin ilgili maddelerinde de a\u00e7\u0131kland\u0131\u011f\u0131 \u015fekilde) a\u00e7\u0131sal momentum, enerji ve eylem gibi fiziksel niceliklerin bir sistemde yaln\u0131zca belli yal\u0131n\u0131k de\u011ferler al\u0131\u015f\u0131n\u0131 niteleyen ve Bat\u0131 dillerinde aynen kullan\u0131lan terimin \u201cT\u00fcrk\u00e7ele\u015ftirilmi\u015fi\u201ddir. Latince \u00e7o\u011fulu (\u0130ngilizcesi de) quanta\u2019d\u0131r.\u201d  \u2013R. \u00d6m\u00fcr Aky\u00fcz (\u00e7evirmen)   \u201cGribbin y\u00fcz y\u0131ll\u0131k par\u00e7ac\u0131k fizi\u011fi kuramlar\u0131n\u0131 A\u2019dan Z\u2019ye anlatmakta.\u201d \u2013Natural History \u201cBu kitap, kuarklar\u0131 anlamakta g\u00fc\u00e7l\u00fck \u00e7ekenler ve fizikteki \u00f6nemli olaylar\u0131n k\u0131sa bir \u00f6zetini arayanlar i\u00e7in muhte\u015fem bir referans \u00e7al\u0131\u015fmas\u0131 sunuyor.\u201d  \u2013Scientific American Pek \u00e7ok pop\u00fcler bilim kitab\u0131 yazm\u0131\u015f olan \u00fcnl\u00fc \u0130ngiliz fizik\u00e7i Gribbin\u2019in par\u00e7ac\u0131k fizi\u011finin karma\u015f\u0131k d\u00fcnyas\u0131 \u00fczerine yazd\u0131\u011f\u0131 bu eser, s\u0131radan okurlar i\u00e7in yaz\u0131lm\u0131\u015ft\u0131r. Kitap, konuyu tarihsel perspektife yerle\u015ftiren bir giri\u015f makalesinin ard\u0131ndan kapsaml\u0131 bir ansiklopedik s\u00f6zl\u00fck ve k\u0131sa bir kaynak\u00e7ayla birlikte, bilim ve tarihteki \u00f6nemli tarihleri g\u00f6steren zaman \u00e7izelgelerini de i\u00e7erir.\u201d \u2013Library Journal <\/p>\n","protected":false},"excerpt":{"rendered":"<p>Bu kitap, mikro-d\u00fcnyan\u0131n y\u00fcz y\u0131l\u0131 a\u015fan bilimsel inceleni\u015finin h\u0131zl\u0131 g\u00f6zden ge\u00e7irili\u015fini tarihsel bir g\u00f6r\u00fcn\u00fcm i\u00e7ine yerle\u015ftirmeyi ama\u00e7l\u0131yor. Ansiklopedik bir s\u00f6zl\u00fck \u015feklinde d\u00fczenlenen kitapta t\u00fcm teknik terimler<span class=\"excerpt-hellip\"> [\u2026]<\/span><\/p>\n","protected":false},"featured_media":0,"template":"","meta":{"_monsterinsights_skip_tracking":false,"_monsterinsights_sitenote_active":false,"_monsterinsights_sitenote_note":"","_monsterinsights_sitenote_category":0},"product_brand":[],"product_cat":[13005,13006],"product_tag":[],"class_list":{"0":"post-734590","1":"product","2":"type-product","3":"status-publish","5":"product_cat-bilim-muhendislik","6":"product_cat-populer-bilim","7":"pa_cilt-ciltsiz","8":"pa_tur-kitap","9":"pa_yayinevi-alfa-yayinlari","10":"pa_yazar-john-gribbin","12":"first","13":"instock","14":"sale","15":"shipping-taxable","16":"purchasable","17":"product-type-simple"},"_links":{"self":[{"href":"https:\/\/roveyayinevi.com.tr\/index.php\/wp-json\/wp\/v2\/product\/734590","targetHints":{"allow":["GET"]}}],"collection":[{"href":"https:\/\/roveyayinevi.com.tr\/index.php\/wp-json\/wp\/v2\/product"}],"about":[{"href":"https:\/\/roveyayinevi.com.tr\/index.php\/wp-json\/wp\/v2\/types\/product"}],"wp:attachment":[{"href":"https:\/\/roveyayinevi.com.tr\/index.php\/wp-json\/wp\/v2\/media?parent=734590"}],"wp:term":[{"taxonomy":"product_brand","embeddable":true,"href":"https:\/\/roveyayinevi.com.tr\/index.php\/wp-json\/wp\/v2\/product_brand?post=734590"},{"taxonomy":"product_cat","embeddable":true,"href":"https:\/\/roveyayinevi.com.tr\/index.php\/wp-json\/wp\/v2\/product_cat?post=734590"},{"taxonomy":"product_tag","embeddable":true,"href":"https:\/\/roveyayinevi.com.tr\/index.php\/wp-json\/wp\/v2\/product_tag?post=734590"}],"curies":[{"name":"wp","href":"https:\/\/api.w.org\/{rel}","templated":true}]}}