{"id":734589,"date":"2025-08-27T22:31:04","date_gmt":"2025-08-27T19:31:04","guid":{"rendered":"https:\/\/roveyayinevi.com.tr\/index.php\/urun\/denemek-sapmak-cekmeceler-kitabi-ii\/"},"modified":"2026-04-16T02:42:12","modified_gmt":"2026-04-15T23:42:12","slug":"denemek-sapmak-cekmeceler-kitabi-ii","status":"publish","type":"product","link":"https:\/\/roveyayinevi.com.tr\/index.php\/urun\/denemek-sapmak-cekmeceler-kitabi-ii\/","title":{"rendered":"Denemek Sapmak &#8211; \u00c7ekmeceler Kitab\u0131 II"},"content":{"rendered":"<p>Sesler ve g\u00f6r\u00fcnt\u00fcler, kal\u0131c\u0131 izler mi? B\u00fcy\u00fck, ba\u015f edilmez bir korku bana onlar\u0131 toplatt\u0131r\u0131yor \u00f6teden beri. Toplamaktan vazge\u00e7ebilecek \u00f6l\u00e7\u00fcde dinginlik bulaca\u011f\u0131m bir e\u015fik \u00e7izece\u011fim, umudum beni h\u0131rpal\u0131yor, yoruyor. Beklemekse, i\u00e7eride bir yerde, ola ki hen\u00fcz uzakta, kendimin bek\u00e7isi, korkulu\u011fu, totemi olabilirim de. Kendimin maketi, ta\u015fla\u015fm\u0131\u015f g\u00f6vdesi, hareketsizli\u011finde k\u0131p\u0131r k\u0131p\u0131r ifadesi. Bir tek bilgi yetiyor ama, dik tutmaya \u00e7al\u0131\u015ft\u0131\u011f\u0131m duygular\u0131 y\u0131kmaya: N\u00f6beti devrald\u0131m, devredece\u011fim, bunu yads\u0131sam bile: Birikmi\u015f imgelere katt\u0131\u011f\u0131m imgeler: Burada daha \u00f6nce bunlar yoktu, onlar\u0131 ben \u00fcst\u00fcste, yanyana, i\u00e7i\u00e7e dizdim. Benim yaz\u0131m bu.<\/p>\n","protected":false},"excerpt":{"rendered":"<p>Sesler ve g\u00f6r\u00fcnt\u00fcler, kal\u0131c\u0131 izler mi? B\u00fcy\u00fck, ba\u015f edilmez bir korku bana onlar\u0131 toplatt\u0131r\u0131yor \u00f6teden beri. Toplamaktan vazge\u00e7ebilecek \u00f6l\u00e7\u00fcde dinginlik bulaca\u011f\u0131m bir e\u015fik \u00e7izece\u011fim, umudum beni<span class=\"excerpt-hellip\"> [\u2026]<\/span><\/p>\n","protected":false},"featured_media":0,"template":"","meta":{"_monsterinsights_skip_tracking":false,"_monsterinsights_sitenote_active":false,"_monsterinsights_sitenote_note":"","_monsterinsights_sitenote_category":0},"product_brand":[],"product_cat":[12777,12291],"product_tag":[],"class_list":{"0":"post-734589","1":"product","2":"type-product","3":"status-publish","5":"product_cat-deneme","6":"product_cat-edebiyat","7":"pa_cilt-ciltsiz","8":"pa_tur-kitap","9":"pa_yayinevi-sel-yayincilik","10":"pa_yazar-enis-batur","12":"first","13":"instock","14":"sale","15":"shipping-taxable","16":"purchasable","17":"product-type-simple"},"_links":{"self":[{"href":"https:\/\/roveyayinevi.com.tr\/index.php\/wp-json\/wp\/v2\/product\/734589","targetHints":{"allow":["GET"]}}],"collection":[{"href":"https:\/\/roveyayinevi.com.tr\/index.php\/wp-json\/wp\/v2\/product"}],"about":[{"href":"https:\/\/roveyayinevi.com.tr\/index.php\/wp-json\/wp\/v2\/types\/product"}],"wp:attachment":[{"href":"https:\/\/roveyayinevi.com.tr\/index.php\/wp-json\/wp\/v2\/media?parent=734589"}],"wp:term":[{"taxonomy":"product_brand","embeddable":true,"href":"https:\/\/roveyayinevi.com.tr\/index.php\/wp-json\/wp\/v2\/product_brand?post=734589"},{"taxonomy":"product_cat","embeddable":true,"href":"https:\/\/roveyayinevi.com.tr\/index.php\/wp-json\/wp\/v2\/product_cat?post=734589"},{"taxonomy":"product_tag","embeddable":true,"href":"https:\/\/roveyayinevi.com.tr\/index.php\/wp-json\/wp\/v2\/product_tag?post=734589"}],"curies":[{"name":"wp","href":"https:\/\/api.w.org\/{rel}","templated":true}]}}