{"id":734588,"date":"2025-08-27T22:31:03","date_gmt":"2025-08-27T19:31:03","guid":{"rendered":"https:\/\/roveyayinevi.com.tr\/index.php\/urun\/kara-kapli\/"},"modified":"2026-04-16T02:42:12","modified_gmt":"2026-04-15T23:42:12","slug":"kara-kapli","status":"publish","type":"product","link":"https:\/\/roveyayinevi.com.tr\/index.php\/urun\/kara-kapli\/","title":{"rendered":"Kara Kapl\u0131"},"content":{"rendered":"<p>Semra B\u00fclgin, istihzadan ka\u00e7\u0131nan kalemiyle okuru kap\u0131 duvar ger\u00e7eklerin, kapanmam\u0131\u015f hesaplar\u0131n, bast\u0131r\u0131lm\u0131\u015f arzular\u0131n ve utkular\u0131n gizlendi\u011fi s\u0131rr\u0131 d\u00f6k\u00fck aynalarda kendini g\u00f6rmeye davet ediyor.Ka\u00e7ak oynad\u0131k\u00e7a kabul g\u00f6rme, ilendik\u00e7e kazanma, kaybettik\u00e7e h\u0131r\u00e7\u0131nla\u015fmaya meyleden karakterlerin ayakta ve hayatta kalma \u00e7abas\u0131n\u0131n y\u00fcksek perdeden sesleri kadar, k\u0131r\u0131lgan i\u00e7 \u00e7eki\u015fleri de doluyor kulaklara.Kara Kapl\u0131: \u00c2n\u0131n de\u011fil ba\u015fka bir hayat\u0131n izlerini ta\u015f\u0131yan bedenlerdeki yara berelerin haritas\u0131.<\/p>\n","protected":false},"excerpt":{"rendered":"<p>Semra B\u00fclgin, istihzadan ka\u00e7\u0131nan kalemiyle okuru kap\u0131 duvar ger\u00e7eklerin, kapanmam\u0131\u015f hesaplar\u0131n, bast\u0131r\u0131lm\u0131\u015f arzular\u0131n ve utkular\u0131n gizlendi\u011fi s\u0131rr\u0131 d\u00f6k\u00fck aynalarda kendini g\u00f6rmeye davet ediyor.Ka\u00e7ak oynad\u0131k\u00e7a kabul g\u00f6rme,<span class=\"excerpt-hellip\"> [\u2026]<\/span><\/p>\n","protected":false},"featured_media":0,"template":"","meta":{"_monsterinsights_skip_tracking":false,"_monsterinsights_sitenote_active":false,"_monsterinsights_sitenote_note":"","_monsterinsights_sitenote_category":0},"product_brand":[],"product_cat":[12291,12711],"product_tag":[],"class_list":{"0":"post-734588","1":"product","2":"type-product","3":"status-publish","5":"product_cat-edebiyat","6":"product_cat-roman-oyku","7":"pa_cilt-ciltsiz","8":"pa_tur-kitap","9":"pa_yayinevi-sel-yayincilik","10":"pa_yazar-semra-bulgin","12":"first","13":"instock","14":"sale","15":"shipping-taxable","16":"purchasable","17":"product-type-simple"},"_links":{"self":[{"href":"https:\/\/roveyayinevi.com.tr\/index.php\/wp-json\/wp\/v2\/product\/734588","targetHints":{"allow":["GET"]}}],"collection":[{"href":"https:\/\/roveyayinevi.com.tr\/index.php\/wp-json\/wp\/v2\/product"}],"about":[{"href":"https:\/\/roveyayinevi.com.tr\/index.php\/wp-json\/wp\/v2\/types\/product"}],"wp:attachment":[{"href":"https:\/\/roveyayinevi.com.tr\/index.php\/wp-json\/wp\/v2\/media?parent=734588"}],"wp:term":[{"taxonomy":"product_brand","embeddable":true,"href":"https:\/\/roveyayinevi.com.tr\/index.php\/wp-json\/wp\/v2\/product_brand?post=734588"},{"taxonomy":"product_cat","embeddable":true,"href":"https:\/\/roveyayinevi.com.tr\/index.php\/wp-json\/wp\/v2\/product_cat?post=734588"},{"taxonomy":"product_tag","embeddable":true,"href":"https:\/\/roveyayinevi.com.tr\/index.php\/wp-json\/wp\/v2\/product_tag?post=734588"}],"curies":[{"name":"wp","href":"https:\/\/api.w.org\/{rel}","templated":true}]}}