{"id":734585,"date":"2025-08-27T22:31:01","date_gmt":"2025-08-27T19:31:01","guid":{"rendered":"https:\/\/roveyayinevi.com.tr\/index.php\/urun\/ogrenci-hayatinin-sefaleti-ekonomik-politik-psikolojik-cinsel-ve-ozellikle-entelektuel-vecheleriyle\/"},"modified":"2026-04-16T02:42:12","modified_gmt":"2026-04-15T23:42:12","slug":"ogrenci-hayatinin-sefaleti-ekonomik-politik-psikolojik-cinsel-ve-ozellikle-entelektuel-vecheleriyle","status":"publish","type":"product","link":"https:\/\/roveyayinevi.com.tr\/index.php\/urun\/ogrenci-hayatinin-sefaleti-ekonomik-politik-psikolojik-cinsel-ve-ozellikle-entelektuel-vecheleriyle\/","title":{"rendered":"\u00d6\u011frenci Hayat\u0131n\u0131n Sefaleti &#8211; Ekonomik, Politik, Psikolojik, Cinsel ve \u00d6zellikle Entelekt\u00fcel Ve\u00e7heleriyle"},"content":{"rendered":"<p>B\u00fct\u00fcn d\u00fcnyay\u0131 kas\u0131p kavuracak &#8217;68 olaylar\u0131 \u00f6ncesinde Strasbourg \u00dcniversitesi&#8217;nde da\u011f\u0131t\u0131lan ve bir do\u011frudan demokrasi \u00e7a\u011fr\u0131s\u0131 niteli\u011fi ta\u015f\u0131yan \u00d6\u011frenci Hayat\u0131n\u0131n Sefaleti manifestosu say\u0131s\u0131z korsan bask\u0131yla k\u0131sa s\u00fcre i\u00e7inde binlerce \u00f6\u011frenciye ula\u015f\u0131r.Ba\u015fl\u0131\u011f\u0131n\u0131 Guy Debord&#8217;un koydu\u011fu ve Tunuslu sendikac\u0131 Mustapha Khayati&#8217;nin kaleme ald\u0131\u011f\u0131, Sit\u00fcasyonist Enternasyonal&#8217;in bu \u00e7a\u011fr\u0131s\u0131; hem t\u00fcketim ve g\u00f6steri toplumu entelijansiyas\u0131n\u0131n hem de sendikal ve politik b\u00fcrokrasilerin yergisi olarak, \u00f6\u011frencileri iktidar \u00e7arklar\u0131 i\u00e7inde oyalanmay\u0131p devrim umuduna \u015fenlikli bir hava katmaya davet etmektedir: &#8220;S\u0131k\u0131nt\u0131 kar\u015f\u0131devrimcidir!&#8221;D\u00fcnyay\u0131 kapitalizmin \u00f6tesine ta\u015f\u0131yacak \u00f6zne, yeni bir &#8220;hayat\u0131n bilin\u00e7li y\u00f6netimini&#8221; \u015fekillendirecek yap\u0131 ve ortaya \u00e7\u0131kacak bu yeni d\u00fcnyan\u0131n kategorilerine dair sorulara verdi\u011fi cevaplarla \u00d6\u011frenci Hayat\u0131n\u0131n Sefaleti, \u00fcniversitenin kurumsal bir cehalet \u00f6rg\u00fct\u00fc haline geldi\u011fi, profes\u00f6rlerin seri \u00fcretiminin ritmine uyumlanan y\u00fcksek k\u00fclt\u00fcr\u00fcn \u00e7\u00f6z\u00fcl\u00fcp da\u011f\u0131ld\u0131\u011f\u0131, akademik uzmanl\u0131k kisvesi alt\u0131nda b\u00fct\u00fcnsel bak\u0131\u015f\u0131n \u00f6n\u00fcne set \u00e7ekildi\u011fi g\u00fcn\u00fcm\u00fczde de g\u00fcncelli\u011fini koruyor.Ferda Keskin&#8217;in \u00f6ns\u00f6z\u00fcyle&#8230;<\/p>\n","protected":false},"excerpt":{"rendered":"<p>B\u00fct\u00fcn d\u00fcnyay\u0131 kas\u0131p kavuracak &#8217;68 olaylar\u0131 \u00f6ncesinde Strasbourg \u00dcniversitesi&#8217;nde da\u011f\u0131t\u0131lan ve bir do\u011frudan demokrasi \u00e7a\u011fr\u0131s\u0131 niteli\u011fi ta\u015f\u0131yan \u00d6\u011frenci Hayat\u0131n\u0131n Sefaleti manifestosu say\u0131s\u0131z korsan bask\u0131yla k\u0131sa s\u00fcre<span class=\"excerpt-hellip\"> [\u2026]<\/span><\/p>\n","protected":false},"featured_media":0,"template":"","meta":{"_monsterinsights_skip_tracking":false,"_monsterinsights_sitenote_active":false,"_monsterinsights_sitenote_note":"","_monsterinsights_sitenote_category":0},"product_brand":[],"product_cat":[13059,12337],"product_tag":[],"class_list":{"0":"post-734585","1":"product","2":"type-product","3":"status-publish","5":"product_cat-diger-politika-siyaset","6":"product_cat-politika-siyaset","7":"pa_cilt-ciltsiz","8":"pa_tur-kitap","9":"pa_yayinevi-sel-yayincilik","10":"pa_yazar-sel-yayincilik-kolektif","12":"first","13":"instock","14":"sale","15":"shipping-taxable","16":"purchasable","17":"product-type-simple"},"_links":{"self":[{"href":"https:\/\/roveyayinevi.com.tr\/index.php\/wp-json\/wp\/v2\/product\/734585","targetHints":{"allow":["GET"]}}],"collection":[{"href":"https:\/\/roveyayinevi.com.tr\/index.php\/wp-json\/wp\/v2\/product"}],"about":[{"href":"https:\/\/roveyayinevi.com.tr\/index.php\/wp-json\/wp\/v2\/types\/product"}],"wp:attachment":[{"href":"https:\/\/roveyayinevi.com.tr\/index.php\/wp-json\/wp\/v2\/media?parent=734585"}],"wp:term":[{"taxonomy":"product_brand","embeddable":true,"href":"https:\/\/roveyayinevi.com.tr\/index.php\/wp-json\/wp\/v2\/product_brand?post=734585"},{"taxonomy":"product_cat","embeddable":true,"href":"https:\/\/roveyayinevi.com.tr\/index.php\/wp-json\/wp\/v2\/product_cat?post=734585"},{"taxonomy":"product_tag","embeddable":true,"href":"https:\/\/roveyayinevi.com.tr\/index.php\/wp-json\/wp\/v2\/product_tag?post=734585"}],"curies":[{"name":"wp","href":"https:\/\/api.w.org\/{rel}","templated":true}]}}