{"id":734584,"date":"2025-08-27T22:31:00","date_gmt":"2025-08-27T19:31:00","guid":{"rendered":"https:\/\/roveyayinevi.com.tr\/index.php\/urun\/biyografiniz-nasil-biyolojiniz-haline-gelir\/"},"modified":"2026-04-16T02:42:12","modified_gmt":"2026-04-15T23:42:12","slug":"biyografiniz-nasil-biyolojiniz-haline-gelir","status":"publish","type":"product","link":"https:\/\/roveyayinevi.com.tr\/index.php\/urun\/biyografiniz-nasil-biyolojiniz-haline-gelir\/","title":{"rendered":"Biyografiniz Nas\u0131l Biyolojiniz Haline Gelir?"},"content":{"rendered":"<p>\u00c7ocukluk d\u00f6nemi deneyimleri, siz onlar\u0131 bilin\u00e7li olarak hat\u0131rlamasan\u0131z bile hayat\u0131n\u0131z\u0131n di\u011fer d\u00f6nemlerine nas\u0131l damgas\u0131n\u0131 vuruyor?Aynaya bakt\u0131\u011f\u0131n\u0131zda g\u00f6rd\u00fc\u011f\u00fcn\u00fcz yeti\u015fkin bir zamanlar \u00e7ocuktu; o \u00e7ocu\u011fun hik\u00e2yesine kulak verin; \u00e7\u00fcnk\u00fc \u00e7ocukluk deneyimleri yeti\u015fkinli\u011fi \u015fekillendiriyor.\u00c7ocukken kar\u015f\u0131la\u015ft\u0131\u011f\u0131n\u0131z stres fakt\u00f6rleri, kay\u0131plar ve olumsuzluklar, biyolojinizi \u015fekillendiriyor, yeti\u015fkinlikteki sa\u011fl\u0131\u011f\u0131n\u0131z\u0131 ve ili\u015fkilerinizi belirliyor.Neden \u00fc\u00e7 kez evlendi\u011finizi veya hi\u00e7 evlenmedi\u011finizi, neden sigaray\u0131 b\u0131rakamad\u0131\u011f\u0131n\u0131z\u0131, neden fazlaca i\u00e7ti\u011finizi, neden doktorlar\u0131n size yard\u0131mc\u0131 olamad\u0131\u011f\u0131 bir\u00e7ok fiziksel sorununuz oldu\u011funu ya da \u201cba\u015far\u0131l\u0131\u201d olman\u0131za ra\u011fmen neden ne\u015feli ve mutlu hissetmedi\u011finizi anlamak ve nas\u0131l iyile\u015fece\u011finizi bilmek istiyorsan\u0131z bu kitap sizin i\u00e7in.Yeti\u015fkin ya\u015fam\u0131n\u0131zda bo\u011fu\u015ftu\u011funuz sorunlar\u0131n bir\u00e7o\u011funun k\u00f6klerinin \u00e7ocuklu\u011funuzda ya\u015fad\u0131\u011f\u0131n\u0131z olumsuzluklarda bulundu\u011funu g\u00f6receksiniz.Bu kitap, olumsuz \u00e7ocukluk deneyimlerinin ard\u0131ndan ac\u0131 \u00e7eken herkes i\u00e7in bir umut ve ilham kayna\u011f\u0131d\u0131r.Aynaya tekrar bak\u0131n ve bir zamanlar oldu\u011funuz o \u00e7ocu\u011fa onu iyile\u015ftirmek i\u00e7in bir yolculu\u011fa \u00e7\u0131kaca\u011f\u0131n\u0131za s\u00f6z verin.<\/p>\n","protected":false},"excerpt":{"rendered":"<p>\u00c7ocukluk d\u00f6nemi deneyimleri, siz onlar\u0131 bilin\u00e7li olarak hat\u0131rlamasan\u0131z bile hayat\u0131n\u0131z\u0131n di\u011fer d\u00f6nemlerine nas\u0131l damgas\u0131n\u0131 vuruyor?Aynaya bakt\u0131\u011f\u0131n\u0131zda g\u00f6rd\u00fc\u011f\u00fcn\u00fcz yeti\u015fkin bir zamanlar \u00e7ocuktu; o \u00e7ocu\u011fun hik\u00e2yesine kulak verin;<span class=\"excerpt-hellip\"> [\u2026]<\/span><\/p>\n","protected":false},"featured_media":0,"template":"","meta":{"_monsterinsights_skip_tracking":false,"_monsterinsights_sitenote_active":false,"_monsterinsights_sitenote_note":"","_monsterinsights_sitenote_category":0},"product_brand":[],"product_cat":[24520,13365],"product_tag":[],"class_list":{"0":"post-734584","1":"product","2":"type-product","3":"status-publish","5":"product_cat-aile-sagligi","6":"product_cat-saglik","7":"pa_cilt-ciltsiz","8":"pa_tur-kitap","9":"pa_yayinevi-kuraldisi-yayinevi","10":"pa_yazar-donna-jackson-nakazawa","12":"first","13":"instock","14":"sale","15":"shipping-taxable","16":"purchasable","17":"product-type-simple"},"_links":{"self":[{"href":"https:\/\/roveyayinevi.com.tr\/index.php\/wp-json\/wp\/v2\/product\/734584","targetHints":{"allow":["GET"]}}],"collection":[{"href":"https:\/\/roveyayinevi.com.tr\/index.php\/wp-json\/wp\/v2\/product"}],"about":[{"href":"https:\/\/roveyayinevi.com.tr\/index.php\/wp-json\/wp\/v2\/types\/product"}],"wp:attachment":[{"href":"https:\/\/roveyayinevi.com.tr\/index.php\/wp-json\/wp\/v2\/media?parent=734584"}],"wp:term":[{"taxonomy":"product_brand","embeddable":true,"href":"https:\/\/roveyayinevi.com.tr\/index.php\/wp-json\/wp\/v2\/product_brand?post=734584"},{"taxonomy":"product_cat","embeddable":true,"href":"https:\/\/roveyayinevi.com.tr\/index.php\/wp-json\/wp\/v2\/product_cat?post=734584"},{"taxonomy":"product_tag","embeddable":true,"href":"https:\/\/roveyayinevi.com.tr\/index.php\/wp-json\/wp\/v2\/product_tag?post=734584"}],"curies":[{"name":"wp","href":"https:\/\/api.w.org\/{rel}","templated":true}]}}