{"id":734580,"date":"2025-08-27T22:30:56","date_gmt":"2025-08-27T19:30:56","guid":{"rendered":"https:\/\/roveyayinevi.com.tr\/index.php\/urun\/birce-ve-akca-guvercin\/"},"modified":"2026-04-16T02:42:12","modified_gmt":"2026-04-15T23:42:12","slug":"birce-ve-akca-guvercin","status":"publish","type":"product","link":"https:\/\/roveyayinevi.com.tr\/index.php\/urun\/birce-ve-akca-guvercin\/","title":{"rendered":"Birce ve Ak\u00e7a G\u00fcvercin"},"content":{"rendered":"<p>Birce\u2019nin penceresine gelen bir g\u00fcvercinle tan\u0131\u015fmas\u0131n\u0131 ve arkada\u015f olmas\u0131n\u0131 anlatan bu g\u00fczel \u00f6yk\u00fcy\u00fc okurken siz de heyecan duyacak ve d\u00fcnyam\u0131z\u0131 b\u00f6l\u00fc\u015ft\u00fc\u011f\u00fcm\u00fcz pek \u00e7ok hayvan dostumuzu d\u00fc\u015f\u00fcneceksiniz. ***Do\u011fru ve g\u00fczel kitaplar dostumuzdur. \u00d6zellikle erken ya\u015ftaki \u00e7ocuklar\u0131m\u0131z\u0131n \u00e7evresini, ailesini ve d\u00fcnyay\u0131 tan\u0131mas\u0131 ilk \u00f6nce kitaplarla ba\u015flar. Onlar\u0131n, d\u00fcnyay\u0131, oradaki canl\u0131lar\u0131 tan\u0131mas\u0131 ve sevmesi yeti\u015fme s\u00fcre\u00e7lerinde \u00f6nemli rol oynayacakt\u0131r. Sa\u011fl\u0131kl\u0131 \u00e7ocuklar ailelerinin sevgisiyle ve sa\u011fl\u0131kl\u0131 kitaplar\u0131n etkisiyle b\u00fcy\u00fcr\u2026 Bizler, Alpaka Yay\u0131nlar\u0131 ekibi olarak \u00e7ocuk d\u00fcnyas\u0131n\u0131 ve geli\u015fimini destekleyen \u00f6yk\u00fclerle \u00e7ocuklar\u0131m\u0131z\u0131n hem g\u00fcn\u00fcn\u00fc hem de gelece\u011fini geli\u015ftirmeyi hedeflemekteyiz. Birce serisini bu bilin\u00e7le ve sevgiyle sizlere sunuyoruz\u2026 \u201cHer \u00f6\u011frenme bir hazine, her \u00e7ocuk bir d\u00fcnyad\u0131r\u2026\u201d <\/p>\n","protected":false},"excerpt":{"rendered":"<p>Birce\u2019nin penceresine gelen bir g\u00fcvercinle tan\u0131\u015fmas\u0131n\u0131 ve arkada\u015f olmas\u0131n\u0131 anlatan bu g\u00fczel \u00f6yk\u00fcy\u00fc okurken siz de heyecan duyacak ve d\u00fcnyam\u0131z\u0131 b\u00f6l\u00fc\u015ft\u00fc\u011f\u00fcm\u00fcz pek \u00e7ok hayvan dostumuzu d\u00fc\u015f\u00fcneceksiniz.<span class=\"excerpt-hellip\"> [\u2026]<\/span><\/p>\n","protected":false},"featured_media":0,"template":"","meta":{"_monsterinsights_skip_tracking":false,"_monsterinsights_sitenote_active":false,"_monsterinsights_sitenote_note":"","_monsterinsights_sitenote_category":0},"product_brand":[],"product_cat":[12274,12518],"product_tag":[],"class_list":{"0":"post-734580","1":"product","2":"type-product","3":"status-publish","5":"product_cat-cocuk-ve-genclik-kitaplari","6":"product_cat-okul-oncesi-kitaplar","7":"pa_cilt-ciltsiz","8":"pa_tur-kitap","9":"pa_yayinevi-alpaka-yayinlari","10":"pa_yazar-havva-tekin","12":"first","13":"instock","14":"sale","15":"shipping-taxable","16":"purchasable","17":"product-type-simple"},"_links":{"self":[{"href":"https:\/\/roveyayinevi.com.tr\/index.php\/wp-json\/wp\/v2\/product\/734580","targetHints":{"allow":["GET"]}}],"collection":[{"href":"https:\/\/roveyayinevi.com.tr\/index.php\/wp-json\/wp\/v2\/product"}],"about":[{"href":"https:\/\/roveyayinevi.com.tr\/index.php\/wp-json\/wp\/v2\/types\/product"}],"wp:attachment":[{"href":"https:\/\/roveyayinevi.com.tr\/index.php\/wp-json\/wp\/v2\/media?parent=734580"}],"wp:term":[{"taxonomy":"product_brand","embeddable":true,"href":"https:\/\/roveyayinevi.com.tr\/index.php\/wp-json\/wp\/v2\/product_brand?post=734580"},{"taxonomy":"product_cat","embeddable":true,"href":"https:\/\/roveyayinevi.com.tr\/index.php\/wp-json\/wp\/v2\/product_cat?post=734580"},{"taxonomy":"product_tag","embeddable":true,"href":"https:\/\/roveyayinevi.com.tr\/index.php\/wp-json\/wp\/v2\/product_tag?post=734580"}],"curies":[{"name":"wp","href":"https:\/\/api.w.org\/{rel}","templated":true}]}}