{"id":734579,"date":"2025-08-27T22:30:54","date_gmt":"2025-08-27T19:30:54","guid":{"rendered":"https:\/\/roveyayinevi.com.tr\/index.php\/urun\/korku-12\/"},"modified":"2026-04-16T02:42:12","modified_gmt":"2026-04-15T23:42:12","slug":"korku-12","status":"publish","type":"product","link":"https:\/\/roveyayinevi.com.tr\/index.php\/urun\/korku-12\/","title":{"rendered":"Korku"},"content":{"rendered":"<p>Her cesaret g\u00f6sterisinde, duymak isteyenler i\u00e7in derinlerden tiz bir feryat y\u00fckselir: Korkuyorum, korkuyoruz!Yirmi ya\u015f\u0131ndaki Jean Dartemont, cephede sava\u015fmak \u00fczere orduya kat\u0131lmaya karar vermi\u015ftir, zira kimsenin dilinden d\u00fc\u015f\u00fcrmedi\u011fi bu &#8220;maceradan&#8221; uzak kalmak istememektedir. Ger\u00e7e\u011fe g\u00f6zlerini kapatan, belki de ba\u015fka \u00e7aresi olmayan; tamtamlar\u0131n sa\u011f\u0131r edici g\u00fcr\u00fclt\u00fcs\u00fcnde s\u00fcsl\u00fc s\u00f6zlerin ink\u00e2rc\u0131l\u0131\u011f\u0131na sar\u0131lan toplum i\u00e7in bir t\u00fcr macerad\u0131r bu; ad\u0131n\u0131 ise a\u011f\u0131r masalar\u0131n ard\u0131nda oturan beyler koyar. Oysa hakikat t\u00fcm deh\u015fetiyle ortadad\u0131r: &#8220;T\u00fcm sava\u015flar\u0131n sonunu getirecek o sava\u015f&#8221;, amans\u0131z bir k\u0131y\u0131m, hi\u00e7 bitmeyecek gibi g\u00f6r\u00fcnen bir \u00e7iledir. Cephe gitgide geni\u015fleyen bir mezarl\u0131k halini al\u0131r, halk ve devlet b\u00fcy\u00fckleri kahramanlar\u0131yla \u00f6v\u00fcn\u00fcp dururken Jean, kendisinden beklenenden farkl\u0131 bir c\u00fcretk\u00e2rl\u0131k g\u00f6sterir ve yasaklanm\u0131\u015f o duyguyu dile getiren neredeyse tek ki\u015fi olur: Korkuyorum, korkuyoruz!Gabriel Chevallier&#8217;nin sava\u015f\u0131n y\u0131k\u0131c\u0131 i\u00e7y\u00fcz\u00fcn\u00fc anlatan antimilitarist roman\u0131 Korku, John Berger&#8217;\u0131n \u00f6ns\u00f6z\u00fcnde belirtti\u011fi gibi: &#8220;Bu bir kitap ama sayfas\u0131z. Neden olu\u015fuyor peki? Bir sesler korosu; \u00f6fkenin, ac\u0131man\u0131n ve ertelenmi\u015f umutlar\u0131n insan\u0131n \u00fczerine \u00e7\u0131\u011f gibi d\u00fc\u015fen bir korosu.&#8221;<\/p>\n","protected":false},"excerpt":{"rendered":"<p>Her cesaret g\u00f6sterisinde, duymak isteyenler i\u00e7in derinlerden tiz bir feryat y\u00fckselir: Korkuyorum, korkuyoruz!Yirmi ya\u015f\u0131ndaki Jean Dartemont, cephede sava\u015fmak \u00fczere orduya kat\u0131lmaya karar vermi\u015ftir, zira kimsenin dilinden<span class=\"excerpt-hellip\"> [\u2026]<\/span><\/p>\n","protected":false},"featured_media":0,"template":"","meta":{"_monsterinsights_skip_tracking":false,"_monsterinsights_sitenote_active":false,"_monsterinsights_sitenote_note":"","_monsterinsights_sitenote_category":0},"product_brand":[],"product_cat":[12291,12711],"product_tag":[],"class_list":{"0":"post-734579","1":"product","2":"type-product","3":"status-publish","5":"product_cat-edebiyat","6":"product_cat-roman-oyku","7":"pa_cilt-ciltsiz","8":"pa_tur-kitap","9":"pa_yayinevi-sel-yayincilik","10":"pa_yazar-gabriel-chevallier","12":"first","13":"instock","14":"sale","15":"shipping-taxable","16":"purchasable","17":"product-type-simple"},"_links":{"self":[{"href":"https:\/\/roveyayinevi.com.tr\/index.php\/wp-json\/wp\/v2\/product\/734579","targetHints":{"allow":["GET"]}}],"collection":[{"href":"https:\/\/roveyayinevi.com.tr\/index.php\/wp-json\/wp\/v2\/product"}],"about":[{"href":"https:\/\/roveyayinevi.com.tr\/index.php\/wp-json\/wp\/v2\/types\/product"}],"wp:attachment":[{"href":"https:\/\/roveyayinevi.com.tr\/index.php\/wp-json\/wp\/v2\/media?parent=734579"}],"wp:term":[{"taxonomy":"product_brand","embeddable":true,"href":"https:\/\/roveyayinevi.com.tr\/index.php\/wp-json\/wp\/v2\/product_brand?post=734579"},{"taxonomy":"product_cat","embeddable":true,"href":"https:\/\/roveyayinevi.com.tr\/index.php\/wp-json\/wp\/v2\/product_cat?post=734579"},{"taxonomy":"product_tag","embeddable":true,"href":"https:\/\/roveyayinevi.com.tr\/index.php\/wp-json\/wp\/v2\/product_tag?post=734579"}],"curies":[{"name":"wp","href":"https:\/\/api.w.org\/{rel}","templated":true}]}}