{"id":734578,"date":"2025-08-27T22:30:54","date_gmt":"2025-08-27T19:30:54","guid":{"rendered":"https:\/\/roveyayinevi.com.tr\/index.php\/urun\/hukuk-sosyolojisi-4\/"},"modified":"2026-04-16T02:42:12","modified_gmt":"2026-04-15T23:42:12","slug":"hukuk-sosyolojisi-4","status":"publish","type":"product","link":"https:\/\/roveyayinevi.com.tr\/index.php\/urun\/hukuk-sosyolojisi-4\/","title":{"rendered":"Hukuk Sosyolojisi"},"content":{"rendered":"<p>\u201c\u015e\u00fcphesiz, daima geride kalan bir hukuk tekni\u011fi ile hukukun belli bir \u015fekilde devingen mevcudiyeti aras\u0131nda \u00e7at\u0131\u015fma ya\u015fanmas\u0131, ilk defa bizim devrimizde meydana gelmi\u015f bir \u015fey de\u011fildir. Fakat daha \u00f6nceki devirlerde -\u00f6rne\u011fin on yedinci ve on sekizinci y\u00fczy\u0131llarda- bu gibi \u00e7at\u0131\u015fmalar\u0131 yat\u0131\u015ft\u0131rmak ve hukuk tekni\u011fini hukuk ger\u00e7ekli\u011fine uydurmak \u00fczere do\u011fal hukuka ba\u015fvuruluyordu. Oysa salt ak\u0131ldan \u00e7\u0131kar\u0131ld\u0131\u011f\u0131 iddia olunan bu do\u011fal hukuk, ger\u00e7ekte soyut form\u00fcller i\u00e7ine hapsedilmi\u015f olan hukuka kar\u015f\u0131 isyan h\u00e2lindeki ya\u015fayan hukuktan ba\u015fka bir \u015fey de\u011fildi. G\u00fcn\u00fcm\u00fczde, hukuk ger\u00e7ekli\u011finin bu muazzam karma\u015f\u0131kl\u0131\u011f\u0131 kar\u015f\u0131s\u0131nda, ayn\u0131 \u015fekilde akl\u0131n istikrar\u0131n\u0131, tekli\u011fini veya somut i\u00e7erikler yaratma yetene\u011fini kabul etmeyen bir felsefi atmosfer ve nihayet sosyolojik bilginin bug\u00fcnk\u00fc geli\u015fimi kar\u015f\u0131s\u0131nda baz\u0131 hukuk\u00e7ular\u0131n h\u00e2l\u00e2 ba\u015fvurduklar\u0131 bu \u2018do\u011fal hukuk\u2019 icad\u0131, problemi \u00e7\u00f6zmek i\u00e7in yeterli olamaz. Bug\u00fcnk\u00fc \u015fartlar alt\u0131nda, hukuk\u00e7ulara, hukukbilimin sorunlar\u0131na y\u00f6nelik tatmin edici bir \u00e7\u00f6z\u00fcm\u00fc yaln\u0131zca hukuk sosyolojisi sunabilmektedir.\u201d Hukuk Sosyolojisi disiplininin K\u0131ta Avrupa\u2019s\u0131ndaki kurucular\u0131ndan Georges Gurvitch, bu disiplinin en \u00f6nemli kitaplar\u0131ndan biriyle T\u00fcrk\u00e7ede\u2026 Her paragraf\u0131 hem ders niteli\u011finde hem de okuru tart\u0131\u015fmaya davet ediyor.<\/p>\n","protected":false},"excerpt":{"rendered":"<p>\u201c\u015e\u00fcphesiz, daima geride kalan bir hukuk tekni\u011fi ile hukukun belli bir \u015fekilde devingen mevcudiyeti aras\u0131nda \u00e7at\u0131\u015fma ya\u015fanmas\u0131, ilk defa bizim devrimizde meydana gelmi\u015f bir \u015fey de\u011fildir.<span class=\"excerpt-hellip\"> [\u2026]<\/span><\/p>\n","protected":false},"featured_media":0,"template":"","meta":{"_monsterinsights_skip_tracking":false,"_monsterinsights_sitenote_active":false,"_monsterinsights_sitenote_note":"","_monsterinsights_sitenote_category":0},"product_brand":[],"product_cat":[15350,17602],"product_tag":[],"class_list":{"0":"post-734578","1":"product","2":"type-product","3":"status-publish","5":"product_cat-hukuk","6":"product_cat-hukuk-uzerine","7":"pa_cilt-ciltsiz","8":"pa_tur-kitap","9":"pa_yayinevi-pinhan-yayincilik","10":"pa_yazar-georges-gurvitch","12":"first","13":"instock","14":"sale","15":"shipping-taxable","16":"purchasable","17":"product-type-simple"},"_links":{"self":[{"href":"https:\/\/roveyayinevi.com.tr\/index.php\/wp-json\/wp\/v2\/product\/734578","targetHints":{"allow":["GET"]}}],"collection":[{"href":"https:\/\/roveyayinevi.com.tr\/index.php\/wp-json\/wp\/v2\/product"}],"about":[{"href":"https:\/\/roveyayinevi.com.tr\/index.php\/wp-json\/wp\/v2\/types\/product"}],"wp:attachment":[{"href":"https:\/\/roveyayinevi.com.tr\/index.php\/wp-json\/wp\/v2\/media?parent=734578"}],"wp:term":[{"taxonomy":"product_brand","embeddable":true,"href":"https:\/\/roveyayinevi.com.tr\/index.php\/wp-json\/wp\/v2\/product_brand?post=734578"},{"taxonomy":"product_cat","embeddable":true,"href":"https:\/\/roveyayinevi.com.tr\/index.php\/wp-json\/wp\/v2\/product_cat?post=734578"},{"taxonomy":"product_tag","embeddable":true,"href":"https:\/\/roveyayinevi.com.tr\/index.php\/wp-json\/wp\/v2\/product_tag?post=734578"}],"curies":[{"name":"wp","href":"https:\/\/api.w.org\/{rel}","templated":true}]}}