{"id":734577,"date":"2025-08-27T22:30:52","date_gmt":"2025-08-27T19:30:52","guid":{"rendered":"https:\/\/roveyayinevi.com.tr\/index.php\/urun\/beni-benimle-birak\/"},"modified":"2026-04-13T02:51:37","modified_gmt":"2026-04-12T23:51:37","slug":"beni-benimle-birak","status":"publish","type":"product","link":"https:\/\/roveyayinevi.com.tr\/index.php\/urun\/beni-benimle-birak\/","title":{"rendered":"Beni Benimle B\u0131rak"},"content":{"rendered":"<p>T\u00fcrk pop m\u00fczi\u011fi tarihinde Ermeni m\u00fczisyenlerin ve aranj\u00f6rlerin \u00f6nc\u00fcl\u00fc\u011f\u00fc yads\u0131namaz. Bu isimlerin ba\u015f\u0131nda ku\u015fkusuz Cenk Ta\u015fkan (Majak To\u015fikyan) geliyor. Onno Tun\u00e7, Garo Mafyan gibi isimlerden \u00f6nce piyasaya dahil olan Ta\u015fkan; N\u00fckhet Duru\u2019dan Ajda Pekkan\u2019a, Sezen Aksu\u2019dan, Neco ve H\u00fcmeyra\u2019ya kadar T\u00fcrk pop m\u00fczi\u011fi tarihine damgas\u0131n\u0131 vuran pek \u00e7ok \u00f6nemli starla \u00e7al\u0131\u015ft\u0131. Yetmi\u015fli y\u0131llar\u0131n sonuna do\u011fru N\u00fckhet Duru besteleriyle zirveye ula\u015fan Ta\u015fkan, piyasan\u0131n en \u00e7ok aranan isimlerinden biri oldu. Ard\u0131nda y\u00fczlerce beste b\u0131rakt\u0131. G\u00fcn\u00fcm\u00fczde, eserlerinin pek \u00e7o\u011fu klasikler aras\u0131nda\u2026 Ta\u015fkan, seksenli y\u0131llarda ya\u015fanan askeri darbenin ard\u0131ndan, az\u0131nl\u0131klara y\u00f6nelik bask\u0131lar nedeniyle \u00fclkeden g\u00f6\u00e7 etmek zorunda kald\u0131. D\u00f6nemin \u00f6nde gelen yay\u0131n organlar\u0131 ya\u015fananlar\u0131 g\u00f6rmezden gelerek \u201cCenk Ta\u015fkan Arjantin\u2019e ka\u00e7t\u0131,\u201d man\u015fetleri att\u0131lar. Oysa Ta\u015fkan, gitmek zorunda kalm\u0131\u015ft\u0131\u2026 1998 y\u0131l\u0131nda \u00fclkeye yeniden geri d\u00f6nene de\u011fin Kanada\u2019da ya\u015fad\u0131. T\u00fcrkiye\u2019de b\u00fcy\u00fck bir \u00fcne sahip olan Ta\u015fkan, g\u00f6\u00e7 etti\u011fi Kanada\u2019da b\u00fcy\u00fck \u00e7\u0131kmazlarla kar\u015f\u0131 kar\u015f\u0131ya kald\u0131. S\u0131radan bir adama d\u00f6n\u00fc\u015f\u00fcverdi. Ge\u00e7mi\u015fe ait an\u0131lar\u0131n\u0131, \u015fark\u0131lar\u0131n\u0131 hat\u0131rlamamak ad\u0131na yakla\u015f\u0131k yirmi y\u0131l boyunca kendisini bir odaya hapsetti. Ne tam anlam\u0131yla Cenk Ta\u015fkan olabildi ne de Majak To\u015fikyan\u2026 \u0130ki kimlik aras\u0131nda y\u0131llara yay\u0131lan b\u00fcy\u00fck bir sava\u015f verdi. Majak To\u015fikyan olarak yapt\u0131\u011f\u0131 bir besteyle Sovyet Ermenistan\u2019da \u00fcnlendi. Fakat hayatta olmad\u0131\u011f\u0131 san\u0131ld\u0131\u011f\u0131 i\u00e7in bu ger\u00e7e\u011fi ancak y\u0131llar y\u0131llar sonra \u00f6\u011frenebildi\u2026 Kitab\u0131m\u0131za, N\u00fckhet Duru\u2019nun \u00f6l\u00fcms\u00fcz yorumuyla haf\u0131zalara kaz\u0131nan \u201cBeni Benimle B\u0131rak\u201d ad\u0131n\u0131 verdik. Unutulmayan eserin bestecisi Ta\u015fkan\u2019\u0131n kendisidir. Bu kitapta, Cenk Ta\u015fkan\u2019\u0131n ya\u015fam\u0131ndan yola \u00e7\u0131karak T\u00fcrk pop m\u00fczi\u011fi tarihinde Ermeni bestek\u00e2rlar ve aranj\u00f6rlere odaklanaca\u011f\u0131z. Kitab\u0131m\u0131zda okuyucu daha pek \u00e7ok s\u00fcrpriz bekliyor olacak. <\/p>\n","protected":false},"excerpt":{"rendered":"<p>T\u00fcrk pop m\u00fczi\u011fi tarihinde Ermeni m\u00fczisyenlerin ve aranj\u00f6rlerin \u00f6nc\u00fcl\u00fc\u011f\u00fc yads\u0131namaz. Bu isimlerin ba\u015f\u0131nda ku\u015fkusuz Cenk Ta\u015fkan (Majak To\u015fikyan) geliyor. Onno Tun\u00e7, Garo Mafyan gibi isimlerden \u00f6nce<span class=\"excerpt-hellip\"> [\u2026]<\/span><\/p>\n","protected":false},"featured_media":0,"template":"","meta":{"_monsterinsights_skip_tracking":false,"_monsterinsights_sitenote_active":false,"_monsterinsights_sitenote_note":"","_monsterinsights_sitenote_category":0},"product_brand":[],"product_cat":[14009,12291],"product_tag":[],"class_list":{"0":"post-734577","1":"product","2":"type-product","3":"status-publish","5":"product_cat-biyografi-otobiyografi-edebiyat","6":"product_cat-edebiyat","7":"pa_cilt-ciltsiz","8":"pa_tur-kitap","9":"pa_yayinevi-kuzey-isigi-yayinlari","10":"pa_yazar-vercihan-ziflioglu","12":"first","13":"instock","14":"sale","15":"shipping-taxable","16":"purchasable","17":"product-type-simple"},"_links":{"self":[{"href":"https:\/\/roveyayinevi.com.tr\/index.php\/wp-json\/wp\/v2\/product\/734577","targetHints":{"allow":["GET"]}}],"collection":[{"href":"https:\/\/roveyayinevi.com.tr\/index.php\/wp-json\/wp\/v2\/product"}],"about":[{"href":"https:\/\/roveyayinevi.com.tr\/index.php\/wp-json\/wp\/v2\/types\/product"}],"wp:attachment":[{"href":"https:\/\/roveyayinevi.com.tr\/index.php\/wp-json\/wp\/v2\/media?parent=734577"}],"wp:term":[{"taxonomy":"product_brand","embeddable":true,"href":"https:\/\/roveyayinevi.com.tr\/index.php\/wp-json\/wp\/v2\/product_brand?post=734577"},{"taxonomy":"product_cat","embeddable":true,"href":"https:\/\/roveyayinevi.com.tr\/index.php\/wp-json\/wp\/v2\/product_cat?post=734577"},{"taxonomy":"product_tag","embeddable":true,"href":"https:\/\/roveyayinevi.com.tr\/index.php\/wp-json\/wp\/v2\/product_tag?post=734577"}],"curies":[{"name":"wp","href":"https:\/\/api.w.org\/{rel}","templated":true}]}}