{"id":734573,"date":"2025-08-27T22:30:49","date_gmt":"2025-08-27T19:30:49","guid":{"rendered":"https:\/\/roveyayinevi.com.tr\/index.php\/urun\/subayi-oldurmek\/"},"modified":"2025-11-21T07:16:45","modified_gmt":"2025-11-21T04:16:45","slug":"subayi-oldurmek","status":"publish","type":"product","link":"https:\/\/roveyayinevi.com.tr\/index.php\/urun\/subayi-oldurmek\/","title":{"rendered":"Subay\u0131 \u00d6ld\u00fcrmek"},"content":{"rendered":"<p>\u201cUlu \u00d6nder Gazi Mustafa Kemal Atat\u00fcrk, 31 Temmuz 1920\u2019de, Afyon\u2019da, subaylara hitaben \u015f\u00f6yle buyuruyor: \u2018\u015eahsi ve \u00f6zel hayatlar\u0131 itibariyle de subaylar fedak\u00e2rlar s\u0131n\u0131f\u0131n\u0131n en \u00f6n\u00fcnde bulunmak mecburiyetindedirler. \u00c7\u00fcnk\u00fc d\u00fc\u015fmanlar\u0131m\u0131z herkesten evvel onlar\u0131 \u00f6ld\u00fcr\u00fcrler. Onlar\u0131 a\u015fa\u011f\u0131lar ve hor g\u00f6r\u00fcrler. Hayat\u0131nda bir an olsa bile subayl\u0131k yapm\u0131\u015f, subayl\u0131k izzeti nefsini, \u015ferefini duymu\u015f, \u00f6l\u00fcm\u00fc k\u00fc\u00e7\u00fcmsemi\u015f bir insan hayatta iken, d\u00fc\u015fman\u0131n\u0131n tasarlad\u0131\u011f\u0131 ve reva g\u00f6rd\u00fc\u011f\u00fc bu muameleye katlanamaz. Onun ya\u015famak i\u00e7in bir \u00e7aresi vard\u0131r; \u015ferefini korumak! H\u00e2lbuki d\u00fc\u015fmanlar\u0131m\u0131z\u0131n da kastetti\u011fi, o \u015ferefi ayaklar alt\u0131na almakt\u0131r. Dolay\u0131s\u0131yla subay i\u00e7in ya istiklal, ya \u00f6l\u00fcm vard\u0131r.\u2019\u2026\u201d \u00dclkemiz son on y\u0131lda, d\u00e2hili ve harici bedhahlarca \u201cSubaylar\u0131n \u00d6ld\u00fcr\u00fclmesi\u201dne y\u00f6nelik yo\u011fun bir sald\u0131r\u0131 alt\u0131nda kald\u0131 ve kalmaya da devam ediyor. Bu kitap, \u00fclkenin her y\u00f6nden savrulmalar\u0131na kar\u015f\u0131n yanl\u0131\u015f yolda olanlar\u0131 uyarmak maksad\u0131yla kumpas bir dava sonucu TSK\u2019den emekli olmak zorunda kalm\u0131\u015f ve subaylara reva g\u00f6r\u00fclen bu muameleye katlanamayan bir subay taraf\u0131ndan kaleme al\u0131nm\u0131\u015f, de\u011fi\u015fik platformlarda yer alm\u0131\u015f yaz\u0131lardan olu\u015fmaktad\u0131r. \u0130yi okumalar\u2026 <\/p>\n","protected":false},"excerpt":{"rendered":"<p>\u201cUlu \u00d6nder Gazi Mustafa Kemal Atat\u00fcrk, 31 Temmuz 1920\u2019de, Afyon\u2019da, subaylara hitaben \u015f\u00f6yle buyuruyor: \u2018\u015eahsi ve \u00f6zel hayatlar\u0131 itibariyle de subaylar fedak\u00e2rlar s\u0131n\u0131f\u0131n\u0131n en \u00f6n\u00fcnde bulunmak<span class=\"excerpt-hellip\"> [\u2026]<\/span><\/p>\n","protected":false},"featured_media":0,"template":"","meta":{"_monsterinsights_skip_tracking":false,"_monsterinsights_sitenote_active":false,"_monsterinsights_sitenote_note":"","_monsterinsights_sitenote_category":0},"product_brand":[],"product_cat":[12337,14543],"product_tag":[],"class_list":{"0":"post-734573","1":"product","2":"type-product","3":"status-publish","5":"product_cat-politika-siyaset","6":"product_cat-turkiye-siyaseti-ve-politikasi","7":"pa_cilt-ciltsiz","8":"pa_tur-kitap","9":"pa_yayinevi-galeati-yayincilik","10":"pa_yazar-v-murat-tulga","12":"first","13":"instock","14":"sale","15":"shipping-taxable","16":"purchasable","17":"product-type-simple"},"_links":{"self":[{"href":"https:\/\/roveyayinevi.com.tr\/index.php\/wp-json\/wp\/v2\/product\/734573","targetHints":{"allow":["GET"]}}],"collection":[{"href":"https:\/\/roveyayinevi.com.tr\/index.php\/wp-json\/wp\/v2\/product"}],"about":[{"href":"https:\/\/roveyayinevi.com.tr\/index.php\/wp-json\/wp\/v2\/types\/product"}],"wp:attachment":[{"href":"https:\/\/roveyayinevi.com.tr\/index.php\/wp-json\/wp\/v2\/media?parent=734573"}],"wp:term":[{"taxonomy":"product_brand","embeddable":true,"href":"https:\/\/roveyayinevi.com.tr\/index.php\/wp-json\/wp\/v2\/product_brand?post=734573"},{"taxonomy":"product_cat","embeddable":true,"href":"https:\/\/roveyayinevi.com.tr\/index.php\/wp-json\/wp\/v2\/product_cat?post=734573"},{"taxonomy":"product_tag","embeddable":true,"href":"https:\/\/roveyayinevi.com.tr\/index.php\/wp-json\/wp\/v2\/product_tag?post=734573"}],"curies":[{"name":"wp","href":"https:\/\/api.w.org\/{rel}","templated":true}]}}