{"id":734570,"date":"2025-08-27T22:30:46","date_gmt":"2025-08-27T19:30:46","guid":{"rendered":"https:\/\/roveyayinevi.com.tr\/index.php\/urun\/gunes-kalir-bir-basina\/"},"modified":"2026-04-16T02:42:11","modified_gmt":"2026-04-15T23:42:11","slug":"gunes-kalir-bir-basina","status":"publish","type":"product","link":"https:\/\/roveyayinevi.com.tr\/index.php\/urun\/gunes-kalir-bir-basina\/","title":{"rendered":"G\u00fcne\u015f Kal\u0131r Bir Ba\u015f\u0131na"},"content":{"rendered":"<p>gen\u00e7lik bir g\u00f6kkald\u0131ran portakal\u0131 dal\u0131p gidip turuncusuna yollar d\u00fcrerdin a\u015fkla sen bir zaman akdenizden \u0131\u011fd\u0131r ovas\u0131na de\u011fin karl\u0131 da\u011f titreyi\u015fi s\u0131cakta sar\u0131p sarmalard\u0131 kar \u00e7i\u00e7e\u011fi s\u00f6zc\u00fcklerini senin   sevdiklerinin ya\u015fl\u0131l\u0131\u011f\u0131na da erdin g\u00f6kte g\u00fcne\u015f kararm\u0131\u015f portakal \u00f6l\u00fcm m\u00fc o yakla\u015fan san\u0131rs\u0131n dizlerinin dibine yay\u0131lm\u0131\u015f bir duman   as\u0131l b\u00f6yle sevdada kal incitmesin son \u00fcz\u00fcm\u00fcn ezili\u015fi a\u011fz\u0131nda bir soyulmam\u0131\u015f portakal gibi yuvarlan\u0131p dursun aram\u0131zda zaman<\/p>\n","protected":false},"excerpt":{"rendered":"<p>gen\u00e7lik bir g\u00f6kkald\u0131ran portakal\u0131 dal\u0131p gidip turuncusuna yollar d\u00fcrerdin a\u015fkla sen bir zaman akdenizden \u0131\u011fd\u0131r ovas\u0131na de\u011fin karl\u0131 da\u011f titreyi\u015fi s\u0131cakta sar\u0131p sarmalard\u0131 kar \u00e7i\u00e7e\u011fi s\u00f6zc\u00fcklerini<span class=\"excerpt-hellip\"> [\u2026]<\/span><\/p>\n","protected":false},"featured_media":0,"template":"","meta":{"_monsterinsights_skip_tracking":false,"_monsterinsights_sitenote_active":false,"_monsterinsights_sitenote_note":"","_monsterinsights_sitenote_category":0},"product_brand":[],"product_cat":[12291,12509],"product_tag":[],"class_list":{"0":"post-734570","1":"product","2":"type-product","3":"status-publish","5":"product_cat-edebiyat","6":"product_cat-siir","7":"pa_cilt-ciltsiz","8":"pa_tur-kitap","9":"pa_yayinevi-everest-yayinlari","10":"pa_yazar-omer-erdem","12":"first","13":"instock","14":"sale","15":"shipping-taxable","16":"purchasable","17":"product-type-simple"},"_links":{"self":[{"href":"https:\/\/roveyayinevi.com.tr\/index.php\/wp-json\/wp\/v2\/product\/734570","targetHints":{"allow":["GET"]}}],"collection":[{"href":"https:\/\/roveyayinevi.com.tr\/index.php\/wp-json\/wp\/v2\/product"}],"about":[{"href":"https:\/\/roveyayinevi.com.tr\/index.php\/wp-json\/wp\/v2\/types\/product"}],"wp:attachment":[{"href":"https:\/\/roveyayinevi.com.tr\/index.php\/wp-json\/wp\/v2\/media?parent=734570"}],"wp:term":[{"taxonomy":"product_brand","embeddable":true,"href":"https:\/\/roveyayinevi.com.tr\/index.php\/wp-json\/wp\/v2\/product_brand?post=734570"},{"taxonomy":"product_cat","embeddable":true,"href":"https:\/\/roveyayinevi.com.tr\/index.php\/wp-json\/wp\/v2\/product_cat?post=734570"},{"taxonomy":"product_tag","embeddable":true,"href":"https:\/\/roveyayinevi.com.tr\/index.php\/wp-json\/wp\/v2\/product_tag?post=734570"}],"curies":[{"name":"wp","href":"https:\/\/api.w.org\/{rel}","templated":true}]}}